{"id":2691,"date":"2020-08-03T13:49:48","date_gmt":"2020-08-03T13:49:48","guid":{"rendered":"https:\/\/enigma-catering.ch\/?post_type=product&#038;p=2691"},"modified":"2020-09-02T14:21:55","modified_gmt":"2020-09-02T14:21:55","slug":"show-cooking","status":"publish","type":"product","link":"https:\/\/enigma-catering.com\/it\/product\/show-cooking\/","title":{"rendered":"Show Cooking"},"content":{"rendered":"<p>[vc_row pattern_svg_path=&#8221;&#8221;][vc_column]<div class=\"eltdf-section-title-holder    eltdf-st-decor-animation\" style=\"text-align: center\">\n\t<div class=\"eltdf-st-inner\">\n        \t\t            <div class=\"eltdf-st-title-holder\">\n                                    <div class=\"decor\"><svg xmlns=\"http:\/\/www.w3.org\/2000\/svg\" width=\"41.125\" height=\"9.146\">\n                            <path fill=\"none\" stroke=\"#9C7C57\" stroke-miterlimit=\"10\" d=\"M40.881 8.576L20.562.591.244 8.576\"\/>\n                            <path fill=\"none\" stroke=\"#9C7C57\" stroke-miterlimit=\"10\" d=\"M40.881.591L20.562 8.576.243.591\"\/>\n                        <\/svg><\/div>\n                                <h3 class=\"eltdf-st-title\" >\n                    METTITI IN GIOCO                <\/h3>\n                                    <div class=\"decor\"><svg xmlns=\"http:\/\/www.w3.org\/2000\/svg\" width=\"41.125\" height=\"9.146\">\n                            <path fill=\"none\" stroke=\"#9C7C57\" stroke-miterlimit=\"10\" d=\"M40.881 8.576L20.562.591.244 8.576\"\/>\n                            <path fill=\"none\" stroke=\"#9C7C57\" stroke-miterlimit=\"10\" d=\"M40.881.591L20.562 8.576.243.591\"\/>\n                        <\/svg><\/div>\n                            <\/div>\n\t\t\t\t\t\t\t<\/div>\n<\/div>[\/vc_column][\/vc_row][vc_row][vc_column][vc_column_text]Impara a cucinare e degustare ci\u00f2 che prepari con le tue mani.<\/p>\n<p>Lo show cooking \u00e8 uno esperienza unica nella quale lo chef davanti ad un pubblico rivela trucchi, curiosit\u00e0 e aneddoti sulle ricette di tutti i piatti che verranno degustati.<\/p>\n<p>Lo show cooking \u00e8 come andare a teatro, qui per\u00f2 il palco \u00e8 costituito da una cucina e l&#8217;attore principale\u00a0\u00e8 lo chef.[\/vc_column_text][\/vc_column][\/vc_row][vc_row][vc_column width=&#8221;1\/3&#8243;][vc_column_text]<\/p>\n<h3 id=\"cc-m-header-7953792354\" class=\"\">1 mese<\/h3>\n<p>[\/vc_column_text][\/vc_column][vc_column width=&#8221;1\/3&#8243;][vc_column_text]<\/p>\n<h3 id=\"cc-m-header-7953792454\" class=\"\">6 mesi<\/h3>\n<p>[\/vc_column_text][\/vc_column][vc_column width=&#8221;1\/3&#8243;][vc_column_text]<\/p>\n<h3 id=\"cc-m-header-7953794154\" class=\"\">1 anno<\/h3>\n<p>[\/vc_column_text][\/vc_column][\/vc_row]<\/p>\n","protected":false},"excerpt":{"rendered":"<p>Impara a cucinare con me, ti insegner\u00f2 passo passo\u00a0ogni mia conoscenza di tutte le ricette della cucina tradizionale italiana.<\/p>\n<p>Tutte le domeniche dalle 14.00 alle 19.00 decuspena<\/p>\n","protected":false},"featured_media":2683,"template":"","meta":{"spay_email":""},"yoast_head":"<!-- This site is optimized with the Yoast SEO plugin v14.9 - https:\/\/yoast.com\/wordpress\/plugins\/seo\/ -->\n<title>Show Cooking - Enigma Catering<\/title>\n<meta name=\"robots\" content=\"index, follow, max-snippet:-1, max-image-preview:large, max-video-preview:-1\" \/>\n<link rel=\"canonical\" href=\"https:\/\/enigma-catering.com\/product\/show-cooking\/\" \/>\n<meta property=\"og:locale\" content=\"it_IT\" \/>\n<meta property=\"og:type\" content=\"article\" \/>\n<meta property=\"og:title\" content=\"Show Cooking - Enigma Catering\" \/>\n<meta property=\"og:url\" content=\"https:\/\/enigma-catering.com\/product\/show-cooking\/\" \/>\n<meta property=\"og:site_name\" content=\"Enigma Catering\" \/>\n<meta property=\"article:modified_time\" content=\"2020-09-02T14:21:55+00:00\" \/>\n<meta property=\"og:image\" content=\"https:\/\/enigma-catering.com\/wp-content\/uploads\/2020\/08\/image4-1.jpg\" \/>\n\t<meta property=\"og:image:width\" content=\"460\" \/>\n\t<meta property=\"og:image:height\" content=\"307\" \/>\n<meta name=\"twitter:card\" content=\"summary_large_image\" \/>\n<script type=\"application\/ld+json\" class=\"yoast-schema-graph\">{\"@context\":\"https:\/\/schema.org\",\"@graph\":[{\"@type\":\"Organization\",\"@id\":\"https:\/\/enigma-catering.com\/it\/#organization\",\"name\":\"Enigma Catering\",\"url\":\"https:\/\/enigma-catering.com\/it\/\",\"sameAs\":[],\"logo\":{\"@type\":\"ImageObject\",\"@id\":\"https:\/\/enigma-catering.com\/it\/#logo\",\"inLanguage\":\"it-IT\",\"url\":\"https:\/\/enigma-catering.com\/wp-content\/uploads\/2020\/09\/logo.png\",\"width\":442,\"height\":311,\"caption\":\"Enigma Catering\"},\"image\":{\"@id\":\"https:\/\/enigma-catering.com\/it\/#logo\"}},{\"@type\":\"WebSite\",\"@id\":\"https:\/\/enigma-catering.com\/it\/#website\",\"url\":\"https:\/\/enigma-catering.com\/it\/\",\"name\":\"Enigma Catering\",\"description\":\"Daniele Verardi Catering Service\",\"publisher\":{\"@id\":\"https:\/\/enigma-catering.com\/it\/#organization\"},\"potentialAction\":[{\"@type\":\"SearchAction\",\"target\":\"https:\/\/enigma-catering.com\/it\/?s={search_term_string}\",\"query-input\":\"required name=search_term_string\"}],\"inLanguage\":\"it-IT\"},{\"@type\":\"ImageObject\",\"@id\":\"https:\/\/enigma-catering.com\/product\/show-cooking\/#primaryimage\",\"inLanguage\":\"it-IT\",\"url\":\"https:\/\/enigma-catering.com\/wp-content\/uploads\/2020\/08\/image4-1.jpg\",\"width\":460,\"height\":307},{\"@type\":\"WebPage\",\"@id\":\"https:\/\/enigma-catering.com\/product\/show-cooking\/#webpage\",\"url\":\"https:\/\/enigma-catering.com\/product\/show-cooking\/\",\"name\":\"Show Cooking - Enigma Catering\",\"isPartOf\":{\"@id\":\"https:\/\/enigma-catering.com\/it\/#website\"},\"primaryImageOfPage\":{\"@id\":\"https:\/\/enigma-catering.com\/product\/show-cooking\/#primaryimage\"},\"datePublished\":\"2020-08-03T13:49:48+00:00\",\"dateModified\":\"2020-09-02T14:21:55+00:00\",\"inLanguage\":\"it-IT\",\"potentialAction\":[{\"@type\":\"ReadAction\",\"target\":[\"https:\/\/enigma-catering.com\/product\/show-cooking\/\"]}]}]}<\/script>\n<!-- \/ Yoast SEO plugin. -->","_links":{"self":[{"href":"https:\/\/enigma-catering.com\/it\/wp-json\/wp\/v2\/product\/2691"}],"collection":[{"href":"https:\/\/enigma-catering.com\/it\/wp-json\/wp\/v2\/product"}],"about":[{"href":"https:\/\/enigma-catering.com\/it\/wp-json\/wp\/v2\/types\/product"}],"wp:featuredmedia":[{"embeddable":true,"href":"https:\/\/enigma-catering.com\/it\/wp-json\/wp\/v2\/media\/2683"}],"wp:attachment":[{"href":"https:\/\/enigma-catering.com\/it\/wp-json\/wp\/v2\/media?parent=2691"}],"curies":[{"name":"wp","href":"https:\/\/api.w.org\/{rel}","templated":true}]}}