{"id":2795,"date":"2020-08-10T22:37:06","date_gmt":"2020-08-10T22:37:06","guid":{"rendered":"https:\/\/enigma-catering.ch\/?page_id=2795"},"modified":"2020-08-19T22:55:38","modified_gmt":"2020-08-19T22:55:38","slug":"questions","status":"publish","type":"page","link":"https:\/\/enigma-catering.com\/it\/questions\/","title":{"rendered":"Domande"},"content":{"rendered":"<p>[vc_row][vc_column][vc_empty_space height=&#8221;90px&#8221;][\/vc_column][\/vc_row][vc_row content_placement=&#8221;middle&#8221; row_content_width=&#8221;grid&#8221; pattern_svg_path=&#8221;&#8221;][vc_column][vc_column_text]<\/p>\n<p style=\"text-align: center;\">Qui in seguito le domande pi\u00f9 comuni ricevute dai miei clienti e risposte.<\/p>\n<p>[\/vc_column_text][\/vc_column][\/vc_row][vc_row][vc_column][vc_empty_space height=&#8221;90px&#8221;][\/vc_column][\/vc_row][vc_row row_content_width=&#8221;grid&#8221; pattern_svg_path=&#8221;&#8221;][vc_column width=&#8221;1\/4&#8243;][\/vc_column][vc_column width=&#8221;1\/2&#8243;]<div class=\"eltdf-elements-holder   eltdf-one-column  eltdf-responsive-mode-768  \" ><div class=\"eltdf-eh-item    \"  data-item-class=\"eltdf-eh-custom-5643\">\n\t<div class=\"eltdf-eh-item-inner\">\n\t\t<div class=\"eltdf-eh-item-content eltdf-eh-custom-5643\" >\n\t\t\t<div class=\"eltdf-accordion-holder eltdf-ac-default  eltdf-accordion eltdf-ac-simple  clearfix\">\n\t<h5 class=\"eltdf-accordion-title\">\n    <span class=\"eltdf-accordion-mark\">\n\t\t<span class=\"eltdf_icon_plus icon_plus\"><\/span>\n\t\t<span class=\"eltdf_icon_minus icon_minus-06\"><\/span>\n\t<\/span>\n\t<span class=\"eltdf-tab-title\">Come decidi il menu?<\/span>\n<\/h5>\n<div class=\"eltdf-accordion-content\">\n\t<div class=\"eltdf-accordion-content-inner\">\n\t\t[vc_column_text]Elaborer\u00f2 alcune proposte di menu solo dopo avere avuto un primo contatto.<\/p>\n<p>Eventualmente anche per telefono, in cui mi racconterai i tuoi gusti, idee e eventuali intolleranze.<\/p>\n<p>E ti inviero tutto tramite E-Mail.[\/vc_column_text]\t<\/div>\n<\/div><h5 class=\"eltdf-accordion-title\">\n    <span class=\"eltdf-accordion-mark\">\n\t\t<span class=\"eltdf_icon_plus icon_plus\"><\/span>\n\t\t<span class=\"eltdf_icon_minus icon_minus-06\"><\/span>\n\t<\/span>\n\t<span class=\"eltdf-tab-title\">Quanto tempo prima devo prenotare?<\/span>\n<\/h5>\n<div class=\"eltdf-accordion-content\">\n\t<div class=\"eltdf-accordion-content-inner\">\n\t\t[vc_column_text]Per eventi privati e buffet o show cooking con almeno 10 Giorni in anticipo.<\/p>\n<p>Per quanto riguarda matrimoni o eventi aziendali con almeno 90 giorni in anticipo.[\/vc_column_text]\t<\/div>\n<\/div><h5 class=\"eltdf-accordion-title\">\n    <span class=\"eltdf-accordion-mark\">\n\t\t<span class=\"eltdf_icon_plus icon_plus\"><\/span>\n\t\t<span class=\"eltdf_icon_minus icon_minus-06\"><\/span>\n\t<\/span>\n\t<span class=\"eltdf-tab-title\">Ti occupi tu di tutto?<\/span>\n<\/h5>\n<div class=\"eltdf-accordion-content\">\n\t<div class=\"eltdf-accordion-content-inner\">\n\t\t[vc_column_text]Certamente.<\/p>\n<p>Qualche ora prima dell arrivo degli ospiti, io e il mio staff provvederemo con cura alla preparazione di tutta la &#8216;Mise-en-Place&#8217;, dei piatti e della pulizia.<\/p>\n<p>Tu dovrai solo preoccuparti di intrattenere tutti gli ospiti.[\/vc_column_text]\t<\/div>\n<\/div><h5 class=\"eltdf-accordion-title\">\n    <span class=\"eltdf-accordion-mark\">\n\t\t<span class=\"eltdf_icon_plus icon_plus\"><\/span>\n\t\t<span class=\"eltdf_icon_minus icon_minus-06\"><\/span>\n\t<\/span>\n\t<span class=\"eltdf-tab-title\">Ho il dubbio che la mia location non sia adatta.<\/span>\n<\/h5>\n<div class=\"eltdf-accordion-content\">\n\t<div class=\"eltdf-accordion-content-inner\">\n\t\t[vc_column_text]Nessun problema, qualche giorno prima dell evento, far\u00f2 un sopraluogo per rendermi conto di tutto ci\u00f2 di cui avr\u00f2 bisogno per far in modo che tutto vada alla perfezione.[\/vc_column_text]\t<\/div>\n<\/div><h5 class=\"eltdf-accordion-title\">\n    <span class=\"eltdf-accordion-mark\">\n\t\t<span class=\"eltdf_icon_plus icon_plus\"><\/span>\n\t\t<span class=\"eltdf_icon_minus icon_minus-06\"><\/span>\n\t<\/span>\n\t<span class=\"eltdf-tab-title\">Per quanto riguardo al pagamento.<\/span>\n<\/h5>\n<div class=\"eltdf-accordion-content\">\n\t<div class=\"eltdf-accordion-content-inner\">\n\t\t[vc_column_text]Al momento della prenotazione ti chieder\u00f2 un anticipo del 50% della cifra totale.<\/p>\n<p>Per il saldo finale, dovr\u00e0 essere effettuato 3 giorni prima dell evento.[\/vc_column_text]\t<\/div>\n<\/div><\/div>\t\t<\/div>\n\t<\/div>\n<\/div><\/div>[\/vc_column][vc_column width=&#8221;1\/4&#8243;][\/vc_column][\/vc_row][vc_row][vc_column][vc_empty_space height=&#8221;160px&#8221;][\/vc_column][\/vc_row]<\/p>\n","protected":false},"excerpt":{"rendered":"<p>[vc_row][vc_column][vc_empty_space height=&#8221;90px&#8221;][\/vc_column][\/vc_row][vc_row content_placement=&#8221;middle&#8221; row_content_width=&#8221;grid&#8221; pattern_svg_path=&#8221;&#8221;][vc_column][vc_column_text] Qui in seguito le domande pi\u00f9 comuni ricevute dai miei clienti e risposte. [\/vc_column_text][\/vc_column][\/vc_row][vc_row][vc_column][vc_empty_space height=&#8221;90px&#8221;][\/vc_column][\/vc_row][vc_row row_content_width=&#8221;grid&#8221; pattern_svg_path=&#8221;&#8221;][vc_column width=&#8221;1\/4&#8243;][\/vc_column][vc_column width=&#8221;1\/2&#8243;][\/vc_column][vc_column width=&#8221;1\/4&#8243;][\/vc_column][\/vc_row][vc_row][vc_column][vc_empty_space height=&#8221;160px&#8221;][\/vc_column][\/vc_row]<\/p>\n","protected":false},"author":1,"featured_media":0,"parent":0,"menu_order":0,"comment_status":"closed","ping_status":"closed","template":"full-width.php","meta":{"spay_email":""},"yoast_head":"<!-- This site is optimized with the Yoast SEO plugin v14.9 - https:\/\/yoast.com\/wordpress\/plugins\/seo\/ -->\n<title>Domande - Enigma Catering<\/title>\n<meta name=\"robots\" content=\"index, follow, max-snippet:-1, max-image-preview:large, max-video-preview:-1\" \/>\n<link rel=\"canonical\" href=\"https:\/\/enigma-catering.com\/questions\/\" \/>\n<meta property=\"og:locale\" content=\"it_IT\" \/>\n<meta property=\"og:type\" content=\"article\" \/>\n<meta property=\"og:title\" content=\"Domande - Enigma Catering\" \/>\n<meta property=\"og:url\" content=\"https:\/\/enigma-catering.com\/questions\/\" \/>\n<meta property=\"og:site_name\" content=\"Enigma Catering\" \/>\n<meta property=\"article:modified_time\" content=\"2020-08-19T22:55:38+00:00\" \/>\n<meta name=\"twitter:card\" content=\"summary_large_image\" \/>\n<script type=\"application\/ld+json\" class=\"yoast-schema-graph\">{\"@context\":\"https:\/\/schema.org\",\"@graph\":[{\"@type\":\"Organization\",\"@id\":\"https:\/\/enigma-catering.com\/it\/#organization\",\"name\":\"Enigma Catering\",\"url\":\"https:\/\/enigma-catering.com\/it\/\",\"sameAs\":[],\"logo\":{\"@type\":\"ImageObject\",\"@id\":\"https:\/\/enigma-catering.com\/it\/#logo\",\"inLanguage\":\"it-IT\",\"url\":\"https:\/\/enigma-catering.com\/wp-content\/uploads\/2020\/09\/logo.png\",\"width\":442,\"height\":311,\"caption\":\"Enigma Catering\"},\"image\":{\"@id\":\"https:\/\/enigma-catering.com\/it\/#logo\"}},{\"@type\":\"WebSite\",\"@id\":\"https:\/\/enigma-catering.com\/it\/#website\",\"url\":\"https:\/\/enigma-catering.com\/it\/\",\"name\":\"Enigma Catering\",\"description\":\"Daniele Verardi Catering Service\",\"publisher\":{\"@id\":\"https:\/\/enigma-catering.com\/it\/#organization\"},\"potentialAction\":[{\"@type\":\"SearchAction\",\"target\":\"https:\/\/enigma-catering.com\/it\/?s={search_term_string}\",\"query-input\":\"required name=search_term_string\"}],\"inLanguage\":\"it-IT\"},{\"@type\":\"WebPage\",\"@id\":\"https:\/\/enigma-catering.com\/questions\/#webpage\",\"url\":\"https:\/\/enigma-catering.com\/questions\/\",\"name\":\"Domande - Enigma Catering\",\"isPartOf\":{\"@id\":\"https:\/\/enigma-catering.com\/it\/#website\"},\"datePublished\":\"2020-08-10T22:37:06+00:00\",\"dateModified\":\"2020-08-19T22:55:38+00:00\",\"inLanguage\":\"it-IT\",\"potentialAction\":[{\"@type\":\"ReadAction\",\"target\":[\"https:\/\/enigma-catering.com\/questions\/\"]}]}]}<\/script>\n<!-- \/ Yoast SEO plugin. -->","_links":{"self":[{"href":"https:\/\/enigma-catering.com\/it\/wp-json\/wp\/v2\/pages\/2795"}],"collection":[{"href":"https:\/\/enigma-catering.com\/it\/wp-json\/wp\/v2\/pages"}],"about":[{"href":"https:\/\/enigma-catering.com\/it\/wp-json\/wp\/v2\/types\/page"}],"author":[{"embeddable":true,"href":"https:\/\/enigma-catering.com\/it\/wp-json\/wp\/v2\/users\/1"}],"replies":[{"embeddable":true,"href":"https:\/\/enigma-catering.com\/it\/wp-json\/wp\/v2\/comments?post=2795"}],"version-history":[{"count":8,"href":"https:\/\/enigma-catering.com\/it\/wp-json\/wp\/v2\/pages\/2795\/revisions"}],"predecessor-version":[{"id":2898,"href":"https:\/\/enigma-catering.com\/it\/wp-json\/wp\/v2\/pages\/2795\/revisions\/2898"}],"wp:attachment":[{"href":"https:\/\/enigma-catering.com\/it\/wp-json\/wp\/v2\/media?parent=2795"}],"curies":[{"name":"wp","href":"https:\/\/api.w.org\/{rel}","templated":true}]}}