{"id":2776,"date":"2020-08-09T21:55:54","date_gmt":"2020-08-09T21:55:54","guid":{"rendered":"https:\/\/enigma-catering.ch\/?page_id=2776"},"modified":"2020-09-07T18:34:48","modified_gmt":"2020-09-07T18:34:48","slug":"consultancy","status":"publish","type":"page","link":"https:\/\/enigma-catering.com\/it\/consultancy\/","title":{"rendered":"Consulenza"},"content":{"rendered":"<p>[vc_row][vc_column][vc_empty_space height=&#8221;90px&#8221;][\/vc_column][\/vc_row][vc_row row_content_width=&#8221;grid&#8221; pattern_svg_path=&#8221;&#8221;][vc_column]<div class=\"eltdf-elements-holder   eltdf-one-column  eltdf-responsive-mode-768 eltdf-one-column-alignment-center \" ><div class=\"eltdf-eh-item   eltdf-horizontal-alignment-center \"  data-item-class=\"eltdf-eh-custom-2714\" data-1400-1600=\"0 5% 0 0\" data-1025-1399=\"0 5% 0 0\" data-769-1024=\"0 0\" data-681-768=\"0 0\" data-680=\"0 0\">\n\t<div class=\"eltdf-eh-item-inner\">\n\t\t<div class=\"eltdf-eh-item-content eltdf-eh-custom-2714\" style=\"padding: 0 7% 0 0\">\n\t\t\t[vc_column_text]Sei un imprenditore alla ricerca di un esperienza nel settore gastronomico?<\/p>\n<p>Vorresti aprire\u00a0un ristorante ma non hai idea ci come funzioni o come avviare la tua attivit\u00e0&#8217;?<\/p>\n<p>Contattami e potro&#8217; aiutarti nel realizzare il tuo progetto, affinch\u00e9 otterrai il locale dei tuoi sogni.[\/vc_column_text]\t\t<\/div>\n\t<\/div>\n<\/div><\/div>[\/vc_column][\/vc_row][vc_row][vc_column][vc_empty_space height=&#8221;90px&#8221;][\/vc_column][\/vc_row][vc_row equal_height=&#8221;yes&#8221; content_placement=&#8221;middle&#8221; row_content_width=&#8221;grid&#8221; pattern_svg_path=&#8221;&#8221;][vc_column]<div class=\"eltdf-elements-holder   eltdf-two-columns  eltdf-responsive-mode-1024 eltdf-one-column-alignment-center fifty-fifty\" ><div class=\"eltdf-eh-item   eltdf-horizontal-alignment-center \"  data-item-class=\"eltdf-eh-custom-4612\" data-1400-1600=\"0 5% 0 0\" data-1025-1399=\"0 5% 0 0\" data-769-1024=\"0 0\" data-681-768=\"0 0\" data-680=\"0 0\">\n\t<div class=\"eltdf-eh-item-inner\">\n\t\t<div class=\"eltdf-eh-item-content eltdf-eh-custom-4612\" style=\"padding: 0 7% 0 0\">\n\t\t\t<div class=\"eltdf-single-image-holder     eltdf-image-appear-from-top\">\n    <div class=\"eltdf-si-inner\" >\n                                                        <img src=\"https:\/\/enigma-catering.com\/wp-content\/uploads\/2020\/08\/5245-600x400.jpg\" alt=\"\" width=\"600\" height=\"400\" \/>                                                <\/div>\n<\/div>\t\t<\/div>\n\t<\/div>\n<\/div><div class=\"eltdf-eh-item   eltdf-horizontal-alignment-center eltdf-element-from-bottom\"  data-item-class=\"eltdf-eh-custom-4682\" data-animation=\"eltdf-element-from-bottom\" data-1400-1600=\"0 0 0 11%\" data-1025-1399=\"0 0 0 11%\" data-769-1024=\"80px 11% 0 11%\" data-681-768=\"80px 11% 0 11%\" data-680=\"80px 2% 0 2%\">\n\t<div class=\"eltdf-eh-item-inner\">\n\t\t<div class=\"eltdf-eh-item-content eltdf-eh-custom-4682\" style=\"padding: 0 11% 8px 11%\">\n\t\t\t<div class=\"eltdf-section-title-holder    eltdf-st-decor-animation\" style=\"text-align: center\">\n\t<div class=\"eltdf-st-inner\">\n        \t\t            <div class=\"eltdf-st-title-holder\">\n                                    <div class=\"decor\"><svg xmlns=\"http:\/\/www.w3.org\/2000\/svg\" width=\"41.125\" height=\"9.146\">\n                            <path fill=\"none\" stroke=\"#9C7C57\" stroke-miterlimit=\"10\" d=\"M40.881 8.576L20.562.591.244 8.576\"\/>\n                            <path fill=\"none\" stroke=\"#9C7C57\" stroke-miterlimit=\"10\" d=\"M40.881.591L20.562 8.576.243.591\"\/>\n                        <\/svg><\/div>\n                                <h3 class=\"eltdf-st-title\" >\n                    Consulenza                <\/h3>\n                                    <div class=\"decor\"><svg xmlns=\"http:\/\/www.w3.org\/2000\/svg\" width=\"41.125\" height=\"9.146\">\n                            <path fill=\"none\" stroke=\"#9C7C57\" stroke-miterlimit=\"10\" d=\"M40.881 8.576L20.562.591.244 8.576\"\/>\n                            <path fill=\"none\" stroke=\"#9C7C57\" stroke-miterlimit=\"10\" d=\"M40.881.591L20.562 8.576.243.591\"\/>\n                        <\/svg><\/div>\n                            <\/div>\n\t\t\t\t\t\t\t<p class=\"eltdf-st-text\" >\n\t\t\t\tIn un primo momento , ci sederemo assieme e mi dirai tutto ci\u00f2' che riguarda il tuo ideale di locale.<br \/>\nDal tipo di menu.alla location,lo stile e arredamento.\t\t\t<\/p>\n\t\t\t\t\t<\/div>\n<\/div>\t\t<\/div>\n\t<\/div>\n<\/div><\/div>[\/vc_column][\/vc_row][vc_row][vc_column offset=&#8221;vc_hidden-sm vc_hidden-xs&#8221;]<div class=\"eltdf-elements-holder   eltdf-one-column  eltdf-responsive-mode-768  \" ><div class=\"eltdf-eh-item   eltdf-horizontal-alignment-center \"  data-item-class=\"eltdf-eh-custom-3159\">\n\t<div class=\"eltdf-eh-item-inner\">\n\t\t<div class=\"eltdf-eh-item-content eltdf-eh-custom-3159\" >\n\t\t\t<div class=\"eltdf-single-image-holder     eltdf-image-appear-from-top\">\n    <div class=\"eltdf-si-inner\" >\n                                                        <img width=\"1300\" height=\"188\" src=\"https:\/\/enigma-catering.com\/wp-content\/uploads\/2020\/08\/line-1.png\" class=\"attachment-full size-full\" alt=\"\" loading=\"lazy\" srcset=\"https:\/\/enigma-catering.com\/wp-content\/uploads\/2020\/08\/line-1.png 1300w, https:\/\/enigma-catering.com\/wp-content\/uploads\/2020\/08\/line-1-600x87.png 600w, https:\/\/enigma-catering.com\/wp-content\/uploads\/2020\/08\/line-1-300x43.png 300w, https:\/\/enigma-catering.com\/wp-content\/uploads\/2020\/08\/line-1-1024x148.png 1024w, https:\/\/enigma-catering.com\/wp-content\/uploads\/2020\/08\/line-1-768x111.png 768w\" sizes=\"(max-width: 1300px) 100vw, 1300px\" \/>                                                <\/div>\n<\/div>\t\t<\/div>\n\t<\/div>\n<\/div><\/div>[\/vc_column][\/vc_row][vc_row equal_height=&#8221;yes&#8221; content_placement=&#8221;middle&#8221; row_content_width=&#8221;grid&#8221; pattern_svg_path=&#8221;&#8221;][vc_column]<div class=\"eltdf-elements-holder small-flex  eltdf-two-columns  eltdf-responsive-mode-1024 eltdf-one-column-alignment-center fifty-fifty\" ><div class=\"eltdf-eh-item   eltdf-horizontal-alignment-center eltdf-element-from-bottom\"  data-item-class=\"eltdf-eh-custom-1633\" data-animation=\"eltdf-element-from-bottom\" data-1400-1600=\"0 11% 0 0\" data-1025-1399=\"0 11% 0 0\" data-769-1024=\"80px 11% 80px 11%\" data-681-768=\"80px 11% 80px 11%\" data-680=\"80px 2% 80px 2%\">\n\t<div class=\"eltdf-eh-item-inner\">\n\t\t<div class=\"eltdf-eh-item-content eltdf-eh-custom-1633\" style=\"padding: 0 11% 8px 11%\">\n\t\t\t<div class=\"eltdf-section-title-holder    eltdf-st-decor-animation\" style=\"text-align: center\">\n\t<div class=\"eltdf-st-inner\">\n        \t\t            <div class=\"eltdf-st-title-holder\">\n                                    <div class=\"decor\"><svg xmlns=\"http:\/\/www.w3.org\/2000\/svg\" width=\"41.125\" height=\"9.146\">\n                            <path fill=\"none\" stroke=\"#9C7C57\" stroke-miterlimit=\"10\" d=\"M40.881 8.576L20.562.591.244 8.576\"\/>\n                            <path fill=\"none\" stroke=\"#9C7C57\" stroke-miterlimit=\"10\" d=\"M40.881.591L20.562 8.576.243.591\"\/>\n                        <\/svg><\/div>\n                                <h3 class=\"eltdf-st-title\" >\n                    Posizione                <\/h3>\n                                    <div class=\"decor\"><svg xmlns=\"http:\/\/www.w3.org\/2000\/svg\" width=\"41.125\" height=\"9.146\">\n                            <path fill=\"none\" stroke=\"#9C7C57\" stroke-miterlimit=\"10\" d=\"M40.881 8.576L20.562.591.244 8.576\"\/>\n                            <path fill=\"none\" stroke=\"#9C7C57\" stroke-miterlimit=\"10\" d=\"M40.881.591L20.562 8.576.243.591\"\/>\n                        <\/svg><\/div>\n                            <\/div>\n\t\t\t\t\t\t\t<p class=\"eltdf-st-text\" >\n\t\t\t\tDopodich\u00e9 passeremo alla realizzazione del locale cura dei dettagli fornimenti e vari stock.\t\t\t<\/p>\n\t\t\t\t\t<\/div>\n<\/div>\t\t<\/div>\n\t<\/div>\n<\/div><div class=\"eltdf-eh-item   eltdf-horizontal-alignment-center \"  data-item-class=\"eltdf-eh-custom-7281\" data-1400-1600=\"0 0 0 5%\" data-1025-1399=\"0 0 0 5%\" data-769-1024=\"80px 0 0 0\" data-681-768=\"80px 0 0 0\" data-680=\"80px 0 0 0\">\n\t<div class=\"eltdf-eh-item-inner\">\n\t\t<div class=\"eltdf-eh-item-content eltdf-eh-custom-7281\" style=\"padding: 0 0 0 7%\">\n\t\t\t<div class=\"eltdf-single-image-holder     eltdf-image-appear-from-top\">\n    <div class=\"eltdf-si-inner\" >\n                                                        <img src=\"https:\/\/enigma-catering.com\/wp-content\/uploads\/2020\/08\/2341-600x400.jpg\" alt=\"\" width=\"600\" height=\"400\" \/>                                                <\/div>\n<\/div>\t\t<\/div>\n\t<\/div>\n<\/div><\/div>[\/vc_column][\/vc_row][vc_row][vc_column offset=&#8221;vc_hidden-sm vc_hidden-xs&#8221;]<div class=\"eltdf-elements-holder   eltdf-one-column  eltdf-responsive-mode-768  \" ><div class=\"eltdf-eh-item   eltdf-horizontal-alignment-center \"  data-item-class=\"eltdf-eh-custom-9791\">\n\t<div class=\"eltdf-eh-item-inner\">\n\t\t<div class=\"eltdf-eh-item-content eltdf-eh-custom-9791\" >\n\t\t\t<div class=\"eltdf-single-image-holder     eltdf-image-appear-from-top\">\n    <div class=\"eltdf-si-inner\" >\n                                                        <img width=\"1300\" height=\"188\" src=\"https:\/\/enigma-catering.com\/wp-content\/uploads\/2020\/08\/line-inverse.png\" class=\"attachment-full size-full\" alt=\"\" loading=\"lazy\" srcset=\"https:\/\/enigma-catering.com\/wp-content\/uploads\/2020\/08\/line-inverse.png 1300w, https:\/\/enigma-catering.com\/wp-content\/uploads\/2020\/08\/line-inverse-600x87.png 600w, https:\/\/enigma-catering.com\/wp-content\/uploads\/2020\/08\/line-inverse-300x43.png 300w, https:\/\/enigma-catering.com\/wp-content\/uploads\/2020\/08\/line-inverse-1024x148.png 1024w, https:\/\/enigma-catering.com\/wp-content\/uploads\/2020\/08\/line-inverse-768x111.png 768w\" sizes=\"(max-width: 1300px) 100vw, 1300px\" \/>                                                <\/div>\n<\/div>\t\t<\/div>\n\t<\/div>\n<\/div><\/div>[\/vc_column][\/vc_row][vc_row equal_height=&#8221;yes&#8221; content_placement=&#8221;middle&#8221; row_content_width=&#8221;grid&#8221; pattern_svg_path=&#8221;&#8221;][vc_column]<div class=\"eltdf-elements-holder   eltdf-two-columns  eltdf-responsive-mode-1024 eltdf-one-column-alignment-center fifty-fifty\" ><div class=\"eltdf-eh-item   eltdf-horizontal-alignment-center \"  data-item-class=\"eltdf-eh-custom-5785\" data-1400-1600=\"0 5% 0 0\" data-1025-1399=\"0 5% 0 0\" data-769-1024=\"0 0\" data-681-768=\"0 0\" data-680=\"0 0\">\n\t<div class=\"eltdf-eh-item-inner\">\n\t\t<div class=\"eltdf-eh-item-content eltdf-eh-custom-5785\" style=\"padding: 0 7% 0 0\">\n\t\t\t<div class=\"eltdf-single-image-holder     eltdf-image-appear-from-top\">\n    <div class=\"eltdf-si-inner\" >\n                                                        <img src=\"https:\/\/enigma-catering.com\/wp-content\/uploads\/2020\/08\/1333-600x400.jpg\" alt=\"\" width=\"600\" height=\"400\" \/>                                                <\/div>\n<\/div>\t\t<\/div>\n\t<\/div>\n<\/div><div class=\"eltdf-eh-item   eltdf-horizontal-alignment-center eltdf-element-from-bottom\"  data-item-class=\"eltdf-eh-custom-1758\" data-animation=\"eltdf-element-from-bottom\" data-1400-1600=\"0 0 0 11%\" data-1025-1399=\"0 0 0 11%\" data-769-1024=\"80px 11% 0 11%\" data-681-768=\"80px 11% 0 11%\" data-680=\"80px 2% 0 2%\">\n\t<div class=\"eltdf-eh-item-inner\">\n\t\t<div class=\"eltdf-eh-item-content eltdf-eh-custom-1758\" style=\"padding: 0 11% 8px 11%\">\n\t\t\t<div class=\"eltdf-section-title-holder    eltdf-st-decor-animation\" style=\"text-align: center\">\n\t<div class=\"eltdf-st-inner\">\n        \t\t            <div class=\"eltdf-st-title-holder\">\n                                    <div class=\"decor\"><svg xmlns=\"http:\/\/www.w3.org\/2000\/svg\" width=\"41.125\" height=\"9.146\">\n                            <path fill=\"none\" stroke=\"#9C7C57\" stroke-miterlimit=\"10\" d=\"M40.881 8.576L20.562.591.244 8.576\"\/>\n                            <path fill=\"none\" stroke=\"#9C7C57\" stroke-miterlimit=\"10\" d=\"M40.881.591L20.562 8.576.243.591\"\/>\n                        <\/svg><\/div>\n                                <h3 class=\"eltdf-st-title\" >\n                    Realizzer\u00f2                <\/h3>\n                                    <div class=\"decor\"><svg xmlns=\"http:\/\/www.w3.org\/2000\/svg\" width=\"41.125\" height=\"9.146\">\n                            <path fill=\"none\" stroke=\"#9C7C57\" stroke-miterlimit=\"10\" d=\"M40.881 8.576L20.562.591.244 8.576\"\/>\n                            <path fill=\"none\" stroke=\"#9C7C57\" stroke-miterlimit=\"10\" d=\"M40.881.591L20.562 8.576.243.591\"\/>\n                        <\/svg><\/div>\n                            <\/div>\n\t\t\t\t\t\t\t<p class=\"eltdf-st-text\" >\n\t\t\t\tRealizzer\u00f2 il menu in base alle tue esigenze e avvier\u00f2 il tuo ristorante dei sogni con lo staff di cucina affinch\u00e9 tu possa essere soddisfatto per il resto della tua vita.\t\t\t<\/p>\n\t\t\t\t\t<\/div>\n<\/div>\t\t<\/div>\n\t<\/div>\n<\/div><\/div>[\/vc_column][\/vc_row][vc_row][vc_column][vc_empty_space height=&#8221;160px&#8221;][\/vc_column][\/vc_row]<\/p>\n","protected":false},"excerpt":{"rendered":"<p>[vc_row][vc_column][vc_empty_space height=&#8221;90px&#8221;][\/vc_column][\/vc_row][vc_row row_content_width=&#8221;grid&#8221; pattern_svg_path=&#8221;&#8221;][vc_column][\/vc_column][\/vc_row][vc_row][vc_column][vc_empty_space height=&#8221;90px&#8221;][\/vc_column][\/vc_row][vc_row equal_height=&#8221;yes&#8221; content_placement=&#8221;middle&#8221; row_content_width=&#8221;grid&#8221; pattern_svg_path=&#8221;&#8221;][vc_column][\/vc_column][\/vc_row][vc_row][vc_column offset=&#8221;vc_hidden-sm vc_hidden-xs&#8221;][\/vc_column][\/vc_row][vc_row equal_height=&#8221;yes&#8221; content_placement=&#8221;middle&#8221; row_content_width=&#8221;grid&#8221; pattern_svg_path=&#8221;&#8221;][vc_column][\/vc_column][\/vc_row][vc_row][vc_column offset=&#8221;vc_hidden-sm vc_hidden-xs&#8221;][\/vc_column][\/vc_row][vc_row equal_height=&#8221;yes&#8221; content_placement=&#8221;middle&#8221; row_content_width=&#8221;grid&#8221; pattern_svg_path=&#8221;&#8221;][vc_column][\/vc_column][\/vc_row][vc_row][vc_column][vc_empty_space height=&#8221;160px&#8221;][\/vc_column][\/vc_row]<\/p>\n","protected":false},"author":1,"featured_media":0,"parent":0,"menu_order":0,"comment_status":"closed","ping_status":"closed","template":"full-width.php","meta":{"spay_email":""},"yoast_head":"<!-- This site is optimized with the Yoast SEO plugin v14.9 - https:\/\/yoast.com\/wordpress\/plugins\/seo\/ -->\n<title>Consulenza - Enigma Catering<\/title>\n<meta name=\"robots\" content=\"index, follow, max-snippet:-1, max-image-preview:large, max-video-preview:-1\" \/>\n<link rel=\"canonical\" href=\"https:\/\/enigma-catering.com\/consultancy\/\" \/>\n<meta property=\"og:locale\" content=\"it_IT\" \/>\n<meta property=\"og:type\" content=\"article\" \/>\n<meta property=\"og:title\" content=\"Consulenza - Enigma Catering\" \/>\n<meta property=\"og:url\" content=\"https:\/\/enigma-catering.com\/consultancy\/\" \/>\n<meta property=\"og:site_name\" content=\"Enigma Catering\" \/>\n<meta property=\"article:modified_time\" content=\"2020-09-07T18:34:48+00:00\" \/>\n<meta name=\"twitter:card\" content=\"summary_large_image\" \/>\n<script type=\"application\/ld+json\" class=\"yoast-schema-graph\">{\"@context\":\"https:\/\/schema.org\",\"@graph\":[{\"@type\":\"Organization\",\"@id\":\"https:\/\/enigma-catering.com\/it\/#organization\",\"name\":\"Enigma Catering\",\"url\":\"https:\/\/enigma-catering.com\/it\/\",\"sameAs\":[],\"logo\":{\"@type\":\"ImageObject\",\"@id\":\"https:\/\/enigma-catering.com\/it\/#logo\",\"inLanguage\":\"it-IT\",\"url\":\"https:\/\/enigma-catering.com\/wp-content\/uploads\/2020\/09\/logo.png\",\"width\":442,\"height\":311,\"caption\":\"Enigma Catering\"},\"image\":{\"@id\":\"https:\/\/enigma-catering.com\/it\/#logo\"}},{\"@type\":\"WebSite\",\"@id\":\"https:\/\/enigma-catering.com\/it\/#website\",\"url\":\"https:\/\/enigma-catering.com\/it\/\",\"name\":\"Enigma Catering\",\"description\":\"Daniele Verardi Catering Service\",\"publisher\":{\"@id\":\"https:\/\/enigma-catering.com\/it\/#organization\"},\"potentialAction\":[{\"@type\":\"SearchAction\",\"target\":\"https:\/\/enigma-catering.com\/it\/?s={search_term_string}\",\"query-input\":\"required name=search_term_string\"}],\"inLanguage\":\"it-IT\"},{\"@type\":\"WebPage\",\"@id\":\"https:\/\/enigma-catering.com\/consultancy\/#webpage\",\"url\":\"https:\/\/enigma-catering.com\/consultancy\/\",\"name\":\"Consulenza - Enigma Catering\",\"isPartOf\":{\"@id\":\"https:\/\/enigma-catering.com\/it\/#website\"},\"datePublished\":\"2020-08-09T21:55:54+00:00\",\"dateModified\":\"2020-09-07T18:34:48+00:00\",\"inLanguage\":\"it-IT\",\"potentialAction\":[{\"@type\":\"ReadAction\",\"target\":[\"https:\/\/enigma-catering.com\/consultancy\/\"]}]}]}<\/script>\n<!-- \/ Yoast SEO plugin. -->","_links":{"self":[{"href":"https:\/\/enigma-catering.com\/it\/wp-json\/wp\/v2\/pages\/2776"}],"collection":[{"href":"https:\/\/enigma-catering.com\/it\/wp-json\/wp\/v2\/pages"}],"about":[{"href":"https:\/\/enigma-catering.com\/it\/wp-json\/wp\/v2\/types\/page"}],"author":[{"embeddable":true,"href":"https:\/\/enigma-catering.com\/it\/wp-json\/wp\/v2\/users\/1"}],"replies":[{"embeddable":true,"href":"https:\/\/enigma-catering.com\/it\/wp-json\/wp\/v2\/comments?post=2776"}],"version-history":[{"count":21,"href":"https:\/\/enigma-catering.com\/it\/wp-json\/wp\/v2\/pages\/2776\/revisions"}],"predecessor-version":[{"id":2936,"href":"https:\/\/enigma-catering.com\/it\/wp-json\/wp\/v2\/pages\/2776\/revisions\/2936"}],"wp:attachment":[{"href":"https:\/\/enigma-catering.com\/it\/wp-json\/wp\/v2\/media?parent=2776"}],"curies":[{"name":"wp","href":"https:\/\/api.w.org\/{rel}","templated":true}]}}