{"id":2724,"date":"2020-08-05T00:23:40","date_gmt":"2020-08-05T00:23:40","guid":{"rendered":"https:\/\/enigma-catering.ch\/?post_type=product&#038;p=2724"},"modified":"2020-08-19T22:41:33","modified_gmt":"2020-08-19T22:41:33","slug":"private-events","status":"publish","type":"product","link":"https:\/\/enigma-catering.com\/fr\/product\/private-events\/","title":{"rendered":"\u00c9V\u00c9NEMENTS PRIV\u00c9S"},"content":{"rendered":"<p>[vc_row][vc_column]<div class=\"eltdf-section-title-holder    eltdf-st-decor-animation\" style=\"text-align: center\">\n\t<div class=\"eltdf-st-inner\">\n        \t\t            <div class=\"eltdf-st-title-holder\">\n                                    <div class=\"decor\"><svg xmlns=\"http:\/\/www.w3.org\/2000\/svg\" width=\"41.125\" height=\"9.146\">\n                            <path fill=\"none\" stroke=\"#9C7C57\" stroke-miterlimit=\"10\" d=\"M40.881 8.576L20.562.591.244 8.576\"\/>\n                            <path fill=\"none\" stroke=\"#9C7C57\" stroke-miterlimit=\"10\" d=\"M40.881.591L20.562 8.576.243.591\"\/>\n                        <\/svg><\/div>\n                                <h3 class=\"eltdf-st-title\" >\n                    CHEF A LA MAISON                <\/h3>\n                                    <div class=\"decor\"><svg xmlns=\"http:\/\/www.w3.org\/2000\/svg\" width=\"41.125\" height=\"9.146\">\n                            <path fill=\"none\" stroke=\"#9C7C57\" stroke-miterlimit=\"10\" d=\"M40.881 8.576L20.562.591.244 8.576\"\/>\n                            <path fill=\"none\" stroke=\"#9C7C57\" stroke-miterlimit=\"10\" d=\"M40.881.591L20.562 8.576.243.591\"\/>\n                        <\/svg><\/div>\n                            <\/div>\n\t\t\t\t\t\t\t<\/div>\n<\/div>[\/vc_column][\/vc_row][vc_row][vc_column]<div class=\"eltdf-elements-holder   eltdf-three-columns  eltdf-responsive-mode-1024 eltdf-one-column-alignment-center \" ><div class=\"eltdf-eh-item  eltdf-vertical-alignment-top eltdf-horizontal-alignment-center eltdf-element-from-bottom\"  data-item-class=\"eltdf-eh-custom-2009\" data-animation=\"eltdf-element-from-bottom\">\n\t<div class=\"eltdf-eh-item-inner\">\n\t\t<div class=\"eltdf-eh-item-content eltdf-eh-custom-2009\" style=\"padding: 20px\">\n\t\t\t[vc_column_text]<\/p>\n<h3>\u00c9TAPE 1<\/h3>\n<p>[\/vc_column_text]<div class=\"eltdf-single-image-holder     eltdf-image-appear-none\">\n    <div class=\"eltdf-si-inner\" >\n                                                        <img src=\"https:\/\/enigma-catering.com\/wp-content\/uploads\/2020\/08\/image7-400x340.jpg\" alt=\"\" width=\"400\" height=\"340\" \/>                                                <\/div>\n<\/div>[vc_column_text]Apr\u00e8s un premier contact t\u00e9l\u00e9phonique nous d\u00e9ciderons ensemble du type de menu et des diff\u00e9rents d\u00e9tails de votre soir\u00e9e exclusive.[\/vc_column_text]\t\t<\/div>\n\t<\/div>\n<\/div><div class=\"eltdf-eh-item  eltdf-vertical-alignment-top eltdf-horizontal-alignment-center eltdf-element-from-bottom\"  data-item-class=\"eltdf-eh-custom-1503\" data-animation=\"eltdf-element-from-bottom\" data-animation-delay=\"500\">\n\t<div class=\"eltdf-eh-item-inner\">\n\t\t<div class=\"eltdf-eh-item-content eltdf-eh-custom-1503\" style=\"padding: 20px\">\n\t\t\t[vc_column_text]<\/p>\n<h3>\u00c9TAPE 2<\/h3>\n<p>[\/vc_column_text]<div class=\"eltdf-single-image-holder     eltdf-image-appear-none\">\n    <div class=\"eltdf-si-inner\" >\n                                                        <img src=\"https:\/\/enigma-catering.com\/wp-content\/uploads\/2020\/08\/2232-400x340.jpg\" alt=\"\" width=\"400\" height=\"340\" \/>                                                <\/div>\n<\/div>[vc_column_text]Une fois que vous aurez d\u00e9cid\u00e9, je ferai une inspection \u00e0 l&rsquo;endroit o\u00f9 vous souhaitez organiser votre \u00e9v\u00e9nement et organiserai les derniers d\u00e9tails.[\/vc_column_text]\t\t<\/div>\n\t<\/div>\n<\/div><div class=\"eltdf-eh-item  eltdf-vertical-alignment-top eltdf-horizontal-alignment-center eltdf-element-from-bottom\"  data-item-class=\"eltdf-eh-custom-7559\" data-animation=\"eltdf-element-from-bottom\" data-animation-delay=\"1000\">\n\t<div class=\"eltdf-eh-item-inner\">\n\t\t<div class=\"eltdf-eh-item-content eltdf-eh-custom-7559\" style=\"padding: 20px\">\n\t\t\t[vc_column_text]<\/p>\n<h3>\u00c9TAPE 3<\/h3>\n<p>[\/vc_column_text]<div class=\"eltdf-single-image-holder     eltdf-image-appear-none\">\n    <div class=\"eltdf-si-inner\" >\n                                                        <img src=\"https:\/\/enigma-catering.com\/wp-content\/uploads\/2020\/08\/image-4-400x340.jpg\" alt=\"\" width=\"400\" height=\"340\" \/>                                                <\/div>\n<\/div>[vc_column_text]Votre jour tant attendu est arriv\u00e9.<\/p>\n<p><span lang=\"fr-FR\">Installez-vous confortablement car je m&rsquo;occuperai du reste.<\/span>[\/vc_column_text]\t\t<\/div>\n\t<\/div>\n<\/div><\/div>[\/vc_column][\/vc_row]<\/p>\n","protected":false},"excerpt":{"rendered":"<p>Vous pouvez vivre une exp\u00e9rience gastronomique, directement chez vous!<\/p>\n<p><span lang=\"fr-FR\">Nous organiserons le menu que vous pr\u00e9f\u00e9rez et vous l&rsquo;appr\u00e9cierez dans tout le confort de votre maison avec les personnes que vous aimez.<\/span><\/p>\n<p><span lang=\"fr-FR\">Pr\u00e9parez la table\u2026 je penserai au reste!<\/span><\/p>\n","protected":false},"featured_media":2725,"template":"","meta":{"spay_email":""},"yoast_head":"<!-- This site is optimized with the Yoast SEO plugin v14.9 - https:\/\/yoast.com\/wordpress\/plugins\/seo\/ -->\n<title>\u00c9V\u00c9NEMENTS PRIV\u00c9S - Enigma Catering<\/title>\n<meta name=\"robots\" content=\"index, follow, max-snippet:-1, max-image-preview:large, max-video-preview:-1\" \/>\n<link rel=\"canonical\" href=\"https:\/\/enigma-catering.com\/product\/private-events\/\" \/>\n<meta property=\"og:locale\" content=\"fr_FR\" \/>\n<meta property=\"og:type\" content=\"article\" \/>\n<meta property=\"og:title\" content=\"\u00c9V\u00c9NEMENTS PRIV\u00c9S - Enigma Catering\" \/>\n<meta property=\"og:url\" content=\"https:\/\/enigma-catering.com\/product\/private-events\/\" \/>\n<meta property=\"og:site_name\" content=\"Enigma Catering\" \/>\n<meta property=\"article:modified_time\" content=\"2020-08-19T22:41:33+00:00\" \/>\n<meta property=\"og:image\" content=\"https:\/\/enigma-catering.com\/wp-content\/uploads\/2020\/08\/9934.jpg\" \/>\n\t<meta property=\"og:image:width\" content=\"1920\" \/>\n\t<meta property=\"og:image:height\" content=\"1281\" \/>\n<meta name=\"twitter:card\" content=\"summary_large_image\" \/>\n<script type=\"application\/ld+json\" class=\"yoast-schema-graph\">{\"@context\":\"https:\/\/schema.org\",\"@graph\":[{\"@type\":\"Organization\",\"@id\":\"https:\/\/enigma-catering.com\/fr\/#organization\",\"name\":\"Enigma Catering\",\"url\":\"https:\/\/enigma-catering.com\/fr\/\",\"sameAs\":[],\"logo\":{\"@type\":\"ImageObject\",\"@id\":\"https:\/\/enigma-catering.com\/fr\/#logo\",\"inLanguage\":\"fr-FR\",\"url\":\"https:\/\/enigma-catering.com\/wp-content\/uploads\/2020\/09\/logo.png\",\"width\":442,\"height\":311,\"caption\":\"Enigma Catering\"},\"image\":{\"@id\":\"https:\/\/enigma-catering.com\/fr\/#logo\"}},{\"@type\":\"WebSite\",\"@id\":\"https:\/\/enigma-catering.com\/fr\/#website\",\"url\":\"https:\/\/enigma-catering.com\/fr\/\",\"name\":\"Enigma Catering\",\"description\":\"Daniele Verardi Catering Service\",\"publisher\":{\"@id\":\"https:\/\/enigma-catering.com\/fr\/#organization\"},\"potentialAction\":[{\"@type\":\"SearchAction\",\"target\":\"https:\/\/enigma-catering.com\/fr\/?s={search_term_string}\",\"query-input\":\"required name=search_term_string\"}],\"inLanguage\":\"fr-FR\"},{\"@type\":\"ImageObject\",\"@id\":\"https:\/\/enigma-catering.com\/product\/private-events\/#primaryimage\",\"inLanguage\":\"fr-FR\",\"url\":\"https:\/\/enigma-catering.com\/wp-content\/uploads\/2020\/08\/9934.jpg\",\"width\":1920,\"height\":1281,\"caption\":\"Group of friends eating together\"},{\"@type\":\"WebPage\",\"@id\":\"https:\/\/enigma-catering.com\/product\/private-events\/#webpage\",\"url\":\"https:\/\/enigma-catering.com\/product\/private-events\/\",\"name\":\"\\u00c9V\\u00c9NEMENTS PRIV\\u00c9S - Enigma Catering\",\"isPartOf\":{\"@id\":\"https:\/\/enigma-catering.com\/fr\/#website\"},\"primaryImageOfPage\":{\"@id\":\"https:\/\/enigma-catering.com\/product\/private-events\/#primaryimage\"},\"datePublished\":\"2020-08-05T00:23:40+00:00\",\"dateModified\":\"2020-08-19T22:41:33+00:00\",\"inLanguage\":\"fr-FR\",\"potentialAction\":[{\"@type\":\"ReadAction\",\"target\":[\"https:\/\/enigma-catering.com\/product\/private-events\/\"]}]}]}<\/script>\n<!-- \/ Yoast SEO plugin. -->","_links":{"self":[{"href":"https:\/\/enigma-catering.com\/fr\/wp-json\/wp\/v2\/product\/2724"}],"collection":[{"href":"https:\/\/enigma-catering.com\/fr\/wp-json\/wp\/v2\/product"}],"about":[{"href":"https:\/\/enigma-catering.com\/fr\/wp-json\/wp\/v2\/types\/product"}],"wp:featuredmedia":[{"embeddable":true,"href":"https:\/\/enigma-catering.com\/fr\/wp-json\/wp\/v2\/media\/2725"}],"wp:attachment":[{"href":"https:\/\/enigma-catering.com\/fr\/wp-json\/wp\/v2\/media?parent=2724"}],"curies":[{"name":"wp","href":"https:\/\/api.w.org\/{rel}","templated":true}]}}