{"id":2711,"date":"2020-08-04T23:28:33","date_gmt":"2020-08-04T23:28:33","guid":{"rendered":"https:\/\/enigma-catering.ch\/?post_type=product&#038;p=2711"},"modified":"2021-06-27T15:04:25","modified_gmt":"2021-06-27T15:04:25","slug":"corporate-events","status":"publish","type":"product","link":"https:\/\/enigma-catering.com\/fr\/product\/corporate-events\/","title":{"rendered":"Corporate events"},"content":{"rendered":"<p>[vc_row][vc_column][vc_column_text]Choisissez le mod\u00e8le d&rsquo;\u00e9v\u00e9nement dont vous avez besoin, je realiserai tout type de demande adapt\u00e9e \u00e0 vos besoins qui vous apportera, vous, vos invit\u00e9s et votre entreprise, une exp\u00e9rience unique.[\/vc_column_text][\/vc_column][\/vc_row][vc_row][vc_column]<div class=\"eltdf-elements-holder   eltdf-three-columns  eltdf-responsive-mode-1024 eltdf-one-column-alignment-center \" ><div class=\"eltdf-eh-item  eltdf-vertical-alignment-top eltdf-horizontal-alignment-center eltdf-element-from-bottom\"  data-item-class=\"eltdf-eh-custom-1484\" data-animation=\"eltdf-element-from-bottom\">\n\t<div class=\"eltdf-eh-item-inner\">\n\t\t<div class=\"eltdf-eh-item-content eltdf-eh-custom-1484\" style=\"padding: 20px\">\n\t\t\t[vc_column_text]<\/p>\n<h3 id=\"cc-m-header-7889825354\">PAUSE CAF\u00c9<\/h3>\n<p>[\/vc_column_text]<div class=\"eltdf-single-image-holder     eltdf-image-appear-none\">\n    <div class=\"eltdf-si-inner\" >\n                                                        <img src=\"https:\/\/enigma-catering.com\/wp-content\/uploads\/2020\/08\/OGMMA50-400x340.jpg\" alt=\"\" width=\"400\" height=\"340\" \/>                                                <\/div>\n<\/div>[vc_column_text]Pr\u00e9voyez une petite pause matinale apr\u00e8s une importante s\u00e9ance de travail \u00e0 votre guise.[\/vc_column_text]\t\t<\/div>\n\t<\/div>\n<\/div><div class=\"eltdf-eh-item  eltdf-vertical-alignment-top eltdf-horizontal-alignment-center eltdf-element-from-bottom\"  data-item-class=\"eltdf-eh-custom-1983\" data-animation=\"eltdf-element-from-bottom\" data-animation-delay=\"500\">\n\t<div class=\"eltdf-eh-item-inner\">\n\t\t<div class=\"eltdf-eh-item-content eltdf-eh-custom-1983\" style=\"padding: 20px\">\n\t\t\t[vc_column_text]<\/p>\n<h3 id=\"cc-m-header-7889824954\">BRUNCH<\/h3>\n<p>[\/vc_column_text]<div class=\"eltdf-single-image-holder     eltdf-image-appear-none\">\n    <div class=\"eltdf-si-inner\" >\n                                                        <img src=\"https:\/\/enigma-catering.com\/wp-content\/uploads\/2020\/08\/brunch-choice-crowd-dining-food-options-eating-P3UZ5BN-400x340.jpg\" alt=\"\" width=\"400\" height=\"340\" \/>                                                <\/div>\n<\/div>[vc_column_text]<span lang=\"fr-FR\">Avez-vous besoin d&rsquo;un petit dejeun\u00e9 plus consistant avec vos clients?<\/span><\/p>\n<p><span lang=\"fr-FR\">Donc un bon brunch et ce dont vous avez besoin.<\/span>[\/vc_column_text]\t\t<\/div>\n\t<\/div>\n<\/div><div class=\"eltdf-eh-item  eltdf-vertical-alignment-top eltdf-horizontal-alignment-center eltdf-element-from-bottom\"  data-item-class=\"eltdf-eh-custom-8098\" data-animation=\"eltdf-element-from-bottom\" data-animation-delay=\"1000\">\n\t<div class=\"eltdf-eh-item-inner\">\n\t\t<div class=\"eltdf-eh-item-content eltdf-eh-custom-8098\" style=\"padding: 20px\">\n\t\t\t[vc_column_text]<\/p>\n<h3 id=\"cc-m-header-7889825754\">LE D\u00c9JEUNER<\/h3>\n<p>[\/vc_column_text]<div class=\"eltdf-single-image-holder     eltdf-image-appear-none\">\n    <div class=\"eltdf-si-inner\" >\n                                                        <img src=\"https:\/\/enigma-catering.com\/wp-content\/uploads\/2020\/08\/business-meeting-eating-cheers-happiness-concept-PRWV4HK-1-400x340.jpg\" alt=\"\" width=\"400\" height=\"340\" \/>                                                <\/div>\n<\/div>[vc_column_text]<span lang=\"fr-FR\">L&rsquo;attention aux d\u00e9tails de l&rsquo;esth\u00e9tique et du go\u00fbt accompagnera vos invit\u00e9s dans un voyage sensationnel, gustatif et visuel unique.<\/span>[\/vc_column_text]\t\t<\/div>\n\t<\/div>\n<\/div><\/div>[\/vc_column][\/vc_row][vc_row][vc_column]<div class=\"eltdf-elements-holder   eltdf-three-columns  eltdf-responsive-mode-1024 eltdf-one-column-alignment-center \" ><div class=\"eltdf-eh-item  eltdf-vertical-alignment-top eltdf-horizontal-alignment-center eltdf-element-from-bottom\"  data-item-class=\"eltdf-eh-custom-3511\" data-animation=\"eltdf-element-from-bottom\">\n\t<div class=\"eltdf-eh-item-inner\">\n\t\t<div class=\"eltdf-eh-item-content eltdf-eh-custom-3511\" style=\"padding: 20px\">\n\t\t\t[vc_column_text]<\/p>\n<h3 id=\"cc-m-header-7889849554\">R\u00c9UNION<\/h3>\n<p>[\/vc_column_text]<div class=\"eltdf-single-image-holder     eltdf-image-appear-none\">\n    <div class=\"eltdf-si-inner\" >\n                                                        <img src=\"https:\/\/enigma-catering.com\/wp-content\/uploads\/2020\/08\/people-toasting-at-a-meal-PANWLZ4-400x340.jpg\" alt=\"\" width=\"400\" height=\"340\" \/>                                                <\/div>\n<\/div>[vc_column_text]Nous serons \u00e0 votre enti\u00e8re disposition, \u00e0 tout moment.[\/vc_column_text]\t\t<\/div>\n\t<\/div>\n<\/div><div class=\"eltdf-eh-item  eltdf-vertical-alignment-top eltdf-horizontal-alignment-center eltdf-element-from-bottom\"  data-item-class=\"eltdf-eh-custom-3960\" data-animation=\"eltdf-element-from-bottom\" data-animation-delay=\"500\">\n\t<div class=\"eltdf-eh-item-inner\">\n\t\t<div class=\"eltdf-eh-item-content eltdf-eh-custom-3960\" style=\"padding: 20px\">\n\t\t\t[vc_column_text]<\/p>\n<h3 id=\"cc-m-header-7889849654\">CELEBRATIONS<\/h3>\n<p>[\/vc_column_text]<div class=\"eltdf-single-image-holder     eltdf-image-appear-none\">\n    <div class=\"eltdf-si-inner\" >\n                                                        <img src=\"https:\/\/enigma-catering.com\/wp-content\/uploads\/2020\/08\/1832-400x340.jpg\" alt=\"\" width=\"400\" height=\"340\" \/>                                                <\/div>\n<\/div>[vc_column_text]<span lang=\"fr-FR\">C\u00e9l\u00e9brez avec nous l&rsquo;\u00e9v\u00e9nement le plus important de votre entreprise. Nous prenons soin de vos invit\u00e9s dans les moindres d\u00e9tails.<\/span>[\/vc_column_text]\t\t<\/div>\n\t<\/div>\n<\/div><div class=\"eltdf-eh-item  eltdf-vertical-alignment-top eltdf-horizontal-alignment-center eltdf-element-from-bottom\"  data-item-class=\"eltdf-eh-custom-5455\" data-animation=\"eltdf-element-from-bottom\" data-animation-delay=\"1000\">\n\t<div class=\"eltdf-eh-item-inner\">\n\t\t<div class=\"eltdf-eh-item-content eltdf-eh-custom-5455\" style=\"padding: 20px\">\n\t\t\t[vc_column_text]<\/p>\n<h3 id=\"cc-m-header-7889825754\">D\u00ceNER<\/h3>\n<p>[\/vc_column_text]<div class=\"eltdf-single-image-holder     eltdf-image-appear-none\">\n    <div class=\"eltdf-si-inner\" >\n                                                        <img src=\"https:\/\/enigma-catering.com\/wp-content\/uploads\/2020\/08\/13722-400x340.jpg\" alt=\"\" width=\"400\" height=\"340\" \/>                                                <\/div>\n<\/div>[vc_column_text]<span lang=\"fr-FR\">Rendez-vous en soir\u00e9e avec des clients importants?<\/span><\/p>\n<p><span lang=\"fr-FR\">Nous rendrons tout sp\u00e9cial et adapt\u00e9 \u00e0 vos besoins.<\/span>[\/vc_column_text]\t\t<\/div>\n\t<\/div>\n<\/div><\/div>[\/vc_column][\/vc_row]<\/p>\n","protected":false},"excerpt":{"rendered":"<p><span lang=\"fr-FR\">Enigma Catering propose une large gamme de services adapt\u00e9s \u00e0 tout type d&rsquo;\u00e9v\u00e9nement pour votre entreprise.<\/span><\/p>\n","protected":false},"featured_media":2673,"template":"","meta":{"spay_email":""},"yoast_head":"<!-- This site is optimized with the Yoast SEO plugin v14.9 - https:\/\/yoast.com\/wordpress\/plugins\/seo\/ -->\n<title>- Enigma Catering<\/title>\n<meta name=\"robots\" content=\"index, follow, max-snippet:-1, max-image-preview:large, max-video-preview:-1\" \/>\n<link rel=\"canonical\" href=\"https:\/\/enigma-catering.com\/product\/corporate-events\/\" \/>\n<meta property=\"og:locale\" content=\"fr_FR\" \/>\n<meta property=\"og:type\" content=\"article\" \/>\n<meta property=\"og:title\" content=\"- Enigma Catering\" \/>\n<meta property=\"og:url\" content=\"https:\/\/enigma-catering.com\/product\/corporate-events\/\" \/>\n<meta property=\"og:site_name\" content=\"Enigma Catering\" \/>\n<meta property=\"article:modified_time\" content=\"2021-06-27T15:04:25+00:00\" \/>\n<meta property=\"og:image\" content=\"https:\/\/enigma-catering.com\/wp-content\/uploads\/2020\/08\/image-2.jpg\" \/>\n\t<meta property=\"og:image:width\" content=\"1000\" \/>\n\t<meta property=\"og:image:height\" content=\"667\" \/>\n<meta name=\"twitter:card\" content=\"summary_large_image\" \/>\n<script type=\"application\/ld+json\" class=\"yoast-schema-graph\">{\"@context\":\"https:\/\/schema.org\",\"@graph\":[{\"@type\":\"Organization\",\"@id\":\"https:\/\/enigma-catering.com\/fr\/#organization\",\"name\":\"Enigma Catering\",\"url\":\"https:\/\/enigma-catering.com\/fr\/\",\"sameAs\":[],\"logo\":{\"@type\":\"ImageObject\",\"@id\":\"https:\/\/enigma-catering.com\/fr\/#logo\",\"inLanguage\":\"fr-FR\",\"url\":\"https:\/\/enigma-catering.com\/wp-content\/uploads\/2020\/09\/logo.png\",\"width\":442,\"height\":311,\"caption\":\"Enigma Catering\"},\"image\":{\"@id\":\"https:\/\/enigma-catering.com\/fr\/#logo\"}},{\"@type\":\"WebSite\",\"@id\":\"https:\/\/enigma-catering.com\/fr\/#website\",\"url\":\"https:\/\/enigma-catering.com\/fr\/\",\"name\":\"Enigma Catering\",\"description\":\"Daniele Verardi Catering Service\",\"publisher\":{\"@id\":\"https:\/\/enigma-catering.com\/fr\/#organization\"},\"potentialAction\":[{\"@type\":\"SearchAction\",\"target\":\"https:\/\/enigma-catering.com\/fr\/?s={search_term_string}\",\"query-input\":\"required name=search_term_string\"}],\"inLanguage\":\"fr-FR\"},{\"@type\":\"ImageObject\",\"@id\":\"https:\/\/enigma-catering.com\/product\/corporate-events\/#primaryimage\",\"inLanguage\":\"fr-FR\",\"url\":\"https:\/\/enigma-catering.com\/wp-content\/uploads\/2020\/08\/image-2.jpg\",\"width\":1000,\"height\":667},{\"@type\":\"WebPage\",\"@id\":\"https:\/\/enigma-catering.com\/product\/corporate-events\/#webpage\",\"url\":\"https:\/\/enigma-catering.com\/product\/corporate-events\/\",\"name\":\" - Enigma Catering\",\"isPartOf\":{\"@id\":\"https:\/\/enigma-catering.com\/fr\/#website\"},\"primaryImageOfPage\":{\"@id\":\"https:\/\/enigma-catering.com\/product\/corporate-events\/#primaryimage\"},\"datePublished\":\"2020-08-04T23:28:33+00:00\",\"dateModified\":\"2021-06-27T15:04:25+00:00\",\"inLanguage\":\"fr-FR\",\"potentialAction\":[{\"@type\":\"ReadAction\",\"target\":[\"https:\/\/enigma-catering.com\/product\/corporate-events\/\"]}]}]}<\/script>\n<!-- \/ Yoast SEO plugin. -->","_links":{"self":[{"href":"https:\/\/enigma-catering.com\/fr\/wp-json\/wp\/v2\/product\/2711"}],"collection":[{"href":"https:\/\/enigma-catering.com\/fr\/wp-json\/wp\/v2\/product"}],"about":[{"href":"https:\/\/enigma-catering.com\/fr\/wp-json\/wp\/v2\/types\/product"}],"wp:featuredmedia":[{"embeddable":true,"href":"https:\/\/enigma-catering.com\/fr\/wp-json\/wp\/v2\/media\/2673"}],"wp:attachment":[{"href":"https:\/\/enigma-catering.com\/fr\/wp-json\/wp\/v2\/media?parent=2711"}],"curies":[{"name":"wp","href":"https:\/\/api.w.org\/{rel}","templated":true}]}}