{"id":2696,"date":"2020-08-03T14:10:11","date_gmt":"2020-08-03T14:10:11","guid":{"rendered":"https:\/\/enigma-catering.ch\/?post_type=product&#038;p=2696"},"modified":"2020-08-19T22:09:12","modified_gmt":"2020-08-19T22:09:12","slug":"weddings","status":"publish","type":"product","link":"https:\/\/enigma-catering.com\/fr\/product\/weddings\/","title":{"rendered":"MARIAGES"},"content":{"rendered":"<p>[vc_row][vc_column]<div class=\"eltdf-section-title-holder    eltdf-st-decor-animation\" style=\"text-align: center\">\n\t<div class=\"eltdf-st-inner\">\n        \t\t            <div class=\"eltdf-st-title-holder\">\n                                    <div class=\"decor\"><svg xmlns=\"http:\/\/www.w3.org\/2000\/svg\" width=\"41.125\" height=\"9.146\">\n                            <path fill=\"none\" stroke=\"#9C7C57\" stroke-miterlimit=\"10\" d=\"M40.881 8.576L20.562.591.244 8.576\"\/>\n                            <path fill=\"none\" stroke=\"#9C7C57\" stroke-miterlimit=\"10\" d=\"M40.881.591L20.562 8.576.243.591\"\/>\n                        <\/svg><\/div>\n                                <h3 class=\"eltdf-st-title\" >\n                    NOUS PRENDRONS SOIN DE CHAQUE D\u00c9TAIL                <\/h3>\n                                    <div class=\"decor\"><svg xmlns=\"http:\/\/www.w3.org\/2000\/svg\" width=\"41.125\" height=\"9.146\">\n                            <path fill=\"none\" stroke=\"#9C7C57\" stroke-miterlimit=\"10\" d=\"M40.881 8.576L20.562.591.244 8.576\"\/>\n                            <path fill=\"none\" stroke=\"#9C7C57\" stroke-miterlimit=\"10\" d=\"M40.881.591L20.562 8.576.243.591\"\/>\n                        <\/svg><\/div>\n                            <\/div>\n\t\t\t\t\t\t\t<\/div>\n<\/div>[\/vc_column][\/vc_row][vc_row][vc_column]<div class=\"eltdf-elements-holder   eltdf-three-columns  eltdf-responsive-mode-1024 eltdf-one-column-alignment-center \" ><div class=\"eltdf-eh-item  eltdf-vertical-alignment-top eltdf-horizontal-alignment-center eltdf-element-from-bottom\"  data-item-class=\"eltdf-eh-custom-6899\" data-animation=\"eltdf-element-from-bottom\">\n\t<div class=\"eltdf-eh-item-inner\">\n\t\t<div class=\"eltdf-eh-item-content eltdf-eh-custom-6899\" style=\"padding: 20px\">\n\t\t\t[vc_column_text]<\/p>\n<h3>MENU<\/h3>\n<p>[\/vc_column_text]<div class=\"eltdf-single-image-holder     eltdf-image-appear-none\">\n    <div class=\"eltdf-si-inner\" >\n                                                        <img src=\"https:\/\/enigma-catering.com\/wp-content\/uploads\/2020\/08\/image2-2-400x340.jpg\" alt=\"\" width=\"400\" height=\"340\" \/>                                                <\/div>\n<\/div>[vc_column_text]<span lang=\"fr-FR\">Nous d\u00e9ciderons ensemble d&rsquo;un menu qui satisfera tout type de d\u00e9sir afin que vous puissiez passer votre journ\u00e9e inoubliable, de la meilleure fa\u00e7on.<\/span>[\/vc_column_text]\t\t<\/div>\n\t<\/div>\n<\/div><div class=\"eltdf-eh-item  eltdf-vertical-alignment-top eltdf-horizontal-alignment-center eltdf-element-from-bottom\"  data-item-class=\"eltdf-eh-custom-8287\" data-animation=\"eltdf-element-from-bottom\" data-animation-delay=\"500\">\n\t<div class=\"eltdf-eh-item-inner\">\n\t\t<div class=\"eltdf-eh-item-content eltdf-eh-custom-8287\" style=\"padding: 20px\">\n\t\t\t[vc_column_text]<\/p>\n<h3>EMPLACEMENT<\/h3>\n<p>[\/vc_column_text]<div class=\"eltdf-single-image-holder     eltdf-image-appear-none\">\n    <div class=\"eltdf-si-inner\" >\n                                                        <img src=\"https:\/\/enigma-catering.com\/wp-content\/uploads\/2020\/08\/6509-400x340.jpg\" alt=\"\" width=\"400\" height=\"340\" \/>                                                <\/div>\n<\/div>[vc_column_text]<span lang=\"fr-FR\">Faites vivre \u00e0 vos invit\u00e9s une exp\u00e9rience de r\u00eave dans votre lieu pr\u00e9f\u00e9r\u00e9 du monde.<\/span>[\/vc_column_text]\t\t<\/div>\n\t<\/div>\n<\/div><div class=\"eltdf-eh-item  eltdf-vertical-alignment-top eltdf-horizontal-alignment-center eltdf-element-from-bottom\"  data-item-class=\"eltdf-eh-custom-5476\" data-animation=\"eltdf-element-from-bottom\" data-animation-delay=\"1000\">\n\t<div class=\"eltdf-eh-item-inner\">\n\t\t<div class=\"eltdf-eh-item-content eltdf-eh-custom-5476\" style=\"padding: 20px\">\n\t\t\t[vc_column_text]<\/p>\n<h3>CONCEPTION<\/h3>\n<p>[\/vc_column_text]<div class=\"eltdf-single-image-holder     eltdf-image-appear-none\">\n    <div class=\"eltdf-si-inner\" >\n                                                        <img src=\"https:\/\/enigma-catering.com\/wp-content\/uploads\/2020\/08\/688-400x340.jpg\" alt=\"\" width=\"400\" height=\"340\" \/>                                                <\/div>\n<\/div>[vc_column_text]L&rsquo;attention aux d\u00e9tails de l&rsquo;esth\u00e9tique et du go\u00fbt accompagnera vos invit\u00e9s dans un voyage sensationnel, gustatif et visuel unique.[\/vc_column_text]\t\t<\/div>\n\t<\/div>\n<\/div><\/div>[\/vc_column][\/vc_row]<\/p>\n","protected":false},"excerpt":{"rendered":"<p><span lang=\"fr-FR\">Rendez le jour le plus important de votre vie inoubliable et unique.<\/span><\/p>\n<p><span lang=\"fr-FR\">Nous vous fournirons un service de haut niveau gr\u00e2ce \u00e0 un personnel s\u00e9lectionn\u00e9 et hautement qualifi\u00e9 qui vous accompagnera dans un voyage de saveurs qui \u00e9merveillera vos invit\u00e9s.<\/span><\/p>\n","protected":false},"featured_media":2676,"template":"","meta":{"spay_email":""},"yoast_head":"<!-- This site is optimized with the Yoast SEO plugin v14.9 - https:\/\/yoast.com\/wordpress\/plugins\/seo\/ -->\n<title>MARIAGES - Enigma Catering<\/title>\n<meta name=\"robots\" content=\"index, follow, max-snippet:-1, max-image-preview:large, max-video-preview:-1\" \/>\n<link rel=\"canonical\" href=\"https:\/\/enigma-catering.com\/product\/weddings\/\" \/>\n<meta property=\"og:locale\" content=\"fr_FR\" \/>\n<meta property=\"og:type\" content=\"article\" \/>\n<meta property=\"og:title\" content=\"MARIAGES - Enigma Catering\" \/>\n<meta property=\"og:url\" content=\"https:\/\/enigma-catering.com\/product\/weddings\/\" \/>\n<meta property=\"og:site_name\" content=\"Enigma Catering\" \/>\n<meta property=\"article:modified_time\" content=\"2020-08-19T22:09:12+00:00\" \/>\n<meta property=\"og:image\" content=\"https:\/\/enigma-catering.com\/wp-content\/uploads\/2020\/08\/image1-4.jpg\" \/>\n\t<meta property=\"og:image:width\" content=\"2048\" \/>\n\t<meta property=\"og:image:height\" content=\"1365\" \/>\n<meta name=\"twitter:card\" content=\"summary_large_image\" \/>\n<script type=\"application\/ld+json\" class=\"yoast-schema-graph\">{\"@context\":\"https:\/\/schema.org\",\"@graph\":[{\"@type\":\"Organization\",\"@id\":\"https:\/\/enigma-catering.com\/fr\/#organization\",\"name\":\"Enigma Catering\",\"url\":\"https:\/\/enigma-catering.com\/fr\/\",\"sameAs\":[],\"logo\":{\"@type\":\"ImageObject\",\"@id\":\"https:\/\/enigma-catering.com\/fr\/#logo\",\"inLanguage\":\"fr-FR\",\"url\":\"https:\/\/enigma-catering.com\/wp-content\/uploads\/2020\/09\/logo.png\",\"width\":442,\"height\":311,\"caption\":\"Enigma Catering\"},\"image\":{\"@id\":\"https:\/\/enigma-catering.com\/fr\/#logo\"}},{\"@type\":\"WebSite\",\"@id\":\"https:\/\/enigma-catering.com\/fr\/#website\",\"url\":\"https:\/\/enigma-catering.com\/fr\/\",\"name\":\"Enigma Catering\",\"description\":\"Daniele Verardi Catering Service\",\"publisher\":{\"@id\":\"https:\/\/enigma-catering.com\/fr\/#organization\"},\"potentialAction\":[{\"@type\":\"SearchAction\",\"target\":\"https:\/\/enigma-catering.com\/fr\/?s={search_term_string}\",\"query-input\":\"required name=search_term_string\"}],\"inLanguage\":\"fr-FR\"},{\"@type\":\"ImageObject\",\"@id\":\"https:\/\/enigma-catering.com\/product\/weddings\/#primaryimage\",\"inLanguage\":\"fr-FR\",\"url\":\"https:\/\/enigma-catering.com\/wp-content\/uploads\/2020\/08\/image1-4.jpg\",\"width\":2048,\"height\":1365},{\"@type\":\"WebPage\",\"@id\":\"https:\/\/enigma-catering.com\/product\/weddings\/#webpage\",\"url\":\"https:\/\/enigma-catering.com\/product\/weddings\/\",\"name\":\"MARIAGES - Enigma Catering\",\"isPartOf\":{\"@id\":\"https:\/\/enigma-catering.com\/fr\/#website\"},\"primaryImageOfPage\":{\"@id\":\"https:\/\/enigma-catering.com\/product\/weddings\/#primaryimage\"},\"datePublished\":\"2020-08-03T14:10:11+00:00\",\"dateModified\":\"2020-08-19T22:09:12+00:00\",\"inLanguage\":\"fr-FR\",\"potentialAction\":[{\"@type\":\"ReadAction\",\"target\":[\"https:\/\/enigma-catering.com\/product\/weddings\/\"]}]}]}<\/script>\n<!-- \/ Yoast SEO plugin. -->","_links":{"self":[{"href":"https:\/\/enigma-catering.com\/fr\/wp-json\/wp\/v2\/product\/2696"}],"collection":[{"href":"https:\/\/enigma-catering.com\/fr\/wp-json\/wp\/v2\/product"}],"about":[{"href":"https:\/\/enigma-catering.com\/fr\/wp-json\/wp\/v2\/types\/product"}],"wp:featuredmedia":[{"embeddable":true,"href":"https:\/\/enigma-catering.com\/fr\/wp-json\/wp\/v2\/media\/2676"}],"wp:attachment":[{"href":"https:\/\/enigma-catering.com\/fr\/wp-json\/wp\/v2\/media?parent=2696"}],"curies":[{"name":"wp","href":"https:\/\/api.w.org\/{rel}","templated":true}]}}