{"id":2691,"date":"2020-08-03T13:49:48","date_gmt":"2020-08-03T13:49:48","guid":{"rendered":"https:\/\/enigma-catering.ch\/?post_type=product&#038;p=2691"},"modified":"2020-09-02T14:21:55","modified_gmt":"2020-09-02T14:21:55","slug":"show-cooking","status":"publish","type":"product","link":"https:\/\/enigma-catering.com\/fr\/product\/show-cooking\/","title":{"rendered":"SHOW COOKING"},"content":{"rendered":"<p>[vc_row pattern_svg_path=\u00a0\u00bb\u00a0\u00bb][vc_column]<div class=\"eltdf-section-title-holder    eltdf-st-decor-animation\" style=\"text-align: center\">\n\t<div class=\"eltdf-st-inner\">\n        \t\t            <div class=\"eltdf-st-title-holder\">\n                                    <div class=\"decor\"><svg xmlns=\"http:\/\/www.w3.org\/2000\/svg\" width=\"41.125\" height=\"9.146\">\n                            <path fill=\"none\" stroke=\"#9C7C57\" stroke-miterlimit=\"10\" d=\"M40.881 8.576L20.562.591.244 8.576\"\/>\n                            <path fill=\"none\" stroke=\"#9C7C57\" stroke-miterlimit=\"10\" d=\"M40.881.591L20.562 8.576.243.591\"\/>\n                        <\/svg><\/div>\n                                <h3 class=\"eltdf-st-title\" >\n                    GET IN PLAY                <\/h3>\n                                    <div class=\"decor\"><svg xmlns=\"http:\/\/www.w3.org\/2000\/svg\" width=\"41.125\" height=\"9.146\">\n                            <path fill=\"none\" stroke=\"#9C7C57\" stroke-miterlimit=\"10\" d=\"M40.881 8.576L20.562.591.244 8.576\"\/>\n                            <path fill=\"none\" stroke=\"#9C7C57\" stroke-miterlimit=\"10\" d=\"M40.881.591L20.562 8.576.243.591\"\/>\n                        <\/svg><\/div>\n                            <\/div>\n\t\t\t\t\t\t\t<\/div>\n<\/div>[\/vc_column][\/vc_row][vc_row][vc_column][vc_column_text]<span lang=\"fr-FR\">Apprenez \u00e0 cuisiner et \u00e0 go\u00fbter ce que vous pr\u00e9parez de vos propres mains.<\/span><\/p>\n<p><span lang=\"fr-FR\">Le show cooking est une exp\u00e9rience unique dans laquelle le chef devant un public r\u00e9v\u00e8le des astuces, des curiosit\u00e9s et des anecdotes sur les recettes de tous les plats qui seront d\u00e9gust\u00e9s.<\/span><\/p>\n<p><span lang=\"fr-FR\">Le show cooking, c&rsquo;est comme aller au th\u00e9\u00e2tre, ici, cependant, la sc\u00e8ne se compose d&rsquo;une cuisine et l&rsquo;acteur principal est le chef.<\/span>[\/vc_column_text][\/vc_column][\/vc_row][vc_row][vc_column width=\u00a0\u00bb1\/3&Prime;][vc_column_text]<\/p>\n<h3 id=\"cc-m-header-7953792354\" class=\"\">1 mois<\/h3>\n<p>[\/vc_column_text][\/vc_column][vc_column width=\u00a0\u00bb1\/3&Prime;][vc_column_text]<\/p>\n<h3 id=\"cc-m-header-7953792454\" class=\"\">6 mois<\/h3>\n<p>[\/vc_column_text][\/vc_column][vc_column width=\u00a0\u00bb1\/3&Prime;][vc_column_text]<\/p>\n<h3 id=\"cc-m-header-7953794154\" class=\"\">1 ann\u00e9e<\/h3>\n<p>[\/vc_column_text][\/vc_column][\/vc_row]<\/p>\n","protected":false},"excerpt":{"rendered":"<p><span lang=\"fr-FR\">Apprenez \u00e0 cuisiner avec moi, je vous apprendrai pas \u00e0 pas toutes mes connaissances de toutes les recettes de la cuisine traditionnelle italienne.<\/span><\/p>\n<p><span lang=\"fr-FR\">Tous les dimanches de 14h00 \u00e0 19h00<\/span><\/p>\n","protected":false},"featured_media":2683,"template":"","meta":{"spay_email":""},"yoast_head":"<!-- This site is optimized with the Yoast SEO plugin v14.9 - https:\/\/yoast.com\/wordpress\/plugins\/seo\/ -->\n<title>SHOW COOKING - Enigma Catering<\/title>\n<meta name=\"robots\" content=\"index, follow, max-snippet:-1, max-image-preview:large, max-video-preview:-1\" \/>\n<link rel=\"canonical\" href=\"https:\/\/enigma-catering.com\/product\/show-cooking\/\" \/>\n<meta property=\"og:locale\" content=\"fr_FR\" \/>\n<meta property=\"og:type\" content=\"article\" \/>\n<meta property=\"og:title\" content=\"SHOW COOKING - Enigma Catering\" \/>\n<meta property=\"og:url\" content=\"https:\/\/enigma-catering.com\/product\/show-cooking\/\" \/>\n<meta property=\"og:site_name\" content=\"Enigma Catering\" \/>\n<meta property=\"article:modified_time\" content=\"2020-09-02T14:21:55+00:00\" \/>\n<meta property=\"og:image\" content=\"https:\/\/enigma-catering.com\/wp-content\/uploads\/2020\/08\/image4-1.jpg\" \/>\n\t<meta property=\"og:image:width\" content=\"460\" \/>\n\t<meta property=\"og:image:height\" content=\"307\" \/>\n<meta name=\"twitter:card\" content=\"summary_large_image\" \/>\n<script type=\"application\/ld+json\" class=\"yoast-schema-graph\">{\"@context\":\"https:\/\/schema.org\",\"@graph\":[{\"@type\":\"Organization\",\"@id\":\"https:\/\/enigma-catering.com\/fr\/#organization\",\"name\":\"Enigma Catering\",\"url\":\"https:\/\/enigma-catering.com\/fr\/\",\"sameAs\":[],\"logo\":{\"@type\":\"ImageObject\",\"@id\":\"https:\/\/enigma-catering.com\/fr\/#logo\",\"inLanguage\":\"fr-FR\",\"url\":\"https:\/\/enigma-catering.com\/wp-content\/uploads\/2020\/09\/logo.png\",\"width\":442,\"height\":311,\"caption\":\"Enigma Catering\"},\"image\":{\"@id\":\"https:\/\/enigma-catering.com\/fr\/#logo\"}},{\"@type\":\"WebSite\",\"@id\":\"https:\/\/enigma-catering.com\/fr\/#website\",\"url\":\"https:\/\/enigma-catering.com\/fr\/\",\"name\":\"Enigma Catering\",\"description\":\"Daniele Verardi Catering Service\",\"publisher\":{\"@id\":\"https:\/\/enigma-catering.com\/fr\/#organization\"},\"potentialAction\":[{\"@type\":\"SearchAction\",\"target\":\"https:\/\/enigma-catering.com\/fr\/?s={search_term_string}\",\"query-input\":\"required name=search_term_string\"}],\"inLanguage\":\"fr-FR\"},{\"@type\":\"ImageObject\",\"@id\":\"https:\/\/enigma-catering.com\/product\/show-cooking\/#primaryimage\",\"inLanguage\":\"fr-FR\",\"url\":\"https:\/\/enigma-catering.com\/wp-content\/uploads\/2020\/08\/image4-1.jpg\",\"width\":460,\"height\":307},{\"@type\":\"WebPage\",\"@id\":\"https:\/\/enigma-catering.com\/product\/show-cooking\/#webpage\",\"url\":\"https:\/\/enigma-catering.com\/product\/show-cooking\/\",\"name\":\"SHOW COOKING - Enigma Catering\",\"isPartOf\":{\"@id\":\"https:\/\/enigma-catering.com\/fr\/#website\"},\"primaryImageOfPage\":{\"@id\":\"https:\/\/enigma-catering.com\/product\/show-cooking\/#primaryimage\"},\"datePublished\":\"2020-08-03T13:49:48+00:00\",\"dateModified\":\"2020-09-02T14:21:55+00:00\",\"inLanguage\":\"fr-FR\",\"potentialAction\":[{\"@type\":\"ReadAction\",\"target\":[\"https:\/\/enigma-catering.com\/product\/show-cooking\/\"]}]}]}<\/script>\n<!-- \/ Yoast SEO plugin. -->","_links":{"self":[{"href":"https:\/\/enigma-catering.com\/fr\/wp-json\/wp\/v2\/product\/2691"}],"collection":[{"href":"https:\/\/enigma-catering.com\/fr\/wp-json\/wp\/v2\/product"}],"about":[{"href":"https:\/\/enigma-catering.com\/fr\/wp-json\/wp\/v2\/types\/product"}],"wp:featuredmedia":[{"embeddable":true,"href":"https:\/\/enigma-catering.com\/fr\/wp-json\/wp\/v2\/media\/2683"}],"wp:attachment":[{"href":"https:\/\/enigma-catering.com\/fr\/wp-json\/wp\/v2\/media?parent=2691"}],"curies":[{"name":"wp","href":"https:\/\/api.w.org\/{rel}","templated":true}]}}