{"id":2776,"date":"2020-08-09T21:55:54","date_gmt":"2020-08-09T21:55:54","guid":{"rendered":"https:\/\/enigma-catering.ch\/?page_id=2776"},"modified":"2020-09-07T18:34:48","modified_gmt":"2020-09-07T18:34:48","slug":"consultancy","status":"publish","type":"page","link":"https:\/\/enigma-catering.com\/fr\/consultancy\/","title":{"rendered":"CONSULTATION"},"content":{"rendered":"<p>[vc_row][vc_column][vc_empty_space height=\u00a0\u00bb90px\u00a0\u00bb][\/vc_column][\/vc_row][vc_row row_content_width=\u00a0\u00bbgrid\u00a0\u00bb pattern_svg_path=\u00a0\u00bb\u00a0\u00bb][vc_column]<div class=\"eltdf-elements-holder   eltdf-one-column  eltdf-responsive-mode-768 eltdf-one-column-alignment-center \" ><div class=\"eltdf-eh-item   eltdf-horizontal-alignment-center \"  data-item-class=\"eltdf-eh-custom-8425\" data-1400-1600=\"0 5% 0 0\" data-1025-1399=\"0 5% 0 0\" data-769-1024=\"0 0\" data-681-768=\"0 0\" data-680=\"0 0\">\n\t<div class=\"eltdf-eh-item-inner\">\n\t\t<div class=\"eltdf-eh-item-content eltdf-eh-custom-8425\" style=\"padding: 0 7% 0 0\">\n\t\t\t[vc_column_text]<span lang=\"fr-FR\">\u00cates-vous un entrepreneur \u00e0 la recherche d&rsquo;une exp\u00e9rience dans le secteur gastronomique?<\/span><\/p>\n<p><span lang=\"fr-FR\">Vous souhaitez ouvrir un restaurant mais vous ne savez pas comment cela fonctionne ou comment d\u00e9marrer votre propre entreprise?<\/span><\/p>\n<p><span lang=\"fr-FR\">Contactez-moi et je peux vous aider dans la r\u00e9alisation de votre projet,<\/span><\/p>\n<p><span lang=\"fr-FR\">afin que vous obteniez l&rsquo;endroit de vos r\u00eaves.<\/span>[\/vc_column_text]\t\t<\/div>\n\t<\/div>\n<\/div><\/div>[\/vc_column][\/vc_row][vc_row][vc_column][vc_empty_space height=\u00a0\u00bb90px\u00a0\u00bb][\/vc_column][\/vc_row][vc_row equal_height=\u00a0\u00bbyes\u00a0\u00bb content_placement=\u00a0\u00bbmiddle\u00a0\u00bb row_content_width=\u00a0\u00bbgrid\u00a0\u00bb pattern_svg_path=\u00a0\u00bb\u00a0\u00bb][vc_column]<div class=\"eltdf-elements-holder   eltdf-two-columns  eltdf-responsive-mode-1024 eltdf-one-column-alignment-center fifty-fifty\" ><div class=\"eltdf-eh-item   eltdf-horizontal-alignment-center \"  data-item-class=\"eltdf-eh-custom-2617\" data-1400-1600=\"0 5% 0 0\" data-1025-1399=\"0 5% 0 0\" data-769-1024=\"0 0\" data-681-768=\"0 0\" data-680=\"0 0\">\n\t<div class=\"eltdf-eh-item-inner\">\n\t\t<div class=\"eltdf-eh-item-content eltdf-eh-custom-2617\" style=\"padding: 0 7% 0 0\">\n\t\t\t<div class=\"eltdf-single-image-holder     eltdf-image-appear-from-top\">\n    <div class=\"eltdf-si-inner\" >\n                                                        <img src=\"https:\/\/enigma-catering.com\/wp-content\/uploads\/2020\/08\/5245-600x400.jpg\" alt=\"\" width=\"600\" height=\"400\" \/>                                                <\/div>\n<\/div>\t\t<\/div>\n\t<\/div>\n<\/div><div class=\"eltdf-eh-item   eltdf-horizontal-alignment-center eltdf-element-from-bottom\"  data-item-class=\"eltdf-eh-custom-2284\" data-animation=\"eltdf-element-from-bottom\" data-1400-1600=\"0 0 0 11%\" data-1025-1399=\"0 0 0 11%\" data-769-1024=\"80px 11% 0 11%\" data-681-768=\"80px 11% 0 11%\" data-680=\"80px 2% 0 2%\">\n\t<div class=\"eltdf-eh-item-inner\">\n\t\t<div class=\"eltdf-eh-item-content eltdf-eh-custom-2284\" style=\"padding: 0 11% 8px 11%\">\n\t\t\t<div class=\"eltdf-section-title-holder    eltdf-st-decor-animation\" style=\"text-align: center\">\n\t<div class=\"eltdf-st-inner\">\n        \t\t            <div class=\"eltdf-st-title-holder\">\n                                    <div class=\"decor\"><svg xmlns=\"http:\/\/www.w3.org\/2000\/svg\" width=\"41.125\" height=\"9.146\">\n                            <path fill=\"none\" stroke=\"#9C7C57\" stroke-miterlimit=\"10\" d=\"M40.881 8.576L20.562.591.244 8.576\"\/>\n                            <path fill=\"none\" stroke=\"#9C7C57\" stroke-miterlimit=\"10\" d=\"M40.881.591L20.562 8.576.243.591\"\/>\n                        <\/svg><\/div>\n                                <h3 class=\"eltdf-st-title\" >\n                    CONSULTATION                <\/h3>\n                                    <div class=\"decor\"><svg xmlns=\"http:\/\/www.w3.org\/2000\/svg\" width=\"41.125\" height=\"9.146\">\n                            <path fill=\"none\" stroke=\"#9C7C57\" stroke-miterlimit=\"10\" d=\"M40.881 8.576L20.562.591.244 8.576\"\/>\n                            <path fill=\"none\" stroke=\"#9C7C57\" stroke-miterlimit=\"10\" d=\"M40.881.591L20.562 8.576.243.591\"\/>\n                        <\/svg><\/div>\n                            <\/div>\n\t\t\t\t\t\t\t<p class=\"eltdf-st-text\" >\n\t\t\t\tDans un premier temps, nous allons nous asseoir ensemble et vous me direz tout sur votre club id\u00e9al.<br \/>\nDu type de menu \u00e0 l'emplacement, le style et la d\u00e9coration.\t\t\t<\/p>\n\t\t\t\t\t<\/div>\n<\/div>\t\t<\/div>\n\t<\/div>\n<\/div><\/div>[\/vc_column][\/vc_row][vc_row][vc_column offset=\u00a0\u00bbvc_hidden-sm vc_hidden-xs\u00a0\u00bb]<div class=\"eltdf-elements-holder   eltdf-one-column  eltdf-responsive-mode-768  \" ><div class=\"eltdf-eh-item   eltdf-horizontal-alignment-center \"  data-item-class=\"eltdf-eh-custom-2725\">\n\t<div class=\"eltdf-eh-item-inner\">\n\t\t<div class=\"eltdf-eh-item-content eltdf-eh-custom-2725\" >\n\t\t\t<div class=\"eltdf-single-image-holder     eltdf-image-appear-from-top\">\n    <div class=\"eltdf-si-inner\" >\n                                                        <img width=\"1300\" height=\"188\" src=\"https:\/\/enigma-catering.com\/wp-content\/uploads\/2020\/08\/line-1.png\" class=\"attachment-full size-full\" alt=\"\" loading=\"lazy\" srcset=\"https:\/\/enigma-catering.com\/wp-content\/uploads\/2020\/08\/line-1.png 1300w, https:\/\/enigma-catering.com\/wp-content\/uploads\/2020\/08\/line-1-600x87.png 600w, https:\/\/enigma-catering.com\/wp-content\/uploads\/2020\/08\/line-1-300x43.png 300w, https:\/\/enigma-catering.com\/wp-content\/uploads\/2020\/08\/line-1-1024x148.png 1024w, https:\/\/enigma-catering.com\/wp-content\/uploads\/2020\/08\/line-1-768x111.png 768w\" sizes=\"(max-width: 1300px) 100vw, 1300px\" \/>                                                <\/div>\n<\/div>\t\t<\/div>\n\t<\/div>\n<\/div><\/div>[\/vc_column][\/vc_row][vc_row equal_height=\u00a0\u00bbyes\u00a0\u00bb content_placement=\u00a0\u00bbmiddle\u00a0\u00bb row_content_width=\u00a0\u00bbgrid\u00a0\u00bb pattern_svg_path=\u00a0\u00bb\u00a0\u00bb][vc_column]<div class=\"eltdf-elements-holder small-flex  eltdf-two-columns  eltdf-responsive-mode-1024 eltdf-one-column-alignment-center fifty-fifty\" ><div class=\"eltdf-eh-item   eltdf-horizontal-alignment-center eltdf-element-from-bottom\"  data-item-class=\"eltdf-eh-custom-5752\" data-animation=\"eltdf-element-from-bottom\" data-1400-1600=\"0 11% 0 0\" data-1025-1399=\"0 11% 0 0\" data-769-1024=\"80px 11% 80px 11%\" data-681-768=\"80px 11% 80px 11%\" data-680=\"80px 2% 80px 2%\">\n\t<div class=\"eltdf-eh-item-inner\">\n\t\t<div class=\"eltdf-eh-item-content eltdf-eh-custom-5752\" style=\"padding: 0 11% 8px 11%\">\n\t\t\t<div class=\"eltdf-section-title-holder    eltdf-st-decor-animation\" style=\"text-align: center\">\n\t<div class=\"eltdf-st-inner\">\n        \t\t            <div class=\"eltdf-st-title-holder\">\n                                    <div class=\"decor\"><svg xmlns=\"http:\/\/www.w3.org\/2000\/svg\" width=\"41.125\" height=\"9.146\">\n                            <path fill=\"none\" stroke=\"#9C7C57\" stroke-miterlimit=\"10\" d=\"M40.881 8.576L20.562.591.244 8.576\"\/>\n                            <path fill=\"none\" stroke=\"#9C7C57\" stroke-miterlimit=\"10\" d=\"M40.881.591L20.562 8.576.243.591\"\/>\n                        <\/svg><\/div>\n                                <h3 class=\"eltdf-st-title\" >\n                    EMPLACEMENT                <\/h3>\n                                    <div class=\"decor\"><svg xmlns=\"http:\/\/www.w3.org\/2000\/svg\" width=\"41.125\" height=\"9.146\">\n                            <path fill=\"none\" stroke=\"#9C7C57\" stroke-miterlimit=\"10\" d=\"M40.881 8.576L20.562.591.244 8.576\"\/>\n                            <path fill=\"none\" stroke=\"#9C7C57\" stroke-miterlimit=\"10\" d=\"M40.881.591L20.562 8.576.243.591\"\/>\n                        <\/svg><\/div>\n                            <\/div>\n\t\t\t\t\t\t\t<p class=\"eltdf-st-text\" >\n\t\t\t\tEnsuite, nous passerons \u00e0 la r\u00e9alisation du d\u00e9tail, aux fournitures et aux divers stocks.\t\t\t<\/p>\n\t\t\t\t\t<\/div>\n<\/div>\t\t<\/div>\n\t<\/div>\n<\/div><div class=\"eltdf-eh-item   eltdf-horizontal-alignment-center \"  data-item-class=\"eltdf-eh-custom-2949\" data-1400-1600=\"0 0 0 5%\" data-1025-1399=\"0 0 0 5%\" data-769-1024=\"80px 0 0 0\" data-681-768=\"80px 0 0 0\" data-680=\"80px 0 0 0\">\n\t<div class=\"eltdf-eh-item-inner\">\n\t\t<div class=\"eltdf-eh-item-content eltdf-eh-custom-2949\" style=\"padding: 0 0 0 7%\">\n\t\t\t<div class=\"eltdf-single-image-holder     eltdf-image-appear-from-top\">\n    <div class=\"eltdf-si-inner\" >\n                                                        <img src=\"https:\/\/enigma-catering.com\/wp-content\/uploads\/2020\/08\/2341-600x400.jpg\" alt=\"\" width=\"600\" height=\"400\" \/>                                                <\/div>\n<\/div>\t\t<\/div>\n\t<\/div>\n<\/div><\/div>[\/vc_column][\/vc_row][vc_row][vc_column offset=\u00a0\u00bbvc_hidden-sm vc_hidden-xs\u00a0\u00bb]<div class=\"eltdf-elements-holder   eltdf-one-column  eltdf-responsive-mode-768  \" ><div class=\"eltdf-eh-item   eltdf-horizontal-alignment-center \"  data-item-class=\"eltdf-eh-custom-9110\">\n\t<div class=\"eltdf-eh-item-inner\">\n\t\t<div class=\"eltdf-eh-item-content eltdf-eh-custom-9110\" >\n\t\t\t<div class=\"eltdf-single-image-holder     eltdf-image-appear-from-top\">\n    <div class=\"eltdf-si-inner\" >\n                                                        <img width=\"1300\" height=\"188\" src=\"https:\/\/enigma-catering.com\/wp-content\/uploads\/2020\/08\/line-inverse.png\" class=\"attachment-full size-full\" alt=\"\" loading=\"lazy\" srcset=\"https:\/\/enigma-catering.com\/wp-content\/uploads\/2020\/08\/line-inverse.png 1300w, https:\/\/enigma-catering.com\/wp-content\/uploads\/2020\/08\/line-inverse-600x87.png 600w, https:\/\/enigma-catering.com\/wp-content\/uploads\/2020\/08\/line-inverse-300x43.png 300w, https:\/\/enigma-catering.com\/wp-content\/uploads\/2020\/08\/line-inverse-1024x148.png 1024w, https:\/\/enigma-catering.com\/wp-content\/uploads\/2020\/08\/line-inverse-768x111.png 768w\" sizes=\"(max-width: 1300px) 100vw, 1300px\" \/>                                                <\/div>\n<\/div>\t\t<\/div>\n\t<\/div>\n<\/div><\/div>[\/vc_column][\/vc_row][vc_row equal_height=\u00a0\u00bbyes\u00a0\u00bb content_placement=\u00a0\u00bbmiddle\u00a0\u00bb row_content_width=\u00a0\u00bbgrid\u00a0\u00bb pattern_svg_path=\u00a0\u00bb\u00a0\u00bb][vc_column]<div class=\"eltdf-elements-holder   eltdf-two-columns  eltdf-responsive-mode-1024 eltdf-one-column-alignment-center fifty-fifty\" ><div class=\"eltdf-eh-item   eltdf-horizontal-alignment-center \"  data-item-class=\"eltdf-eh-custom-3824\" data-1400-1600=\"0 5% 0 0\" data-1025-1399=\"0 5% 0 0\" data-769-1024=\"0 0\" data-681-768=\"0 0\" data-680=\"0 0\">\n\t<div class=\"eltdf-eh-item-inner\">\n\t\t<div class=\"eltdf-eh-item-content eltdf-eh-custom-3824\" style=\"padding: 0 7% 0 0\">\n\t\t\t<div class=\"eltdf-single-image-holder     eltdf-image-appear-from-top\">\n    <div class=\"eltdf-si-inner\" >\n                                                        <img src=\"https:\/\/enigma-catering.com\/wp-content\/uploads\/2020\/08\/1333-600x400.jpg\" alt=\"\" width=\"600\" height=\"400\" \/>                                                <\/div>\n<\/div>\t\t<\/div>\n\t<\/div>\n<\/div><div class=\"eltdf-eh-item   eltdf-horizontal-alignment-center eltdf-element-from-bottom\"  data-item-class=\"eltdf-eh-custom-5723\" data-animation=\"eltdf-element-from-bottom\" data-1400-1600=\"0 0 0 11%\" data-1025-1399=\"0 0 0 11%\" data-769-1024=\"80px 11% 0 11%\" data-681-768=\"80px 11% 0 11%\" data-680=\"80px 2% 0 2%\">\n\t<div class=\"eltdf-eh-item-inner\">\n\t\t<div class=\"eltdf-eh-item-content eltdf-eh-custom-5723\" style=\"padding: 0 11% 8px 11%\">\n\t\t\t<div class=\"eltdf-section-title-holder    eltdf-st-decor-animation\" style=\"text-align: center\">\n\t<div class=\"eltdf-st-inner\">\n        \t\t            <div class=\"eltdf-st-title-holder\">\n                                    <div class=\"decor\"><svg xmlns=\"http:\/\/www.w3.org\/2000\/svg\" width=\"41.125\" height=\"9.146\">\n                            <path fill=\"none\" stroke=\"#9C7C57\" stroke-miterlimit=\"10\" d=\"M40.881 8.576L20.562.591.244 8.576\"\/>\n                            <path fill=\"none\" stroke=\"#9C7C57\" stroke-miterlimit=\"10\" d=\"M40.881.591L20.562 8.576.243.591\"\/>\n                        <\/svg><\/div>\n                                <h3 class=\"eltdf-st-title\" >\n                    LA CONCR\u00c9TISATION                <\/h3>\n                                    <div class=\"decor\"><svg xmlns=\"http:\/\/www.w3.org\/2000\/svg\" width=\"41.125\" height=\"9.146\">\n                            <path fill=\"none\" stroke=\"#9C7C57\" stroke-miterlimit=\"10\" d=\"M40.881 8.576L20.562.591.244 8.576\"\/>\n                            <path fill=\"none\" stroke=\"#9C7C57\" stroke-miterlimit=\"10\" d=\"M40.881.591L20.562 8.576.243.591\"\/>\n                        <\/svg><\/div>\n                            <\/div>\n\t\t\t\t\t\t\t<p class=\"eltdf-st-text\" >\n\t\t\t\tJe pr\u00e9parerai le menu en fonction de vos besoins et j\u2019ouvrerai le restaurant de vos r\u00eaves avec le personnel de cuisine, afin que vous puissiez \u00eatre satisfait pour le reste de votre vie.\t\t\t<\/p>\n\t\t\t\t\t<\/div>\n<\/div>\t\t<\/div>\n\t<\/div>\n<\/div><\/div>[\/vc_column][\/vc_row][vc_row][vc_column][vc_empty_space height=\u00a0\u00bb160px\u00a0\u00bb][\/vc_column][\/vc_row]<\/p>\n","protected":false},"excerpt":{"rendered":"<p>[vc_row][vc_column][vc_empty_space height=\u00a0\u00bb90px\u00a0\u00bb][\/vc_column][\/vc_row][vc_row row_content_width=\u00a0\u00bbgrid\u00a0\u00bb pattern_svg_path=\u00a0\u00bb\u00a0\u00bb][vc_column][\/vc_column][\/vc_row][vc_row][vc_column][vc_empty_space height=\u00a0\u00bb90px\u00a0\u00bb][\/vc_column][\/vc_row][vc_row equal_height=\u00a0\u00bbyes\u00a0\u00bb content_placement=\u00a0\u00bbmiddle\u00a0\u00bb row_content_width=\u00a0\u00bbgrid\u00a0\u00bb pattern_svg_path=\u00a0\u00bb\u00a0\u00bb][vc_column][\/vc_column][\/vc_row][vc_row][vc_column offset=\u00a0\u00bbvc_hidden-sm vc_hidden-xs\u00a0\u00bb][\/vc_column][\/vc_row][vc_row equal_height=\u00a0\u00bbyes\u00a0\u00bb content_placement=\u00a0\u00bbmiddle\u00a0\u00bb row_content_width=\u00a0\u00bbgrid\u00a0\u00bb pattern_svg_path=\u00a0\u00bb\u00a0\u00bb][vc_column][\/vc_column][\/vc_row][vc_row][vc_column offset=\u00a0\u00bbvc_hidden-sm vc_hidden-xs\u00a0\u00bb][\/vc_column][\/vc_row][vc_row equal_height=\u00a0\u00bbyes\u00a0\u00bb content_placement=\u00a0\u00bbmiddle\u00a0\u00bb row_content_width=\u00a0\u00bbgrid\u00a0\u00bb pattern_svg_path=\u00a0\u00bb\u00a0\u00bb][vc_column][\/vc_column][\/vc_row][vc_row][vc_column][vc_empty_space height=\u00a0\u00bb160px\u00a0\u00bb][\/vc_column][\/vc_row]<\/p>\n","protected":false},"author":1,"featured_media":0,"parent":0,"menu_order":0,"comment_status":"closed","ping_status":"closed","template":"full-width.php","meta":{"spay_email":""},"yoast_head":"<!-- This site is optimized with the Yoast SEO plugin v14.9 - https:\/\/yoast.com\/wordpress\/plugins\/seo\/ -->\n<title>CONSULTATION - Enigma Catering<\/title>\n<meta name=\"robots\" content=\"index, follow, max-snippet:-1, max-image-preview:large, max-video-preview:-1\" \/>\n<link rel=\"canonical\" href=\"https:\/\/enigma-catering.com\/consultancy\/\" \/>\n<meta property=\"og:locale\" content=\"fr_FR\" \/>\n<meta property=\"og:type\" content=\"article\" \/>\n<meta property=\"og:title\" content=\"CONSULTATION - Enigma Catering\" \/>\n<meta property=\"og:url\" content=\"https:\/\/enigma-catering.com\/consultancy\/\" \/>\n<meta property=\"og:site_name\" content=\"Enigma Catering\" \/>\n<meta property=\"article:modified_time\" content=\"2020-09-07T18:34:48+00:00\" \/>\n<meta name=\"twitter:card\" content=\"summary_large_image\" \/>\n<script type=\"application\/ld+json\" class=\"yoast-schema-graph\">{\"@context\":\"https:\/\/schema.org\",\"@graph\":[{\"@type\":\"Organization\",\"@id\":\"https:\/\/enigma-catering.com\/fr\/#organization\",\"name\":\"Enigma Catering\",\"url\":\"https:\/\/enigma-catering.com\/fr\/\",\"sameAs\":[],\"logo\":{\"@type\":\"ImageObject\",\"@id\":\"https:\/\/enigma-catering.com\/fr\/#logo\",\"inLanguage\":\"fr-FR\",\"url\":\"https:\/\/enigma-catering.com\/wp-content\/uploads\/2020\/09\/logo.png\",\"width\":442,\"height\":311,\"caption\":\"Enigma Catering\"},\"image\":{\"@id\":\"https:\/\/enigma-catering.com\/fr\/#logo\"}},{\"@type\":\"WebSite\",\"@id\":\"https:\/\/enigma-catering.com\/fr\/#website\",\"url\":\"https:\/\/enigma-catering.com\/fr\/\",\"name\":\"Enigma Catering\",\"description\":\"Daniele Verardi Catering Service\",\"publisher\":{\"@id\":\"https:\/\/enigma-catering.com\/fr\/#organization\"},\"potentialAction\":[{\"@type\":\"SearchAction\",\"target\":\"https:\/\/enigma-catering.com\/fr\/?s={search_term_string}\",\"query-input\":\"required name=search_term_string\"}],\"inLanguage\":\"fr-FR\"},{\"@type\":\"WebPage\",\"@id\":\"https:\/\/enigma-catering.com\/consultancy\/#webpage\",\"url\":\"https:\/\/enigma-catering.com\/consultancy\/\",\"name\":\"CONSULTATION - Enigma Catering\",\"isPartOf\":{\"@id\":\"https:\/\/enigma-catering.com\/fr\/#website\"},\"datePublished\":\"2020-08-09T21:55:54+00:00\",\"dateModified\":\"2020-09-07T18:34:48+00:00\",\"inLanguage\":\"fr-FR\",\"potentialAction\":[{\"@type\":\"ReadAction\",\"target\":[\"https:\/\/enigma-catering.com\/consultancy\/\"]}]}]}<\/script>\n<!-- \/ Yoast SEO plugin. -->","_links":{"self":[{"href":"https:\/\/enigma-catering.com\/fr\/wp-json\/wp\/v2\/pages\/2776"}],"collection":[{"href":"https:\/\/enigma-catering.com\/fr\/wp-json\/wp\/v2\/pages"}],"about":[{"href":"https:\/\/enigma-catering.com\/fr\/wp-json\/wp\/v2\/types\/page"}],"author":[{"embeddable":true,"href":"https:\/\/enigma-catering.com\/fr\/wp-json\/wp\/v2\/users\/1"}],"replies":[{"embeddable":true,"href":"https:\/\/enigma-catering.com\/fr\/wp-json\/wp\/v2\/comments?post=2776"}],"version-history":[{"count":21,"href":"https:\/\/enigma-catering.com\/fr\/wp-json\/wp\/v2\/pages\/2776\/revisions"}],"predecessor-version":[{"id":2936,"href":"https:\/\/enigma-catering.com\/fr\/wp-json\/wp\/v2\/pages\/2776\/revisions\/2936"}],"wp:attachment":[{"href":"https:\/\/enigma-catering.com\/fr\/wp-json\/wp\/v2\/media?parent=2776"}],"curies":[{"name":"wp","href":"https:\/\/api.w.org\/{rel}","templated":true}]}}