{"id":2574,"date":"2020-07-30T18:40:41","date_gmt":"2020-07-30T18:40:41","guid":{"rendered":"https:\/\/enigma-catering.ch\/?page_id=2574"},"modified":"2020-09-08T11:46:13","modified_gmt":"2020-09-08T11:46:13","slug":"about-me","status":"publish","type":"page","link":"https:\/\/enigma-catering.com\/fr\/about-me\/","title":{"rendered":"Chef Daniele Verardi"},"content":{"rendered":"<p>[vc_row][vc_column][vc_empty_space height=\u00a0\u00bb90px\u00a0\u00bb][\/vc_column][\/vc_row][vc_row equal_height=\u00a0\u00bbyes\u00a0\u00bb row_content_width=\u00a0\u00bbgrid\u00a0\u00bb pattern_svg_path=\u00a0\u00bb\u00a0\u00bb][vc_column width=\u00a0\u00bb1\/2&Prime;]<div class=\"eltdf-elements-holder   eltdf-one-column  eltdf-responsive-mode-768  \" ><div class=\"eltdf-eh-item   eltdf-horizontal-alignment-center \"  data-item-class=\"eltdf-eh-custom-9861\">\n\t<div class=\"eltdf-eh-item-inner\">\n\t\t<div class=\"eltdf-eh-item-content eltdf-eh-custom-9861\" >\n\t\t\t<div class=\"eltdf-single-image-holder     eltdf-image-appear-from-top\">\n    <div class=\"eltdf-si-inner\" >\n                                                        <img src=\"https:\/\/enigma-catering.com\/wp-content\/uploads\/2020\/07\/BKJQ1596-550x550.jpg\" alt=\"\" width=\"550\" height=\"550\" \/>                                                        <div class=\"eltdf-si-ornament rectangle\" style=\"right: 25%\">\n                <svg xmlns=\"http:\/\/www.w3.org\/2000\/svg\" width=\"368.879\" height=\"368.871\">\n                                <path fill=\"none\" stroke=\"rgb(156,124,87)\" stroke-width=\"1.5\" stroke-miterlimit=\"10\" d=\"M.001 257.722l28.289 28.289L.002 314.299M.001 169.386l28.289-28.288L.005 112.813M24.478-.002L0 24.476m17.885 344.397l10.405-10.405L.005 330.182m-.003-88.34l28.288-28.287L.005 185.269M.002 96.93L28.29 68.642.001 40.353M96.935-.002L28.29 68.642l72.457 72.456-72.457 72.457 72.457 72.456-72.457 72.457 10.41 10.41m51.642-.004l10.405-10.406-72.457-72.457 72.457-72.456-72.457-72.457 72.457-72.456L32.103-.002m137.289 0l-68.645 68.644 72.457 72.456-72.457 72.457 72.457 72.456-72.457 72.457 10.406 10.405m51.646-.001l10.405-10.404-72.457-72.457 72.457-72.456-72.457-72.457 72.457-72.456L104.56-.002m137.282.007l-68.638 68.637 72.457 72.456-72.457 72.457 72.457 72.456-72.457 72.457 10.404 10.405m51.648 0l10.405-10.405-72.457-72.457 72.457-72.456-72.457-72.457 72.457-72.456L177.023.005m137.275.001l-68.637 68.636 72.457 72.456-72.457 72.457 72.457 72.456-72.457 72.457 10.403 10.403m51.65 0l10.404-10.403-72.457-72.457 72.457-72.456-72.457-72.457 72.457-72.456-68.65-68.65m119.408 307.719l-50.758 50.757 10.406 10.405m40.354-206.076l-50.76 50.758 50.761 50.76m-.001-246.431l-50.76 50.758 50.758 50.757m0 115.855l-50.758 50.757 50.761 50.761m-.003-246.432l-50.758 50.758 50.754 50.754M321.938.005l46.938 46.938m-141.328 3.584l18.113-18.113m54.344 18.113l18.113-18.113m-90.57 90.57l18.113-18.114m54.344 18.114l18.113-18.114m-90.57 90.571l18.113-18.115m54.344 18.115l18.113-18.115M10.175 14.3L0 4.125M68.327-.006L82.633 14.3m72.457 0L140.789 0m86.757 14.3L213.252.006M300.003 14.3L285.709.006m72.459.002l10.714 10.714M28.29-.005v32.419l18.113 18.113m-36.029 0L28.29 32.414M100.747-.005v32.419l18.113 18.113m-36.029 0l17.916-18.113M173.194-.005v32.419l18.114 18.113M245.661-.015v32.429l18.114 18.113M318.118-.005v32.419l18.114 18.113m-180.954 0l17.916-18.113M28.29 68.642v36.229l18.113 18.114m-36.029-.001L28.29 104.87m72.457-36.228v36.229l18.113 18.114m-36.029-.001l17.916-18.114m72.447-36.228v36.229l18.114 18.114m54.353-54.343v36.229l18.114 18.114m54.343-54.343v36.229l18.114 18.114m-180.954-.001l17.916-18.114M28.29 141.098v36.229l18.113 18.115m-36.029-.001l17.916-18.115m72.457-36.228v36.229l18.113 18.115m-36.029-.001l17.916-18.115m72.447-36.228v36.229l18.114 18.115m54.353-54.344v36.229l18.114 18.115m54.343-54.344v36.229l18.114 18.115m-180.954-.001l17.916-18.115M28.29 213.556v36.229l18.113 18.114m-36.029-.001l17.916-18.114m72.457-36.228v36.229l18.113 18.114m-18.113-18.115l-17.916 18.114m90.363-54.342v36.229l18.114 18.114m54.353-54.343v36.229l18.114 18.114m54.343-54.343v36.229l18.114 18.114m-163.038-18.115l-17.916 18.114M28.29 286.011v36.229l18.113 18.114m-36.029 0L28.29 322.24m72.457-36.229v36.229l18.113 18.114m-36.029 0l17.916-18.114m72.447-36.229v36.229l18.114 18.114m126.81-54.343v36.229l18.114 18.114m-90.571-54.343v36.229l18.114 18.114m-90.581-18.115l-17.916 18.114M46.603 14.3L60.752-.006M119.06 14.3L133.208-.005M191.517 14.3L205.655.006M263.974 14.3L278.112.006M336.431 14.3L350.589-.014M0 76.58l10.175 10.176m54.344-54.342v36.229l18.114 18.113m54.343-54.342v36.229l18.114 18.113m54.343-54.342v36.229l18.113 18.113m54.344-54.342v36.229l18.113 18.113m54.344-54.342v36.229l14.529 14.529M46.603 86.756l17.916-18.113m54.541 18.113l17.916-18.113m54.541 18.113l17.916-18.113m54.541 18.113l17.916-18.113m54.541 18.113l17.916-18.113m-344.172 90.57L0 149.037m64.519-44.167v36.229l18.114 18.114m54.343-54.343v36.229l18.114 18.114m54.343-54.343v36.229l18.113 18.114m126.801-54.343v36.229l14.529 14.53M281.89 104.87v36.229l18.113 18.114m-253.4 0l17.916-18.114m54.541 18.114l17.916-18.114m54.541 18.114l17.916-18.114m126.998 18.114l17.916-18.114m-90.373 18.114l17.916-18.114M10.175 231.67L.002 221.497m64.517-44.171v36.229l18.114 18.115m54.343-54.344v36.229l18.114 18.115m54.343-54.344v36.229l18.113 18.115m54.344-54.344v36.229l18.113 18.115m54.344-54.344v36.229l14.529 14.531M46.603 231.67l17.916-18.115m54.541 18.115l17.916-18.115m54.541 18.115l17.916-18.115m54.541 18.115l17.916-18.115m54.541 18.115l17.916-18.115m-126.799 54.333l18.113-18.113m54.344 18.113l18.113-18.113m-90.57 90.579l18.113-18.113m54.344 18.113l18.113-18.113M10.175 304.117L.007 293.947m64.512-44.173v36.228l18.114 18.115m54.343-54.343v36.228l18.114 18.115m54.343-54.343v36.228l18.113 18.115m126.801-54.343v36.228l14.529 14.531m-86.986-50.759v36.228l18.113 18.115m-253.4 0l17.916-18.115m54.541 18.115l17.916-18.115m54.541 18.115l17.916-18.115m126.998 18.115l17.916-18.115m-90.373 18.115l17.916-18.115M64.519 322.239v36.228l10.406 10.406m62.051-46.634v36.228l10.406 10.406m62.051-46.634v36.228l10.405 10.406m134.509-46.634v36.228l10.405 10.406m-82.862-46.634v36.228l10.403 10.404m-238.064 0l10.29-10.404m62.166 10.404l10.291-10.404m62.165 10.406l10.292-10.406m62.165 10.406l10.292-10.406m62.165 10.406l10.292-10.406M.002 4.499\"\/>\n                            <\/svg>            <\/div>\n            <\/div>\n<\/div>\t\t<\/div>\n\t<\/div>\n<\/div><\/div>[\/vc_column][vc_column width=\u00a0\u00bb1\/2&Prime;]<div class=\"eltdf-elements-holder   eltdf-one-column  eltdf-responsive-mode-never eltdf-one-column-alignment-center \" ><div class=\"eltdf-eh-item   eltdf-horizontal-alignment-center \"  data-item-class=\"eltdf-eh-custom-6895\">\n\t<div class=\"eltdf-eh-item-inner\">\n\t\t<div class=\"eltdf-eh-item-content eltdf-eh-custom-6895\" style=\"padding: 5% 12%\">\n\t\t\t[vc_column_text css_animation=\u00a0\u00bbfadeInUp\u00a0\u00bb]<span lang=\"fr-FR\">La passion pour la cuisine a commenc\u00e9 en aidant \u00e0 pr\u00e9parer des plats de ma ville natale Salento avec ma m\u00e8re et ma grand-m\u00e8re sur la table de la maison d\u00e8s mon plus jeune \u00e2ge. J\u2019admirais par la mani\u00e8re dont elles pr\u00e9paraient les p\u00e2tes fraiches et l&rsquo;odeur de la sauce se sentait t\u00f4t le matin dans toute la maison. <\/span><\/p>\n<p><span lang=\"fr-FR\">N\u00e9 \u00e0 Milan, j&rsquo;ai d\u00e9cid\u00e9 de m&rsquo;inscrire \u00e0 l&rsquo;institut h\u00f4telier de Cervo et d\u00e9j\u00e0 apr\u00e8s la premi\u00e8re ann\u00e9e j&rsquo;ai commenc\u00e9 \u00e0 ressentir le besoin de voir par moi-m\u00eame la r\u00e9alit\u00e9 de la vie dans les cuisines des restaurants.<\/span><\/p>\n<p><span lang=\"fr-FR\">J&rsquo;ai rencontr\u00e9 un groupe de chefs des quatre saisons de Milan qui m&rsquo;ont amen\u00e9 \u00e0 faire des exp\u00e9riences importantes et ils m\u2019ont donn\u00e9 beaucoup de confiance. Apr\u00e8s plusieurs ann\u00e9es \u00e0 Milan parmi les h\u00f4tels et restaurants les plus importants, je me suis retrouv\u00e9 \u00e0 travailler dans le secteur priv\u00e9, dans des villas luxueuses et des yachts de m\u00e9nages millionnaires \u00e0 Porto Cervo et Porto Rotondo. Les clients sont venus visiter les spectacles, les sports et les politiciens italiens.<\/span>[\/vc_column_text]\t\t<\/div>\n\t<\/div>\n<\/div><\/div>[\/vc_column][\/vc_row][vc_row][vc_column][vc_empty_space height=\u00a0\u00bb160px\u00a0\u00bb][\/vc_column][\/vc_row][vc_row equal_height=\u00a0\u00bbyes\u00a0\u00bb row_content_width=\u00a0\u00bbgrid\u00a0\u00bb pattern_svg_path=\u00a0\u00bb\u00a0\u00bb][vc_column width=\u00a0\u00bb1\/2&Prime;]<div class=\"eltdf-elements-holder  eltdf-eh-full-height eltdf-one-column  eltdf-responsive-mode-never eltdf-one-column-alignment-center \" ><div class=\"eltdf-eh-item   eltdf-horizontal-alignment-center \"  data-item-class=\"eltdf-eh-custom-6292\">\n\t<div class=\"eltdf-eh-item-inner\">\n\t\t<div class=\"eltdf-eh-item-content eltdf-eh-custom-6292\" style=\"padding: 5% 12%\">\n\t\t\t[vc_column_text css_animation=\u00a0\u00bbfadeInUp\u00a0\u00bb]<span lang=\"fr-FR\">A 20 ans, j&rsquo;ai pass\u00e9 2 ann\u00e9es en Am\u00e9rique, \u00e0 Manhattan, o\u00f9 nous avons ouvert un restaurant qui a re\u00e7u une \u00e9toile Michelin. J&rsquo;ai ensuite travaill\u00e9 \u00e0 Paris, en Egypte, en Espagne, en Gr\u00e8ce et en Suisse.<\/span><\/p>\n<p><span lang=\"fr-FR\">Je me suis toujours demand\u00e9 d\u00e8s le d\u00e9part si je pourrais un jour devenir chef.<\/span><\/p>\n<p><span lang=\"fr-FR\">Ce n&rsquo;est pas un travail simple\u2026 il faut de la passion, du d\u00e9vouement et de la concentration.<\/span><\/p>\n<p><span lang=\"fr-FR\">Ce qui m&rsquo;a toujours donn\u00e9 du stimulant et de l&rsquo;\u00e9nergie, c&rsquo;est d&rsquo;am\u00e9liorer mes connaissances au jour le jour et de fasciner tous les clients avec tous mes plats personnalis\u00e9s, \u00e9tudi\u00e9s, r\u00e9interpr\u00e9t\u00e9s par moi exclusivement pour eux!<\/span>[\/vc_column_text]\t\t<\/div>\n\t<\/div>\n<\/div><\/div>[\/vc_column][vc_column width=\u00a0\u00bb1\/2&Prime;]<div class=\"eltdf-elements-holder  eltdf-eh-full-height eltdf-one-column  eltdf-responsive-mode-768  \" ><div class=\"eltdf-eh-item   eltdf-horizontal-alignment-center \"  data-item-class=\"eltdf-eh-custom-5585\">\n\t<div class=\"eltdf-eh-item-inner\">\n\t\t<div class=\"eltdf-eh-item-content eltdf-eh-custom-5585\" >\n\t\t\t<div class=\"eltdf-single-image-holder     eltdf-image-appear-from-top\">\n    <div class=\"eltdf-si-inner\" >\n                                                        <img src=\"https:\/\/enigma-catering.com\/wp-content\/uploads\/2020\/09\/KMKN6679-550x550.jpg\" alt=\"\" width=\"550\" height=\"550\" \/>                                                        <div class=\"eltdf-si-ornament triangle\" style=\"right: -35%\">\n                <svg xmlns=\"http:\/\/www.w3.org\/2000\/svg\" width=\"278.438\" height=\"310.916\">\n                                <path fill=\"none\" stroke=\"rgb(156,124,87)\" stroke-width=\"1.5\" stroke-miterlimit=\"10\" d=\"M235.245 292.119l43.671-25.276m-.006 13.104l-72.65-42.05-32.438 18.775M50.974 185.779l32.62-18.88 122.666 70.998 72.656-42.053m0 13.109l-72.656-42.054-93.862 54.326M92.613 101.122l113.646 65.777 72.658-42.055m-.001 13.11L206.26 95.901 83.594 166.899l-52.399-30.328m122.843-70.895l52.222 30.226 72.658-42.055m-63.457-23.618l63.46 36.73M226.615 249.68h-17.439l-23.861 13.626m93.603-49.125h-8.408l-41.521 23.711 41.578 23.723h8.353m-.002-118.393h-8.408l-41.521 23.711 41.578 23.723h8.351m0-118.471h-8.408l-41.521 23.712 41.578 23.722h8.353m-.002-118.432h-8.408l-41.521 23.712 41.578 23.722h8.353m-52.305 130.061h-17.439l-41.521 23.712 41.578 23.722h17.383m-.001-118.432h-17.439l-41.521 23.712 41.578 23.722h17.383m-.001-118.432h-17.439l-41.521 23.712 41.578 23.722h17.383m-61.333 130.061h-17.439l-23.952 13.678m41.391-84.637h-17.439l-41.521 23.712 41.578 23.722h17.383m-.001-118.471h-17.439l-41.521 23.712 41.578 23.722h17.383m-61.335 59.063H86.51l-24.043 13.73m41.482-84.728H86.51l-41.521 23.712 41.578 23.722h17.383m-61.333-11.935H25.178L1.043 156.966m246.125 104.609h-34.934l-15.036 8.588m49.97 15.055h-23.883m55.633-59.143h-5.35l-20.693 11.82 20.723 11.822h5.32m-.001-94.64h-5.349l-20.693 11.82 20.723 11.822h5.323m-.004-94.639h-5.349l-20.693 11.819 20.723 11.823h5.32m0-94.64h-5.35l-20.693 11.819 20.723 11.823h5.32m-31.75 153.853h-34.934l-20.693 11.819 20.723 11.823h34.904m0-94.64h-34.934l-20.693 11.819 20.723 11.823h34.904m0-94.64h-34.934L191.541 60.4l20.723 11.823h34.904m-61.332 153.853h-34.934l-14.869 8.491m49.803 15.152h-24.064m24.064-94.602h-34.934l-20.693 11.819 20.723 11.823h34.904m0-94.679h-34.934l-20.693 11.819 20.723 11.823h34.904m-61.334 82.855H89.568L74.35 199.27m50.152 14.95h-24.245m24.245-94.641H89.568l-20.693 11.819 20.723 11.823h34.904M63.17 155.078H28.236l-15.311 8.745m50.245 14.898H38.74m172.676 94.675l56.051-.001m5.277-35.498h6.174m0 47.282h-8.408l-23.771 13.574m32.179-1.68h-5.35l-14.945 8.537m14.121 3.286h6.174m-6.174-141.997h6.176m-6.176-70.998h6.174m-6.174-70.998h6.176m-11.453 177.494l-56.051.001m0-70.998h56.051m-56.051-70.998h56.051M150.084 237.897h56.051m-56.051-70.998h56.051m-56.051-70.998h56.051M88.752 202.398h56.051M88.752 131.4h56.051m-117.26 35.499h56.051m195.322 99.944\"\/>\n                            <\/svg>            <\/div>\n            <\/div>\n<\/div>\t\t<\/div>\n\t<\/div>\n<\/div><\/div>[\/vc_column][\/vc_row][vc_row][vc_column][vc_empty_space height=\u00a0\u00bb50px\u00a0\u00bb][vc_column_text css_animation=\u00a0\u00bbfadeInUp\u00a0\u00bb]<\/p>\n<blockquote><p><span style=\"font-size: 28px;\">Je suis Daniele Verardi et je suis ma cuisine.<\/span><\/p><\/blockquote>\n<p>[\/vc_column_text][vc_empty_space height=\u00a0\u00bb160px\u00a0\u00bb][\/vc_column][\/vc_row]<\/p>\n","protected":false},"excerpt":{"rendered":"<p>[vc_row][vc_column][vc_empty_space height=\u00a0\u00bb90px\u00a0\u00bb][\/vc_column][\/vc_row][vc_row equal_height=\u00a0\u00bbyes\u00a0\u00bb row_content_width=\u00a0\u00bbgrid\u00a0\u00bb pattern_svg_path=\u00a0\u00bb\u00a0\u00bb][vc_column width=\u00a0\u00bb1\/2&Prime;][\/vc_column][vc_column width=\u00a0\u00bb1\/2&Prime;][\/vc_column][\/vc_row][vc_row][vc_column][vc_empty_space height=\u00a0\u00bb160px\u00a0\u00bb][\/vc_column][\/vc_row][vc_row equal_height=\u00a0\u00bbyes\u00a0\u00bb row_content_width=\u00a0\u00bbgrid\u00a0\u00bb pattern_svg_path=\u00a0\u00bb\u00a0\u00bb][vc_column width=\u00a0\u00bb1\/2&Prime;][\/vc_column][vc_column width=\u00a0\u00bb1\/2&Prime;][\/vc_column][\/vc_row][vc_row][vc_column][vc_empty_space height=\u00a0\u00bb50px\u00a0\u00bb][vc_column_text css_animation=\u00a0\u00bbfadeInUp\u00a0\u00bb] Je suis Daniele Verardi et je suis ma cuisine. [\/vc_column_text][vc_empty_space height=\u00a0\u00bb160px\u00a0\u00bb][\/vc_column][\/vc_row]<\/p>\n","protected":false},"author":1,"featured_media":0,"parent":0,"menu_order":0,"comment_status":"closed","ping_status":"closed","template":"full-width.php","meta":{"spay_email":""},"yoast_head":"<!-- This site is optimized with the Yoast SEO plugin v14.9 - https:\/\/yoast.com\/wordpress\/plugins\/seo\/ -->\n<title>Chef Daniele Verardi - Enigma Catering<\/title>\n<meta name=\"description\" content=\"La passion pour la cuisine a commenc\u00e9 en aidant \u00e0 pr\u00e9parer des plats de ma ville natale Salento avec ma m\u00e8re et ma grand-m\u00e8re sur la table de la maison d\u00e8s mon plus jeune \u00e2ge. J\u2019admirais par la mani\u00e8re dont elles pr\u00e9paraient les p\u00e2tes fraiches et l&#039;odeur de la sauce se sentait t\u00f4t le matin dans toute la maison.\" \/>\n<meta name=\"robots\" content=\"index, follow, max-snippet:-1, max-image-preview:large, max-video-preview:-1\" \/>\n<link rel=\"canonical\" href=\"https:\/\/enigma-catering.com\/about-me\/\" \/>\n<meta property=\"og:locale\" content=\"fr_FR\" \/>\n<meta property=\"og:type\" content=\"article\" \/>\n<meta property=\"og:title\" content=\"Chef Daniele Verardi - Enigma Catering\" \/>\n<meta property=\"og:description\" content=\"La passion pour la cuisine a commenc\u00e9 en aidant \u00e0 pr\u00e9parer des plats de ma ville natale Salento avec ma m\u00e8re et ma grand-m\u00e8re sur la table de la maison d\u00e8s mon plus jeune \u00e2ge. J\u2019admirais par la mani\u00e8re dont elles pr\u00e9paraient les p\u00e2tes fraiches et l&#039;odeur de la sauce se sentait t\u00f4t le matin dans toute la maison.\" \/>\n<meta property=\"og:url\" content=\"https:\/\/enigma-catering.com\/about-me\/\" \/>\n<meta property=\"og:site_name\" content=\"Enigma Catering\" \/>\n<meta property=\"article:modified_time\" content=\"2020-09-08T11:46:13+00:00\" \/>\n<meta name=\"twitter:card\" content=\"summary_large_image\" \/>\n<script type=\"application\/ld+json\" class=\"yoast-schema-graph\">{\"@context\":\"https:\/\/schema.org\",\"@graph\":[{\"@type\":\"Organization\",\"@id\":\"https:\/\/enigma-catering.com\/fr\/#organization\",\"name\":\"Enigma Catering\",\"url\":\"https:\/\/enigma-catering.com\/fr\/\",\"sameAs\":[],\"logo\":{\"@type\":\"ImageObject\",\"@id\":\"https:\/\/enigma-catering.com\/fr\/#logo\",\"inLanguage\":\"fr-FR\",\"url\":\"https:\/\/enigma-catering.com\/wp-content\/uploads\/2020\/09\/logo.png\",\"width\":442,\"height\":311,\"caption\":\"Enigma Catering\"},\"image\":{\"@id\":\"https:\/\/enigma-catering.com\/fr\/#logo\"}},{\"@type\":\"WebSite\",\"@id\":\"https:\/\/enigma-catering.com\/fr\/#website\",\"url\":\"https:\/\/enigma-catering.com\/fr\/\",\"name\":\"Enigma Catering\",\"description\":\"Daniele Verardi Catering Service\",\"publisher\":{\"@id\":\"https:\/\/enigma-catering.com\/fr\/#organization\"},\"potentialAction\":[{\"@type\":\"SearchAction\",\"target\":\"https:\/\/enigma-catering.com\/fr\/?s={search_term_string}\",\"query-input\":\"required name=search_term_string\"}],\"inLanguage\":\"fr-FR\"},{\"@type\":\"WebPage\",\"@id\":\"https:\/\/enigma-catering.com\/about-me\/#webpage\",\"url\":\"https:\/\/enigma-catering.com\/about-me\/\",\"name\":\"Chef Daniele Verardi - Enigma Catering\",\"isPartOf\":{\"@id\":\"https:\/\/enigma-catering.com\/fr\/#website\"},\"datePublished\":\"2020-07-30T18:40:41+00:00\",\"dateModified\":\"2020-09-08T11:46:13+00:00\",\"description\":\"The passion for cooking began by helping to prepare dishes from my Salento roots with my mother and grandmother on the table at home from an early age. Admired how they prepared fresh pasta and smell the sauce in the early morning.\",\"inLanguage\":\"fr-FR\",\"potentialAction\":[{\"@type\":\"ReadAction\",\"target\":[\"https:\/\/enigma-catering.com\/about-me\/\"]}]}]}<\/script>\n<!-- \/ Yoast SEO plugin. -->","_links":{"self":[{"href":"https:\/\/enigma-catering.com\/fr\/wp-json\/wp\/v2\/pages\/2574"}],"collection":[{"href":"https:\/\/enigma-catering.com\/fr\/wp-json\/wp\/v2\/pages"}],"about":[{"href":"https:\/\/enigma-catering.com\/fr\/wp-json\/wp\/v2\/types\/page"}],"author":[{"embeddable":true,"href":"https:\/\/enigma-catering.com\/fr\/wp-json\/wp\/v2\/users\/1"}],"replies":[{"embeddable":true,"href":"https:\/\/enigma-catering.com\/fr\/wp-json\/wp\/v2\/comments?post=2574"}],"version-history":[{"count":22,"href":"https:\/\/enigma-catering.com\/fr\/wp-json\/wp\/v2\/pages\/2574\/revisions"}],"predecessor-version":[{"id":2965,"href":"https:\/\/enigma-catering.com\/fr\/wp-json\/wp\/v2\/pages\/2574\/revisions\/2965"}],"wp:attachment":[{"href":"https:\/\/enigma-catering.com\/fr\/wp-json\/wp\/v2\/media?parent=2574"}],"curies":[{"name":"wp","href":"https:\/\/api.w.org\/{rel}","templated":true}]}}