{"id":2421,"date":"2019-10-18T14:18:45","date_gmt":"2019-10-18T14:18:45","guid":{"rendered":"https:\/\/laurent.qodeinteractive.com\/?page_id=7"},"modified":"2020-09-07T22:40:56","modified_gmt":"2020-09-07T22:40:56","slug":"main-home","status":"publish","type":"page","link":"https:\/\/enigma-catering.com\/fr\/","title":{"rendered":"Home"},"content":{"rendered":"<p>[vc_row row_content_width=\u00a0\u00bbgrid\u00a0\u00bb content_text_aligment=\u00a0\u00bbcenter\u00a0\u00bb][vc_column]\n\t\t\t<!-- START mainhome REVOLUTION SLIDER 6.2.9 --><p class=\"rs-p-wp-fix\"><\/p>\n\t\t\t<rs-module-wrap id=\"rev_slider_1_1_wrapper\" data-source=\"gallery\" style=\"background:transparent;padding:0;\">\n\t\t\t\t<rs-module id=\"rev_slider_1_1\" style=\"\" data-version=\"6.2.9\">\n\t\t\t\t\t<rs-slides>\n\t\t\t\t\t\t<rs-slide data-key=\"rs-1\" data-title=\"Slide\" data-anim=\"ei:d;eo:d;s:d;r:0;t:fade;sl:d;\">\n\t\t\t\t\t\t\t<img src=\"\/\/enigma-catering.com\/wp-content\/plugins\/revslider\/public\/assets\/assets\/transparent.png\" title=\"Home\" data-parallax=\"off\" class=\"rev-slidebg\" data-no-retina>\n\t\t\t\t\t\t\t<rs-bgvideo \n\t\t\t\t\t\t\t\tdata-video=\"w:100%;h:100%;nse:false;l:true;ptimer:false;\"\n\t\t\t\t\t\t\t\tdata-mp4=\"\/\/enigma-catering.com\/wp-content\/uploads\/2020\/09\/enigma_intro.mp4\"\n\t\t\t\t\t\t\t><\/rs-bgvideo>\n<!--\n\t\t\t\t\t\t\t--><rs-layer\n\t\t\t\t\t\t\t\tid=\"slider-1-slide-1-layer-3\" \n\t\t\t\t\t\t\t\tdata-type=\"text\"\n\t\t\t\t\t\t\t\tdata-xy=\"x:c;y:b;yo:50px,0,189px,0;\"\n\t\t\t\t\t\t\t\tdata-text=\"w:normal;a:center;\"\n\t\t\t\t\t\t\t\tdata-actions='o:click;a:scrollbelow;sp:1000ms;e:power1.inOut;'\n\t\t\t\t\t\t\t\tdata-basealign=\"slide\"\n\t\t\t\t\t\t\t\tdata-rsp_o=\"off\"\n\t\t\t\t\t\t\t\tdata-rsp_bd=\"off\"\n\t\t\t\t\t\t\t\tdata-frame_0=\"y:50;\"\n\t\t\t\t\t\t\t\tdata-frame_1=\"e:power2.inOut;st:750;sp:1300;sR:750;\"\n\t\t\t\t\t\t\t\tdata-frame_999=\"y:50;o:0;e:power2.inOut;st:w;sp:1000;sR:2450;\"\n\t\t\t\t\t\t\t\tstyle=\"z-index:9;font-family:Roboto;\"\n\t\t\t\t\t\t\t><a itemprop=\"url\" href=\"#\" target=\"_self\"  class=\"eltdf-btn eltdf-btn-large eltdf-btn-outline\"  >\n        <span class=\"eltdf-btn-text\">Plus<\/span>\n        <\/a> \n\t\t\t\t\t\t\t<\/rs-layer><!--\n\n\t\t\t\t\t\t\t--><rs-layer\n\t\t\t\t\t\t\t\tid=\"slider-1-slide-1-layer-26\" \n\t\t\t\t\t\t\t\tdata-type=\"image\"\n\t\t\t\t\t\t\t\tdata-xy=\"x:c;y:m;\"\n\t\t\t\t\t\t\t\tdata-text=\"w:normal;s:20,14,12,8;l:0,18,15,10;\"\n\t\t\t\t\t\t\t\tdata-dim=\"w:['442px','442px','442px','442px'];h:['305px','305px','305px','305px'];\"\n\t\t\t\t\t\t\t\tdata-rsp_o=\"off\"\n\t\t\t\t\t\t\t\tdata-frame_0=\"y:-50;\"\n\t\t\t\t\t\t\t\tdata-frame_1=\"sp:1000;\"\n\t\t\t\t\t\t\t\tdata-frame_999=\"o:0;st:w;\"\n\t\t\t\t\t\t\t\tstyle=\"z-index:10;\"\n\t\t\t\t\t\t\t><img src=\"\/\/enigma-catering.com\/wp-content\/uploads\/2026\/01\/enigma-catering-e1769879897305.png\" width=\"442\" height=\"305\" data-no-retina> \n\t\t\t\t\t\t\t<\/rs-layer><!--\n-->\t\t\t\t\t\t<\/rs-slide>\n\t\t\t\t\t<\/rs-slides>\n\t\t\t\t<\/rs-module>\n\t\t\t\t<script type=\"text\/javascript\">\n\t\t\t\t\tsetREVStartSize({c: 'rev_slider_1_1',rl:[1240,1024,778,480],el:[840,582,900,720],gw:[1100,800,700,480],gh:[840,582,900,720],type:'hero',justify:'',layout:'fullscreen',offsetContainer:'',offset:'',mh:\"0\"});\n\t\t\t\t\tvar\trevapi1,\n\t\t\t\t\t\ttpj;\n\t\t\t\t\tjQuery(function() {\n\t\t\t\t\t\ttpj = jQuery;\n\t\t\t\t\t\trevapi1 = tpj(\"#rev_slider_1_1\")\n\t\t\t\t\t\tif(revapi1==undefined || revapi1.revolution == undefined){\n\t\t\t\t\t\t\trevslider_showDoubleJqueryError(\"rev_slider_1_1\");\n\t\t\t\t\t\t}else{\n\t\t\t\t\t\t\trevapi1.revolution({\n\t\t\t\t\t\t\t\tsliderType:\"hero\",\n\t\t\t\t\t\t\t\tsliderLayout:\"fullscreen\",\n\t\t\t\t\t\t\t\tduration:\"4500ms\",\n\t\t\t\t\t\t\t\tvisibilityLevels:\"1240,1024,778,480\",\n\t\t\t\t\t\t\t\tgridwidth:\"1100,800,700,480\",\n\t\t\t\t\t\t\t\tgridheight:\"840,582,900,720\",\n\t\t\t\t\t\t\t\tperspective:600,\n\t\t\t\t\t\t\t\tperspectiveType:\"local\",\n\t\t\t\t\t\t\t\teditorheight:\"840,582,900,720\",\n\t\t\t\t\t\t\t\tresponsiveLevels:\"1240,1024,778,480\",\n\t\t\t\t\t\t\t\tprogressBar:{disableProgressBar:true},\n\t\t\t\t\t\t\t\tnavigation: {\n\t\t\t\t\t\t\t\t\tonHoverStop:false\n\t\t\t\t\t\t\t\t},\n\t\t\t\t\t\t\t\tparallax: {\n\t\t\t\t\t\t\t\t\tlevels:[5,10,15,20,25,30,35,40,45,46,47,48,49,50,51,30],\n\t\t\t\t\t\t\t\t\ttype:\"scroll\",\n\t\t\t\t\t\t\t\t\torigo:\"slideCenter\",\n\t\t\t\t\t\t\t\t\tspeed:0\n\t\t\t\t\t\t\t\t},\n\t\t\t\t\t\t\t\tfallbacks: {\n\t\t\t\t\t\t\t\t\tallowHTML5AutoPlayOnAndroid:true\n\t\t\t\t\t\t\t\t},\n\t\t\t\t\t\t\t});\n\t\t\t\t\t\t}\n\t\t\t\t\t\t\n\t\t\t\t\t});\n\t\t\t\t<\/script>\n\t\t\t<\/rs-module-wrap>\n\t\t\t<!-- END REVOLUTION SLIDER -->\n[\/vc_column][\/vc_row][vc_row][vc_column][vc_empty_space height=\u00a0\u00bb60px\u00a0\u00bb][\/vc_column][\/vc_row][vc_row content_placement=\u00a0\u00bbmiddle\u00a0\u00bb row_content_width=\u00a0\u00bbgrid\u00a0\u00bb content_text_aligment=\u00a0\u00bbcenter\u00a0\u00bb pattern_svg_path=\u00a0\u00bb\u00a0\u00bb][vc_column]<div class=\"eltdf-elements-holder   eltdf-one-column  eltdf-responsive-mode-1366  \" ><div class=\"eltdf-eh-item   eltdf-horizontal-alignment-center eltdf-element-from-bottom\" style=\"background-color: #0f1d22\" data-item-class=\"eltdf-eh-custom-3309\" data-animation=\"eltdf-element-from-bottom\" data-1400-1600=\"70px 70px 21px\" data-1025-1399=\"70px 70px 21px\" data-769-1024=\"70px 20px 21px 70px\" data-681-768=\"70px 20px 21px 60px\" data-680=\"68px 30px 21px 30px\">\n\t<div class=\"eltdf-eh-item-inner\">\n\t\t<div class=\"eltdf-eh-item-content eltdf-eh-custom-3309\" style=\"padding: 45px 110px 75px\">\n\t\t\t[vc_column_text]<\/p>\n<h3 style=\"text-align: center;\">J&rsquo;AI DES GO\u00dbTS TR\u00c8S SIMPLES, JE SUIS TOUJOURS SATISFAIT DU MEILLEUR.<\/h3>\n<h3 style=\"text-align: center;\">\u00abOSCAR WILDE\u00bb<\/h3>\n<p>[\/vc_column_text]\t\t<\/div>\n\t<\/div>\n<\/div><\/div>[vc_empty_space height=\u00a0\u00bb52px\u00a0\u00bb]<div class=\"eltdf-elements-holder   eltdf-two-columns  eltdf-responsive-mode-1024  fifty-fifty\" ><div class=\"eltdf-eh-item   eltdf-horizontal-alignment-center eltdf-element-from-left\"  data-item-class=\"eltdf-eh-custom-7067\" data-animation=\"eltdf-element-from-left\" data-1025-1399=\"0 6% 0 0\" data-769-1024=\"0 0\" data-681-768=\"0 0\" data-680=\"0 0\">\n\t<div class=\"eltdf-eh-item-inner\">\n\t\t<div class=\"eltdf-eh-item-content eltdf-eh-custom-7067\" style=\"padding: 0 7.8% 0 0\">\n\t\t\t<div class=\"eltdf-single-image-holder     eltdf-image-appear-none\">\n    <div class=\"eltdf-si-inner\" >\n                                                        <img width=\"1022\" height=\"1024\" src=\"https:\/\/enigma-catering.com\/wp-content\/uploads\/2020\/07\/IMG_6800-copia-1022x1024.png\" class=\"attachment-large size-large\" alt=\"\" loading=\"lazy\" srcset=\"https:\/\/enigma-catering.com\/wp-content\/uploads\/2020\/07\/IMG_6800-copia-1022x1024.png 1022w, https:\/\/enigma-catering.com\/wp-content\/uploads\/2020\/07\/IMG_6800-copia-300x300.png 300w, https:\/\/enigma-catering.com\/wp-content\/uploads\/2020\/07\/IMG_6800-copia-100x100.png 100w, https:\/\/enigma-catering.com\/wp-content\/uploads\/2020\/07\/IMG_6800-copia-600x601.png 600w, https:\/\/enigma-catering.com\/wp-content\/uploads\/2020\/07\/IMG_6800-copia-150x150.png 150w, https:\/\/enigma-catering.com\/wp-content\/uploads\/2020\/07\/IMG_6800-copia-768x769.png 768w, https:\/\/enigma-catering.com\/wp-content\/uploads\/2020\/07\/IMG_6800-copia-650x650.png 650w, https:\/\/enigma-catering.com\/wp-content\/uploads\/2020\/07\/IMG_6800-copia.png 1198w\" sizes=\"(max-width: 1022px) 100vw, 1022px\" \/>                                                <\/div>\n<\/div>\t\t<\/div>\n\t<\/div>\n<\/div><div class=\"eltdf-eh-item    eltdf-element-from-right\"  data-item-class=\"eltdf-eh-custom-1689\" data-animation=\"eltdf-element-from-right\" data-1400-1600=\"7.8% 4% 9% 7%\" data-1025-1399=\"6.3% 0% 9% 6%\" data-769-1024=\"80px 12% 0 12%\" data-681-768=\"80px 9% 0 9%\" data-680=\"80px 0 0 0\">\n\t<div class=\"eltdf-eh-item-inner\">\n\t\t<div class=\"eltdf-eh-item-content eltdf-eh-custom-1689\" style=\"padding: 52px 2% 9% 10%\">\n\t\t\t[vc_empty_space height=\u00a0\u00bb52px\u00a0\u00bb][vc_column_text]<span lang=\"fr-FR\">Un voyage de go\u00fbt et d&rsquo;\u00e9motions, que seul l&rsquo;amour de la bonne table peut offrir.<\/span><\/p>\n<p><span lang=\"fr-FR\">La nourriture est ma fa\u00e7on d&rsquo;aborder les gens et de partager des moments m\u00e9morables. Ma philosophie est bas\u00e9e sur le respect de la mati\u00e8re premi\u00e8re mais surtout sur la qualit\u00e9 des produits.<\/span><\/p>\n<p><span lang=\"fr-FR\">L\u2019engagement et \u00abla base de chaque discipline et dans ma r\u00e9gion et\u00bb l\u2019ingr\u00e9dient principal pour satisfaire m\u00eame les clients les plus exigeants.<\/span>[\/vc_column_text][vc_empty_space height=\u00a0\u00bb52px\u00a0\u00bb]\t\t<\/div>\n\t<\/div>\n<\/div><\/div>[\/vc_column][\/vc_row][vc_row][vc_column][vc_empty_space height=\u00a0\u00bb160px\u00a0\u00bb][\/vc_column][\/vc_row][vc_row equal_height=\u00a0\u00bbyes\u00a0\u00bb row_content_width=\u00a0\u00bbgrid\u00a0\u00bb pattern_svg_path=\u00a0\u00bb\u00a0\u00bb][vc_column css_animation=\u00a0\u00bbbottom-to-top\u00a0\u00bb]<div class=\"eltdf-elements-holder   eltdf-two-columns  eltdf-responsive-mode-768  fifty-fifty\" ><div class=\"eltdf-eh-item   eltdf-horizontal-alignment-center \" style=\"background-color: #0f1d22\" data-item-class=\"eltdf-eh-custom-3987\" data-1400-1600=\"23% 0% 23% 15%\" data-1025-1399=\"23% 0% 23% 15%\" data-769-1024=\"23% 0%\" data-681-768=\"23% 0%\" data-680=\"23% 0%\">\n\t<div class=\"eltdf-eh-item-inner\">\n\t\t<div class=\"eltdf-eh-item-content eltdf-eh-custom-3987\" style=\"padding: 23% 16%\">\n\t\t\t<div class=\"eltdf-section-title-holder    eltdf-st-decor-animation\" style=\"text-align: center\">\n\t<div class=\"eltdf-st-inner\">\n                    <span class=\"eltdf-st-tagline\">\n                Rencontrez le chef            <\/span>\n        \t\t            <div class=\"eltdf-st-title-holder\">\n                                    <div class=\"decor\"><svg xmlns=\"http:\/\/www.w3.org\/2000\/svg\" width=\"41.125\" height=\"9.146\">\n                            <path fill=\"none\" stroke=\"#9C7C57\" stroke-miterlimit=\"10\" d=\"M40.881 8.576L20.562.591.244 8.576\"\/>\n                            <path fill=\"none\" stroke=\"#9C7C57\" stroke-miterlimit=\"10\" d=\"M40.881.591L20.562 8.576.243.591\"\/>\n                        <\/svg><\/div>\n                                <h4 class=\"eltdf-st-title\" >\n                    Daniele Verardi                <\/h4>\n                                    <div class=\"decor\"><svg xmlns=\"http:\/\/www.w3.org\/2000\/svg\" width=\"41.125\" height=\"9.146\">\n                            <path fill=\"none\" stroke=\"#9C7C57\" stroke-miterlimit=\"10\" d=\"M40.881 8.576L20.562.591.244 8.576\"\/>\n                            <path fill=\"none\" stroke=\"#9C7C57\" stroke-miterlimit=\"10\" d=\"M40.881.591L20.562 8.576.243.591\"\/>\n                        <\/svg><\/div>\n                            <\/div>\n\t\t\t\t\t\t\t<p class=\"eltdf-st-text\" >\n\t\t\t\tLa passion pour la cuisine a commenc\u00e9 en aidant \u00e0 pr\u00e9parer des plats de mes racines italiennes avec ma m\u00e8re et ma grand-m\u00e8re sur la table \u00e0 la maison quand j'\u00e9tais enfant. J\u2019admirais par la mani\u00e8re dont elles pr\u00e9paraient les p\u00e2tes fraiches et l'odeur de la sauce se sentait t\u00f4t le matin dans toute la maison.\t\t\t<\/p>\n\t\t\t\t\t\t\t<div class=\"eltdf-st-button\"><a itemprop=\"url\" href=\"https:\/\/enigma-catering.com\/fr\/about-me\/\" target=\"_self\"  class=\"eltdf-btn eltdf-btn-medium eltdf-btn-simple\"  >        <span class=\"eltdf-btn-text\">Lire Plus<\/span>        <\/a><\/div>\n\t\t\t<\/div>\n<\/div>\t\t<\/div>\n\t<\/div>\n<\/div><div class=\"eltdf-eh-item    \" style=\"background-image: url(https:\/\/enigma-catering.com\/wp-content\/uploads\/2020\/07\/IMG_2300-1-e1596149080657.jpg)\" data-item-class=\"eltdf-eh-custom-6457\" data-681-768=\"40% 0\" data-680=\"60% 0\">\n\t<div class=\"eltdf-eh-item-inner\">\n\t\t<div class=\"eltdf-eh-item-content eltdf-eh-custom-6457\" >\n\t\t\t\t\t<\/div>\n\t<\/div>\n<\/div><\/div>[\/vc_column][\/vc_row][vc_row][vc_column][vc_empty_space height=\u00a0\u00bb160px\u00a0\u00bb][\/vc_column][\/vc_row][vc_row row_content_width=\u00a0\u00bbgrid\u00a0\u00bb pattern_svg_path=\u00a0\u00bb\u00a0\u00bb][vc_column css_animation=\u00a0\u00bbnone\u00a0\u00bb]<div class=\"eltdf-elements-holder   eltdf-one-column  eltdf-responsive-mode-768 eltdf-one-column-alignment-center \" ><div class=\"eltdf-eh-item   eltdf-horizontal-alignment-center eltdf-element-from-bottom\"  data-item-class=\"eltdf-eh-custom-5885\" data-animation=\"eltdf-element-from-bottom\">\n\t<div class=\"eltdf-eh-item-inner\">\n\t\t<div class=\"eltdf-eh-item-content eltdf-eh-custom-5885\" >\n\t\t\t<div class=\"eltdf-section-title-holder    eltdf-st-decor-animation\" style=\"text-align: center\">\n\t<div class=\"eltdf-st-inner\">\n        \t\t            <div class=\"eltdf-st-title-holder\">\n                                    <div class=\"decor\"><svg xmlns=\"http:\/\/www.w3.org\/2000\/svg\" width=\"41.125\" height=\"9.146\">\n                            <path fill=\"none\" stroke=\"#9C7C57\" stroke-miterlimit=\"10\" d=\"M40.881 8.576L20.562.591.244 8.576\"\/>\n                            <path fill=\"none\" stroke=\"#9C7C57\" stroke-miterlimit=\"10\" d=\"M40.881.591L20.562 8.576.243.591\"\/>\n                        <\/svg><\/div>\n                                <h1 class=\"eltdf-st-title\" >\n                    PRESTATIONS DE SERVICE                <\/h1>\n                                    <div class=\"decor\"><svg xmlns=\"http:\/\/www.w3.org\/2000\/svg\" width=\"41.125\" height=\"9.146\">\n                            <path fill=\"none\" stroke=\"#9C7C57\" stroke-miterlimit=\"10\" d=\"M40.881 8.576L20.562.591.244 8.576\"\/>\n                            <path fill=\"none\" stroke=\"#9C7C57\" stroke-miterlimit=\"10\" d=\"M40.881.591L20.562 8.576.243.591\"\/>\n                        <\/svg><\/div>\n                            <\/div>\n\t\t\t\t\t\t\t<p class=\"eltdf-st-text\" style=\"font-size: 22px\">\n\t\t\t\tEnigma Catering propose une large gamme de services adapt\u00e9s \u00e0 chaque type de besoin<br \/>\nAvec de simples clics, vous pouvez choisir tout ce dont vous avez besoin.\t\t\t<\/p>\n\t\t\t\t\t<\/div>\n<\/div>\t\t<\/div>\n\t<\/div>\n<\/div><\/div><div class=\"eltdf-elements-holder   eltdf-two-columns  eltdf-responsive-mode-768 eltdf-one-column-alignment-center fifty-fifty\" ><div class=\"eltdf-eh-item   eltdf-horizontal-alignment-right eltdf-element-from-bottom\"  data-item-class=\"eltdf-eh-custom-6136\" data-animation=\"eltdf-element-from-bottom\" data-animation-delay=\"500\">\n\t<div class=\"eltdf-eh-item-inner\">\n\t\t<div class=\"eltdf-eh-item-content eltdf-eh-custom-6136\" style=\"padding: 40px\">\n\t\t\t<a itemprop=\"url\" href=\"https:\/\/enigma-catering.com\/fr\/services\/\" target=\"_self\"  class=\"eltdf-btn eltdf-btn-large eltdf-btn-outline\"  >\n        <span class=\"eltdf-btn-text\">Services<\/span>\n        <\/a>\t\t<\/div>\n\t<\/div>\n<\/div><div class=\"eltdf-eh-item    eltdf-element-from-bottom\"  data-item-class=\"eltdf-eh-custom-6642\" data-animation=\"eltdf-element-from-bottom\" data-animation-delay=\"1000\">\n\t<div class=\"eltdf-eh-item-inner\">\n\t\t<div class=\"eltdf-eh-item-content eltdf-eh-custom-6642\" style=\"padding: 40px\">\n\t\t\t<a itemprop=\"url\" href=\"https:\/\/enigma-catering.com\/fr\/shop\/\" target=\"_self\"  class=\"eltdf-btn eltdf-btn-large eltdf-btn-outline\"  >\n        <span class=\"eltdf-btn-text\">Shop<\/span>\n        <\/a>\t\t<\/div>\n\t<\/div>\n<\/div><\/div>[\/vc_column][\/vc_row][vc_row][vc_column][vc_empty_space height=\u00a0\u00bb160px\u00a0\u00bb][\/vc_column][\/vc_row]<\/p>\n","protected":false},"excerpt":{"rendered":"<p>[vc_row row_content_width=\u00a0\u00bbgrid\u00a0\u00bb content_text_aligment=\u00a0\u00bbcenter\u00a0\u00bb][vc_column][\/vc_column][\/vc_row][vc_row][vc_column][vc_empty_space height=\u00a0\u00bb60px\u00a0\u00bb][\/vc_column][\/vc_row][vc_row content_placement=\u00a0\u00bbmiddle\u00a0\u00bb row_content_width=\u00a0\u00bbgrid\u00a0\u00bb content_text_aligment=\u00a0\u00bbcenter\u00a0\u00bb pattern_svg_path=\u00a0\u00bb\u00a0\u00bb][vc_column][vc_empty_space height=\u00a0\u00bb52px\u00a0\u00bb][\/vc_column][\/vc_row][vc_row][vc_column][vc_empty_space height=\u00a0\u00bb160px\u00a0\u00bb][\/vc_column][\/vc_row][vc_row equal_height=\u00a0\u00bbyes\u00a0\u00bb row_content_width=\u00a0\u00bbgrid\u00a0\u00bb pattern_svg_path=\u00a0\u00bb\u00a0\u00bb][vc_column css_animation=\u00a0\u00bbbottom-to-top\u00a0\u00bb][\/vc_column][\/vc_row][vc_row][vc_column][vc_empty_space height=\u00a0\u00bb160px\u00a0\u00bb][\/vc_column][\/vc_row][vc_row row_content_width=\u00a0\u00bbgrid\u00a0\u00bb pattern_svg_path=\u00a0\u00bb\u00a0\u00bb][vc_column css_animation=\u00a0\u00bbnone\u00a0\u00bb][\/vc_column][\/vc_row][vc_row][vc_column][vc_empty_space height=\u00a0\u00bb160px\u00a0\u00bb][\/vc_column][\/vc_row]<\/p>\n","protected":false},"author":1,"featured_media":0,"parent":0,"menu_order":0,"comment_status":"closed","ping_status":"closed","template":"full-width.php","meta":{"spay_email":""},"yoast_head":"<!-- This site is optimized with the Yoast SEO plugin v14.9 - https:\/\/yoast.com\/wordpress\/plugins\/seo\/ -->\n<title>Home - Enigma Catering<\/title>\n<meta name=\"description\" content=\"Enigma Catering propose une large gamme de services adapt\u00e9s \u00e0 chaque type de besoinAvec de simples clics, vous pouvez choisir tout ce dont vous avez besoin.\" \/>\n<meta name=\"robots\" content=\"index, follow, max-snippet:-1, max-image-preview:large, max-video-preview:-1\" \/>\n<link rel=\"canonical\" href=\"https:\/\/enigma-catering.com\/\" \/>\n<meta property=\"og:locale\" content=\"fr_FR\" \/>\n<meta property=\"og:type\" content=\"article\" \/>\n<meta property=\"og:title\" content=\"Home - Enigma Catering\" \/>\n<meta property=\"og:description\" content=\"Enigma Catering propose une large gamme de services adapt\u00e9s \u00e0 chaque type de besoinAvec de simples clics, vous pouvez choisir tout ce dont vous avez besoin.\" \/>\n<meta property=\"og:url\" content=\"https:\/\/enigma-catering.com\/\" \/>\n<meta property=\"og:site_name\" content=\"Enigma Catering\" \/>\n<meta property=\"article:modified_time\" content=\"2020-09-07T22:40:56+00:00\" \/>\n<meta name=\"twitter:card\" content=\"summary_large_image\" \/>\n<script type=\"application\/ld+json\" class=\"yoast-schema-graph\">{\"@context\":\"https:\/\/schema.org\",\"@graph\":[{\"@type\":\"Organization\",\"@id\":\"https:\/\/enigma-catering.com\/fr\/#organization\",\"name\":\"Enigma Catering\",\"url\":\"https:\/\/enigma-catering.com\/fr\/\",\"sameAs\":[],\"logo\":{\"@type\":\"ImageObject\",\"@id\":\"https:\/\/enigma-catering.com\/fr\/#logo\",\"inLanguage\":\"fr-FR\",\"url\":\"https:\/\/enigma-catering.com\/wp-content\/uploads\/2020\/09\/logo.png\",\"width\":442,\"height\":311,\"caption\":\"Enigma Catering\"},\"image\":{\"@id\":\"https:\/\/enigma-catering.com\/fr\/#logo\"}},{\"@type\":\"WebSite\",\"@id\":\"https:\/\/enigma-catering.com\/fr\/#website\",\"url\":\"https:\/\/enigma-catering.com\/fr\/\",\"name\":\"Enigma Catering\",\"description\":\"Daniele Verardi Catering Service\",\"publisher\":{\"@id\":\"https:\/\/enigma-catering.com\/fr\/#organization\"},\"potentialAction\":[{\"@type\":\"SearchAction\",\"target\":\"https:\/\/enigma-catering.com\/fr\/?s={search_term_string}\",\"query-input\":\"required name=search_term_string\"}],\"inLanguage\":\"fr-FR\"},{\"@type\":\"WebPage\",\"@id\":\"https:\/\/enigma-catering.com\/#webpage\",\"url\":\"https:\/\/enigma-catering.com\/\",\"name\":\"Home - Enigma Catering\",\"isPartOf\":{\"@id\":\"https:\/\/enigma-catering.com\/fr\/#website\"},\"datePublished\":\"2019-10-18T14:18:45+00:00\",\"dateModified\":\"2020-09-07T22:40:56+00:00\",\"description\":\"Enigma Catering propose une large gamme de services adapt\\u00e9s \\u00e0 chaque type de besoinAvec de simples clics, vous pouvez choisir tout ce dont vous avez besoin.\",\"inLanguage\":\"fr-FR\",\"potentialAction\":[{\"@type\":\"ReadAction\",\"target\":[\"https:\/\/enigma-catering.com\/\"]}]}]}<\/script>\n<!-- \/ Yoast SEO plugin. -->","_links":{"self":[{"href":"https:\/\/enigma-catering.com\/fr\/wp-json\/wp\/v2\/pages\/2421"}],"collection":[{"href":"https:\/\/enigma-catering.com\/fr\/wp-json\/wp\/v2\/pages"}],"about":[{"href":"https:\/\/enigma-catering.com\/fr\/wp-json\/wp\/v2\/types\/page"}],"author":[{"embeddable":true,"href":"https:\/\/enigma-catering.com\/fr\/wp-json\/wp\/v2\/users\/1"}],"replies":[{"embeddable":true,"href":"https:\/\/enigma-catering.com\/fr\/wp-json\/wp\/v2\/comments?post=2421"}],"version-history":[{"count":39,"href":"https:\/\/enigma-catering.com\/fr\/wp-json\/wp\/v2\/pages\/2421\/revisions"}],"predecessor-version":[{"id":2951,"href":"https:\/\/enigma-catering.com\/fr\/wp-json\/wp\/v2\/pages\/2421\/revisions\/2951"}],"wp:attachment":[{"href":"https:\/\/enigma-catering.com\/fr\/wp-json\/wp\/v2\/media?parent=2421"}],"curies":[{"name":"wp","href":"https:\/\/api.w.org\/{rel}","templated":true}]}}