{"id":2724,"date":"2020-08-05T00:23:40","date_gmt":"2020-08-05T00:23:40","guid":{"rendered":"https:\/\/enigma-catering.ch\/?post_type=product&#038;p=2724"},"modified":"2020-08-19T22:41:33","modified_gmt":"2020-08-19T22:41:33","slug":"private-events","status":"publish","type":"product","link":"https:\/\/enigma-catering.com\/de\/product\/private-events\/","title":{"rendered":"PRIVATE VERANSTALTUNGEN"},"content":{"rendered":"<p>[vc_row][vc_column]<div class=\"eltdf-section-title-holder    eltdf-st-decor-animation\" style=\"text-align: center\">\n\t<div class=\"eltdf-st-inner\">\n        \t\t            <div class=\"eltdf-st-title-holder\">\n                                    <div class=\"decor\"><svg xmlns=\"http:\/\/www.w3.org\/2000\/svg\" width=\"41.125\" height=\"9.146\">\n                            <path fill=\"none\" stroke=\"#9C7C57\" stroke-miterlimit=\"10\" d=\"M40.881 8.576L20.562.591.244 8.576\"\/>\n                            <path fill=\"none\" stroke=\"#9C7C57\" stroke-miterlimit=\"10\" d=\"M40.881.591L20.562 8.576.243.591\"\/>\n                        <\/svg><\/div>\n                                <h3 class=\"eltdf-st-title\" >\n                    CHEF ZU HAUSE                <\/h3>\n                                    <div class=\"decor\"><svg xmlns=\"http:\/\/www.w3.org\/2000\/svg\" width=\"41.125\" height=\"9.146\">\n                            <path fill=\"none\" stroke=\"#9C7C57\" stroke-miterlimit=\"10\" d=\"M40.881 8.576L20.562.591.244 8.576\"\/>\n                            <path fill=\"none\" stroke=\"#9C7C57\" stroke-miterlimit=\"10\" d=\"M40.881.591L20.562 8.576.243.591\"\/>\n                        <\/svg><\/div>\n                            <\/div>\n\t\t\t\t\t\t\t<\/div>\n<\/div>[\/vc_column][\/vc_row][vc_row][vc_column]<div class=\"eltdf-elements-holder   eltdf-three-columns  eltdf-responsive-mode-1024 eltdf-one-column-alignment-center \" ><div class=\"eltdf-eh-item  eltdf-vertical-alignment-top eltdf-horizontal-alignment-center eltdf-element-from-bottom\"  data-item-class=\"eltdf-eh-custom-2869\" data-animation=\"eltdf-element-from-bottom\">\n\t<div class=\"eltdf-eh-item-inner\">\n\t\t<div class=\"eltdf-eh-item-content eltdf-eh-custom-2869\" style=\"padding: 20px\">\n\t\t\t[vc_column_text]<\/p>\n<h3>SCHRITT 1<\/h3>\n<p>[\/vc_column_text]<div class=\"eltdf-single-image-holder     eltdf-image-appear-none\">\n    <div class=\"eltdf-si-inner\" >\n                                                        <img src=\"https:\/\/enigma-catering.com\/wp-content\/uploads\/2020\/08\/image7-400x340.jpg\" alt=\"\" width=\"400\" height=\"340\" \/>                                                <\/div>\n<\/div>[vc_column_text]Nach einem ersten Telefonkontakt entscheiden wir gemeinsam \u00fcber die Art des Men\u00fcs und besprechen die verschiedenen Details Ihres exklusiven Abends.[\/vc_column_text]\t\t<\/div>\n\t<\/div>\n<\/div><div class=\"eltdf-eh-item  eltdf-vertical-alignment-top eltdf-horizontal-alignment-center eltdf-element-from-bottom\"  data-item-class=\"eltdf-eh-custom-8614\" data-animation=\"eltdf-element-from-bottom\" data-animation-delay=\"500\">\n\t<div class=\"eltdf-eh-item-inner\">\n\t\t<div class=\"eltdf-eh-item-content eltdf-eh-custom-8614\" style=\"padding: 20px\">\n\t\t\t[vc_column_text]<\/p>\n<h3>SCHRITT 2<\/h3>\n<p>[\/vc_column_text]<div class=\"eltdf-single-image-holder     eltdf-image-appear-none\">\n    <div class=\"eltdf-si-inner\" >\n                                                        <img src=\"https:\/\/enigma-catering.com\/wp-content\/uploads\/2020\/08\/2232-400x340.jpg\" alt=\"\" width=\"400\" height=\"340\" \/>                                                <\/div>\n<\/div>[vc_column_text]Sobald Sie sich entschieden haben, werde ich eine Besichtigung an jenem Ort durchf\u00fchren, an dem Sie Ihre Veranstaltung durchf\u00fchren m\u00f6chten, und die letzten Details arrangieren.[\/vc_column_text]\t\t<\/div>\n\t<\/div>\n<\/div><div class=\"eltdf-eh-item  eltdf-vertical-alignment-top eltdf-horizontal-alignment-center eltdf-element-from-bottom\"  data-item-class=\"eltdf-eh-custom-6170\" data-animation=\"eltdf-element-from-bottom\" data-animation-delay=\"1000\">\n\t<div class=\"eltdf-eh-item-inner\">\n\t\t<div class=\"eltdf-eh-item-content eltdf-eh-custom-6170\" style=\"padding: 20px\">\n\t\t\t[vc_column_text]<\/p>\n<h3>SCHRITT 3<\/h3>\n<p>[\/vc_column_text]<div class=\"eltdf-single-image-holder     eltdf-image-appear-none\">\n    <div class=\"eltdf-si-inner\" >\n                                                        <img src=\"https:\/\/enigma-catering.com\/wp-content\/uploads\/2020\/08\/image-4-400x340.jpg\" alt=\"\" width=\"400\" height=\"340\" \/>                                                <\/div>\n<\/div>[vc_column_text]Ihr lang erwarteter Tag ist da ..<\/p>\n<p>Machen Sie es sich bequem, denn ich werde mich um den Rest k\u00fcmmern ..[\/vc_column_text]\t\t<\/div>\n\t<\/div>\n<\/div><\/div>[\/vc_column][\/vc_row]<\/p>\n","protected":false},"excerpt":{"rendered":"<p>Sie k\u00f6nnen eine Erfahrung der gehobenen K\u00fcche direkt bei Ihnen zu Hause erleben!<\/p>\n<p>Wir organisieren das Men\u00fc, das Sie bevorzugen, und Sie werden es in allen Annehmlichkeiten Ihres Zuhauses mit den Menschen genie\u00dfen, die Sie m\u00f6gen.<\/p>\n<p>Decken den Tisch&#8230; ich werde an den Rest denken!<\/p>\n","protected":false},"featured_media":2725,"template":"","meta":{"spay_email":""},"yoast_head":"<!-- This site is optimized with the Yoast SEO plugin v14.9 - https:\/\/yoast.com\/wordpress\/plugins\/seo\/ -->\n<title>PRIVATE VERANSTALTUNGEN - Enigma Catering<\/title>\n<meta name=\"robots\" content=\"index, follow, max-snippet:-1, max-image-preview:large, max-video-preview:-1\" \/>\n<link rel=\"canonical\" href=\"https:\/\/enigma-catering.com\/product\/private-events\/\" \/>\n<meta property=\"og:locale\" content=\"de_DE\" \/>\n<meta property=\"og:type\" content=\"article\" \/>\n<meta property=\"og:title\" content=\"PRIVATE VERANSTALTUNGEN - Enigma Catering\" \/>\n<meta property=\"og:url\" content=\"https:\/\/enigma-catering.com\/product\/private-events\/\" \/>\n<meta property=\"og:site_name\" content=\"Enigma Catering\" \/>\n<meta property=\"article:modified_time\" content=\"2020-08-19T22:41:33+00:00\" \/>\n<meta property=\"og:image\" content=\"https:\/\/enigma-catering.com\/wp-content\/uploads\/2020\/08\/9934.jpg\" \/>\n\t<meta property=\"og:image:width\" content=\"1920\" \/>\n\t<meta property=\"og:image:height\" content=\"1281\" \/>\n<meta name=\"twitter:card\" content=\"summary_large_image\" \/>\n<script type=\"application\/ld+json\" class=\"yoast-schema-graph\">{\"@context\":\"https:\/\/schema.org\",\"@graph\":[{\"@type\":\"Organization\",\"@id\":\"https:\/\/enigma-catering.com\/de\/#organization\",\"name\":\"Enigma Catering\",\"url\":\"https:\/\/enigma-catering.com\/de\/\",\"sameAs\":[],\"logo\":{\"@type\":\"ImageObject\",\"@id\":\"https:\/\/enigma-catering.com\/de\/#logo\",\"inLanguage\":\"de-DE\",\"url\":\"https:\/\/enigma-catering.com\/wp-content\/uploads\/2020\/09\/logo.png\",\"width\":442,\"height\":311,\"caption\":\"Enigma Catering\"},\"image\":{\"@id\":\"https:\/\/enigma-catering.com\/de\/#logo\"}},{\"@type\":\"WebSite\",\"@id\":\"https:\/\/enigma-catering.com\/de\/#website\",\"url\":\"https:\/\/enigma-catering.com\/de\/\",\"name\":\"Enigma Catering\",\"description\":\"Daniele Verardi Catering Service\",\"publisher\":{\"@id\":\"https:\/\/enigma-catering.com\/de\/#organization\"},\"potentialAction\":[{\"@type\":\"SearchAction\",\"target\":\"https:\/\/enigma-catering.com\/de\/?s={search_term_string}\",\"query-input\":\"required name=search_term_string\"}],\"inLanguage\":\"de-DE\"},{\"@type\":\"ImageObject\",\"@id\":\"https:\/\/enigma-catering.com\/product\/private-events\/#primaryimage\",\"inLanguage\":\"de-DE\",\"url\":\"https:\/\/enigma-catering.com\/wp-content\/uploads\/2020\/08\/9934.jpg\",\"width\":1920,\"height\":1281,\"caption\":\"Group of friends eating together\"},{\"@type\":\"WebPage\",\"@id\":\"https:\/\/enigma-catering.com\/product\/private-events\/#webpage\",\"url\":\"https:\/\/enigma-catering.com\/product\/private-events\/\",\"name\":\"PRIVATE VERANSTALTUNGEN - Enigma Catering\",\"isPartOf\":{\"@id\":\"https:\/\/enigma-catering.com\/de\/#website\"},\"primaryImageOfPage\":{\"@id\":\"https:\/\/enigma-catering.com\/product\/private-events\/#primaryimage\"},\"datePublished\":\"2020-08-05T00:23:40+00:00\",\"dateModified\":\"2020-08-19T22:41:33+00:00\",\"inLanguage\":\"de-DE\",\"potentialAction\":[{\"@type\":\"ReadAction\",\"target\":[\"https:\/\/enigma-catering.com\/product\/private-events\/\"]}]}]}<\/script>\n<!-- \/ Yoast SEO plugin. -->","_links":{"self":[{"href":"https:\/\/enigma-catering.com\/de\/wp-json\/wp\/v2\/product\/2724"}],"collection":[{"href":"https:\/\/enigma-catering.com\/de\/wp-json\/wp\/v2\/product"}],"about":[{"href":"https:\/\/enigma-catering.com\/de\/wp-json\/wp\/v2\/types\/product"}],"wp:featuredmedia":[{"embeddable":true,"href":"https:\/\/enigma-catering.com\/de\/wp-json\/wp\/v2\/media\/2725"}],"wp:attachment":[{"href":"https:\/\/enigma-catering.com\/de\/wp-json\/wp\/v2\/media?parent=2724"}],"curies":[{"name":"wp","href":"https:\/\/api.w.org\/{rel}","templated":true}]}}