{"id":2711,"date":"2020-08-04T23:28:33","date_gmt":"2020-08-04T23:28:33","guid":{"rendered":"https:\/\/enigma-catering.ch\/?post_type=product&#038;p=2711"},"modified":"2021-06-27T15:04:25","modified_gmt":"2021-06-27T15:04:25","slug":"corporate-events","status":"publish","type":"product","link":"https:\/\/enigma-catering.com\/de\/product\/corporate-events\/","title":{"rendered":"Corporate events"},"content":{"rendered":"<p>[vc_row][vc_column][vc_column_text]W\u00e4hlen Sie das Event-Modell, das Sie ben\u00f6tigen. Ich werde jede Art von Anfrage umsetzen, die auf Ihre Bed\u00fcrfnisse zugeschnitten ist und Sie, Ihre G\u00e4ste und Ihr Unternehmen zu einem einzigartigen Erlebnis macht.[\/vc_column_text][\/vc_column][\/vc_row][vc_row][vc_column]<div class=\"eltdf-elements-holder   eltdf-three-columns  eltdf-responsive-mode-1024 eltdf-one-column-alignment-center \" ><div class=\"eltdf-eh-item  eltdf-vertical-alignment-top eltdf-horizontal-alignment-center eltdf-element-from-bottom\"  data-item-class=\"eltdf-eh-custom-6052\" data-animation=\"eltdf-element-from-bottom\">\n\t<div class=\"eltdf-eh-item-inner\">\n\t\t<div class=\"eltdf-eh-item-content eltdf-eh-custom-6052\" style=\"padding: 20px\">\n\t\t\t[vc_column_text]<\/p>\n<h3 id=\"cc-m-header-7889825354\">KAFFEEPAUSE<\/h3>\n<p>[\/vc_column_text]<div class=\"eltdf-single-image-holder     eltdf-image-appear-none\">\n    <div class=\"eltdf-si-inner\" >\n                                                        <img src=\"https:\/\/enigma-catering.com\/wp-content\/uploads\/2020\/08\/OGMMA50-400x340.jpg\" alt=\"\" width=\"400\" height=\"340\" \/>                                                <\/div>\n<\/div>[vc_column_text]Planen Sie nach einer wichtigen Arbeitssitzung eine kleine Morgenpause.[\/vc_column_text]\t\t<\/div>\n\t<\/div>\n<\/div><div class=\"eltdf-eh-item  eltdf-vertical-alignment-top eltdf-horizontal-alignment-center eltdf-element-from-bottom\"  data-item-class=\"eltdf-eh-custom-6381\" data-animation=\"eltdf-element-from-bottom\" data-animation-delay=\"500\">\n\t<div class=\"eltdf-eh-item-inner\">\n\t\t<div class=\"eltdf-eh-item-content eltdf-eh-custom-6381\" style=\"padding: 20px\">\n\t\t\t[vc_column_text]<\/p>\n<h3 id=\"cc-m-header-7889824954\">BRUNCH<\/h3>\n<p>[\/vc_column_text]<div class=\"eltdf-single-image-holder     eltdf-image-appear-none\">\n    <div class=\"eltdf-si-inner\" >\n                                                        <img src=\"https:\/\/enigma-catering.com\/wp-content\/uploads\/2020\/08\/brunch-choice-crowd-dining-food-options-eating-P3UZ5BN-400x340.jpg\" alt=\"\" width=\"400\" height=\"340\" \/>                                                <\/div>\n<\/div>[vc_column_text]Brauchen Sie ein hahrhaftes Fr\u00fchstuck mit Ihren Kunden?<\/p>\n<p>Ein Brunch ist die perfekte L\u00f6sung daf\u00fcr.[\/vc_column_text]\t\t<\/div>\n\t<\/div>\n<\/div><div class=\"eltdf-eh-item  eltdf-vertical-alignment-top eltdf-horizontal-alignment-center eltdf-element-from-bottom\"  data-item-class=\"eltdf-eh-custom-4506\" data-animation=\"eltdf-element-from-bottom\" data-animation-delay=\"1000\">\n\t<div class=\"eltdf-eh-item-inner\">\n\t\t<div class=\"eltdf-eh-item-content eltdf-eh-custom-4506\" style=\"padding: 20px\">\n\t\t\t[vc_column_text]<\/p>\n<h3 id=\"cc-m-header-7889825754\">MITTAGESSEN<\/h3>\n<p>[\/vc_column_text]<div class=\"eltdf-single-image-holder     eltdf-image-appear-none\">\n    <div class=\"eltdf-si-inner\" >\n                                                        <img src=\"https:\/\/enigma-catering.com\/wp-content\/uploads\/2020\/08\/business-meeting-eating-cheers-happiness-concept-PRWV4HK-1-400x340.jpg\" alt=\"\" width=\"400\" height=\"340\" \/>                                                <\/div>\n<\/div>[vc_column_text]Die Aufmerksamkeit f\u00fcr die Details von \u00c4sthetik und Geschmack begleitet Ihre G\u00e4ste auf einer einzigartigen sensationellen, geschmacklichen und visuellen Reise.[\/vc_column_text]\t\t<\/div>\n\t<\/div>\n<\/div><\/div>[\/vc_column][\/vc_row][vc_row][vc_column]<div class=\"eltdf-elements-holder   eltdf-three-columns  eltdf-responsive-mode-1024 eltdf-one-column-alignment-center \" ><div class=\"eltdf-eh-item  eltdf-vertical-alignment-top eltdf-horizontal-alignment-center eltdf-element-from-bottom\"  data-item-class=\"eltdf-eh-custom-2953\" data-animation=\"eltdf-element-from-bottom\">\n\t<div class=\"eltdf-eh-item-inner\">\n\t\t<div class=\"eltdf-eh-item-content eltdf-eh-custom-2953\" style=\"padding: 20px\">\n\t\t\t[vc_column_text]<\/p>\n<h3 id=\"cc-m-header-7889849554\">MEETING<\/h3>\n<p>[\/vc_column_text]<div class=\"eltdf-single-image-holder     eltdf-image-appear-none\">\n    <div class=\"eltdf-si-inner\" >\n                                                        <img src=\"https:\/\/enigma-catering.com\/wp-content\/uploads\/2020\/08\/people-toasting-at-a-meal-PANWLZ4-400x340.jpg\" alt=\"\" width=\"400\" height=\"340\" \/>                                                <\/div>\n<\/div>[vc_column_text]Wir stehen Ihnen jederzeit zur Verf\u00fcgung.[\/vc_column_text]\t\t<\/div>\n\t<\/div>\n<\/div><div class=\"eltdf-eh-item  eltdf-vertical-alignment-top eltdf-horizontal-alignment-center eltdf-element-from-bottom\"  data-item-class=\"eltdf-eh-custom-5917\" data-animation=\"eltdf-element-from-bottom\" data-animation-delay=\"500\">\n\t<div class=\"eltdf-eh-item-inner\">\n\t\t<div class=\"eltdf-eh-item-content eltdf-eh-custom-5917\" style=\"padding: 20px\">\n\t\t\t[vc_column_text]<\/p>\n<h3 id=\"cc-m-header-7889849654\">FEIERLICHKEITEN<\/h3>\n<p>[\/vc_column_text]<div class=\"eltdf-single-image-holder     eltdf-image-appear-none\">\n    <div class=\"eltdf-si-inner\" >\n                                                        <img src=\"https:\/\/enigma-catering.com\/wp-content\/uploads\/2020\/08\/1832-400x340.jpg\" alt=\"\" width=\"400\" height=\"340\" \/>                                                <\/div>\n<\/div>[vc_column_text]Feiern Sie mit uns das wichtigste Ereignis Ihres Unternehmens. Wir k\u00fcmmern uns bis ins kleinste Detail um Ihre G\u00e4ste.[\/vc_column_text]\t\t<\/div>\n\t<\/div>\n<\/div><div class=\"eltdf-eh-item  eltdf-vertical-alignment-top eltdf-horizontal-alignment-center eltdf-element-from-bottom\"  data-item-class=\"eltdf-eh-custom-9313\" data-animation=\"eltdf-element-from-bottom\" data-animation-delay=\"1000\">\n\t<div class=\"eltdf-eh-item-inner\">\n\t\t<div class=\"eltdf-eh-item-content eltdf-eh-custom-9313\" style=\"padding: 20px\">\n\t\t\t[vc_column_text]<\/p>\n<h3 id=\"cc-m-header-7889825754\">ABENDESSEN<\/h3>\n<p>[\/vc_column_text]<div class=\"eltdf-single-image-holder     eltdf-image-appear-none\">\n    <div class=\"eltdf-si-inner\" >\n                                                        <img src=\"https:\/\/enigma-catering.com\/wp-content\/uploads\/2020\/08\/13722-400x340.jpg\" alt=\"\" width=\"400\" height=\"340\" \/>                                                <\/div>\n<\/div>[vc_column_text]Abendtermine mit wichtigen Kunden?<\/p>\n<p>Wir machen alles speziell und passend f\u00fcr Ihre Bed\u00fcrfnisse.[\/vc_column_text]\t\t<\/div>\n\t<\/div>\n<\/div><\/div>[\/vc_column][\/vc_row]<\/p>\n","protected":false},"excerpt":{"rendered":"<p>Enigma Catering bietet eine breite Palette von Dienstleistungen, die f\u00fcr jede Art von Veranstaltung in Ihrem Unternehmen geeignet sind.<\/p>\n","protected":false},"featured_media":2673,"template":"","meta":{"spay_email":""},"yoast_head":"<!-- This site is optimized with the Yoast SEO plugin v14.9 - https:\/\/yoast.com\/wordpress\/plugins\/seo\/ -->\n<title>- Enigma Catering<\/title>\n<meta name=\"robots\" content=\"index, follow, max-snippet:-1, max-image-preview:large, max-video-preview:-1\" \/>\n<link rel=\"canonical\" href=\"https:\/\/enigma-catering.com\/product\/corporate-events\/\" \/>\n<meta property=\"og:locale\" content=\"de_DE\" \/>\n<meta property=\"og:type\" content=\"article\" \/>\n<meta property=\"og:title\" content=\"- Enigma Catering\" \/>\n<meta property=\"og:url\" content=\"https:\/\/enigma-catering.com\/product\/corporate-events\/\" \/>\n<meta property=\"og:site_name\" content=\"Enigma Catering\" \/>\n<meta property=\"article:modified_time\" content=\"2021-06-27T15:04:25+00:00\" \/>\n<meta property=\"og:image\" content=\"https:\/\/enigma-catering.com\/wp-content\/uploads\/2020\/08\/image-2.jpg\" \/>\n\t<meta property=\"og:image:width\" content=\"1000\" \/>\n\t<meta property=\"og:image:height\" content=\"667\" \/>\n<meta name=\"twitter:card\" content=\"summary_large_image\" \/>\n<script type=\"application\/ld+json\" class=\"yoast-schema-graph\">{\"@context\":\"https:\/\/schema.org\",\"@graph\":[{\"@type\":\"Organization\",\"@id\":\"https:\/\/enigma-catering.com\/de\/#organization\",\"name\":\"Enigma Catering\",\"url\":\"https:\/\/enigma-catering.com\/de\/\",\"sameAs\":[],\"logo\":{\"@type\":\"ImageObject\",\"@id\":\"https:\/\/enigma-catering.com\/de\/#logo\",\"inLanguage\":\"de-DE\",\"url\":\"https:\/\/enigma-catering.com\/wp-content\/uploads\/2020\/09\/logo.png\",\"width\":442,\"height\":311,\"caption\":\"Enigma Catering\"},\"image\":{\"@id\":\"https:\/\/enigma-catering.com\/de\/#logo\"}},{\"@type\":\"WebSite\",\"@id\":\"https:\/\/enigma-catering.com\/de\/#website\",\"url\":\"https:\/\/enigma-catering.com\/de\/\",\"name\":\"Enigma Catering\",\"description\":\"Daniele Verardi Catering Service\",\"publisher\":{\"@id\":\"https:\/\/enigma-catering.com\/de\/#organization\"},\"potentialAction\":[{\"@type\":\"SearchAction\",\"target\":\"https:\/\/enigma-catering.com\/de\/?s={search_term_string}\",\"query-input\":\"required name=search_term_string\"}],\"inLanguage\":\"de-DE\"},{\"@type\":\"ImageObject\",\"@id\":\"https:\/\/enigma-catering.com\/product\/corporate-events\/#primaryimage\",\"inLanguage\":\"de-DE\",\"url\":\"https:\/\/enigma-catering.com\/wp-content\/uploads\/2020\/08\/image-2.jpg\",\"width\":1000,\"height\":667},{\"@type\":\"WebPage\",\"@id\":\"https:\/\/enigma-catering.com\/product\/corporate-events\/#webpage\",\"url\":\"https:\/\/enigma-catering.com\/product\/corporate-events\/\",\"name\":\" - Enigma Catering\",\"isPartOf\":{\"@id\":\"https:\/\/enigma-catering.com\/de\/#website\"},\"primaryImageOfPage\":{\"@id\":\"https:\/\/enigma-catering.com\/product\/corporate-events\/#primaryimage\"},\"datePublished\":\"2020-08-04T23:28:33+00:00\",\"dateModified\":\"2021-06-27T15:04:25+00:00\",\"inLanguage\":\"de-DE\",\"potentialAction\":[{\"@type\":\"ReadAction\",\"target\":[\"https:\/\/enigma-catering.com\/product\/corporate-events\/\"]}]}]}<\/script>\n<!-- \/ Yoast SEO plugin. -->","_links":{"self":[{"href":"https:\/\/enigma-catering.com\/de\/wp-json\/wp\/v2\/product\/2711"}],"collection":[{"href":"https:\/\/enigma-catering.com\/de\/wp-json\/wp\/v2\/product"}],"about":[{"href":"https:\/\/enigma-catering.com\/de\/wp-json\/wp\/v2\/types\/product"}],"wp:featuredmedia":[{"embeddable":true,"href":"https:\/\/enigma-catering.com\/de\/wp-json\/wp\/v2\/media\/2673"}],"wp:attachment":[{"href":"https:\/\/enigma-catering.com\/de\/wp-json\/wp\/v2\/media?parent=2711"}],"curies":[{"name":"wp","href":"https:\/\/api.w.org\/{rel}","templated":true}]}}