{"id":3,"date":"2020-07-22T22:13:39","date_gmt":"2020-07-22T22:13:39","guid":{"rendered":"https:\/\/enigma-catering.ch\/?page_id=3"},"modified":"2026-03-09T12:50:01","modified_gmt":"2026-03-09T12:50:01","slug":"privacy-policy","status":"publish","type":"page","link":"https:\/\/enigma-catering.com\/de\/privacy-policy\/","title":{"rendered":"Datenschutzerkl\u00e4rung"},"content":{"rendered":"<p>[vc_row][vc_column][vc_empty_space height=&#8220;90px&#8220;][\/vc_column][\/vc_row][vc_row row_content_width=&#8220;grid&#8220; pattern_svg_path=&#8220;&#8220;][vc_column][vc_column_text]Gem\u00e4\u00df dem Gesetz &#8222;Informatique et Libert\u00e9s&#8220; vom 6. Januar 1978 in der jeweils g\u00fcltigen Fassung und der ab dem 25. Mai 2018 geltenden Europ\u00e4ischen Verordnung n02016 \/ 679 \/ EU vom 27. April 2016 haben Sie ein Recht auf Zugang, Berichtigung, Portabilit\u00e4t und L\u00f6schung Ihrer personenbezogenen Daten oder Einschr\u00e4nkung der Verarbeitung. Sie k\u00f6nnen auch aus legitimen Gr\u00fcnden der Verarbeitung der Sie betreffenden Daten widersprechen.<\/p>\n<p>Dies sind alle Informationen, die sich auf eine identifizierte oder identifizierbare nat\u00fcrliche Person beziehen.<\/p>\n<p>Eine identifizierbare nat\u00fcrliche Person ist eine nat\u00fcrliche Person, die direkt oder indirekt identifiziert wird, insbesondere durch Bezugnahme auf einen Identifikator wie einen Namen, eine Identifikationsnummer, Ortsdaten, einen Online-Identifikator oder ein oder mehrere spezifische Elemente ihrer physischen, physiologischen, genetischen, psychischen, wirtschaftlichen, kulturellen oder sozialen Identit\u00e4t.<\/p>\n<p>Diese Datenschutzbestimmungen k\u00f6nnen sich \u00e4ndern. Eine Einschr\u00e4nkung Ihrer Rechte aus dieser Datenschutzerkl\u00e4rung kann ohne Ihre ausdr\u00fcckliche Zustimmung nicht vorgenommen werden.<\/p>\n<p>F\u00fcr weitere Informationen oder Beschwerden k\u00f6nnen Sie sich an die Nationale Kommission f\u00fcr Informatik und Freiheiten wenden (weitere Informationen unter www.cniLfr).[\/vc_column_text][vc_empty_space][vc_column_text]<\/p>\n<h5>GESAMMELTE PERSONENBEZOGENE DATEN<\/h5>\n<p>Die personenbezogenen Daten, die auf der Website erfasst werden k\u00f6nnen, sind die folgenden:<\/p>\n<p>Kontoer\u00f6ffnung: Ihr Name, Vorname, Geburtsdatum, Postanschrift, E-Mail-Adresse, Telefonnummer sowie Ihre Zugangsdaten werden bei der Erstellung Ihres Kontos registriert.<\/p>\n<p>Verbindung zur Website: Bei dieser Gelegenheit werden Ihre Daten \u00fcber Verbindung, Navigation oder Lokalisierung besonders aufgezeichnet.<\/p>\n<p>Zahlungen auf der Website: Im Falle einer Finanztransaktion auf der Website werden Ihre Bankverbindung oder Ihre Kreditkartendaten gespeichert.<\/p>\n<p>Online-Diskussionen: Wenn Sie mit anderen Nutzern auf der Website kommunizieren, werden die Daten \u00fcber diese B\u00f6rsen aufgezeichnet.<\/p>\n<p>Informationen von Dritten: Einige Ihrer Daten (insbesondere Ihr Nachname, Vorname und Telefonnummer und\/oder Postanschrift) k\u00f6nnen mit Ihrer vorherigen Zustimmung von unseren Partnern an uns \u00fcbermittelt worden sein. In diesem Fall richtet sich die Verarbeitung Ihrer Daten nach den vorliegenden Bestimmungen.<\/p>\n<p>Kontakt: Beim Ausf\u00fcllen des Kontaktformulars werden Ihr Name, Ihre E-Mail-Adresse und Ihre Nachricht erfasst.<\/p>\n<p>Cookies: Im Rahmen der Nutzung der Website werden Cookies verwendet, um bestimmte Informationen zu sammeln (insbesondere Ihre IP-Adresse, Informationen \u00fcber den zur Navigation verwendeten Computer, die Verbindungsart, den Typ und die Version des Internetbrowsers, das Betriebssystem).[\/vc_column_text][vc_empty_space][vc_column_text]<\/p>\n<h5>WARUM ERFASSEN WIR IHRE PERSONENBEZOGENEN DATEN?<\/h5>\n<p>Wir verwenden Ihre personenbezogenen Daten, um Ihre Kontaktanfragen zu beantworten, unsere Produkte oder Dienstleistungen auf Ihre Bed\u00fcrfnisse zuzuschneiden, Ihre Bestellungen zu bearbeiten oder uns f\u00fcr den Zugang zu Online-Diensten zu registrieren usw.<\/p>\n<p>Ihre personenbezogenen Daten werden in unserem Unternehmen verarbeitet, und es ist uns untersagt, diese Daten an Dritte weiterzugeben, ohne dass Sie dies vorher mitgeteilt haben.[\/vc_column_text][vc_empty_space][vc_column_text]<\/p>\n<h5>DATENVERARBEITUNG<\/h5>\n<p>Dies bezieht sich auf alle Transaktionen oder eine Reihe von Transaktionen, die unter Verwendung automatisierter Prozesse durchgef\u00fchrt werden k\u00f6nnen oder nicht und auf Daten oder pers\u00f6nliche Datens\u00e4tze angewendet werden.<\/p>\n<p>Die Verwendung Ihrer personenbezogenen Daten erfolgt im Wesentlichen wie folgt:<\/p>\n<ul>\n<li>Zugang und Nutzung der Website.<\/li>\n<li>Verifizierung und Authentifizierung Ihrer Daten.<\/li>\n<li>Optimierung des Layouts und des Betriebs der Anlage.<\/li>\n<li>Bek\u00e4mpfung von Betrug, Missbrauch, Viren und anderer Malware.<\/li>\n<li>Beziehungsmanagement mit Ihnen.<\/li>\n<li>Einrichtung und Verwaltung eines Kommunikationsraums zwischen den Nutzern der Website.<\/li>\n<li>Bereitstellung von Benutzersupport.<\/li>\n<li>Management von Zahlungsdiensten.<\/li>\n<li>Bereitstellung ma\u00dfgeschneiderter Inhalte und Dienste basierend auf Ihrem Browserverlauf, Ihren Pr\u00e4ferenzen und Interessen.<\/li>\n<li>Versenden von kommerziellen Informationen und Werbebotschaften basierend auf Ihrem Browserverlauf, Ihren Pr\u00e4ferenzen und Interessen.<\/li>\n<\/ul>\n<p>Wenn bestimmte Informationen f\u00fcr den Zugriff auf bestimmte Funktionen der Website erforderlich sind, wird dieses obligatorische Zeichen zum Zeitpunkt der Dateneingabe angegeben. Wenn Sie sich weigern, obligatorische Informationen anzugeben, haben Sie m\u00f6glicherweise keinen Zugriff auf bestimmte Dienste, Funktionen oder Abschnitte der Website.[\/vc_column_text][vc_empty_space][vc_column_text]<\/p>\n<h5>TRANSFER &#8211; LINKS ZU ANDEREN WEBSITES UND SOZIALEN NETZWERKEN<\/h5>\n<p>Unsere Website enth\u00e4lt Links zu anderen Websites und kann Dateien f\u00fcr verschiedene Zwecke miteinander verbinden. Wir sind nicht verantwortlich f\u00fcr den Inhalt dieser anderen Websites oder deren Datenschutzrichtlinien. Es liegt in Ihrer Verantwortung, die Datenschutzpraktiken zu \u00fcberpr\u00fcfen.[\/vc_column_text][vc_empty_space][vc_column_text]<\/p>\n<h5>DARSTELLUNG UNSERER IMPLANTATE AUF GOOGLE MAPS<\/h5>\n<p>Sie k\u00f6nnen davon profitieren, indem Sie auf unserer Seite der Ver\u00f6ffentlichung auf der Karte unserer oder unserer geografischen Niederlassungen navigieren. F\u00fcr diesen Service verwenden wir die Google Maps, die von der Google Inc., 1600 Amphitheater Pkwy, Mountain View, CA 94043, USA, bereitgestellt werden. Einzelheiten zur Datenschutzerkl\u00e4rung und zur Verarbeitung personenbezogener Daten bei der Nutzung von Google Maps finden Sie unter folgendem Link: <a href=\"https:\/\/policies.google.com\/privacy?hl=en&#038;gl=fr\">https:\/\/policies.google.com\/privacy?hl=en&#038;gl=fr<\/a>[\/vc_column_text][vc_empty_space][vc_column_text]<\/p>\n<h5>DATENSPEICHERUNG UND -SICHERHEIT<\/h5>\n<p>In \u00dcbereinstimmung mit den geltenden Rechts- und Verwaltungsvorschriften, insbesondere der Europ\u00e4ischen Verordnung n02016 \/ 679 \/ EU vom 27. April 2016 (RGPD), m\u00fcssen die personenbezogenen Daten sein:<\/p>\n<ul>\n<li>Angemessen, relevant und auf das f\u00fcr die Zwecke, f\u00fcr die sie verarbeitet werden, erforderliche Ma\u00df beschr\u00e4nkt.<\/li>\n<li>Personenbezogene Daten k\u00f6nnen f\u00fcr einen l\u00e4ngeren Zeitraum gespeichert werden, soweit sie ausschlie\u00dflich zu Archivierungszwecken im \u00f6ffentlichen Interesse, f\u00fcr wissenschaftliche oder historische Forschungszwecke oder f\u00fcr statistische Zwecke verarbeitet werden.<\/li>\n<\/ul>\n<p>W\u00e4hrend der Aufbewahrungsfrist richtet die Website organisatorische, softwaretechnische, rechtliche, technische und physische Mittel ein, die die Vertraulichkeit und Sicherheit Ihrer personenbezogenen Daten gew\u00e4hrleisten, um deren Besch\u00e4digung, L\u00f6schung oder Zugriff durch unbefugte Dritte zu verhindern.<\/p>\n<p>Wenn sich bestimmte Empf\u00e4nger von personenbezogenen Daten au\u00dferhalb der Europ\u00e4ischen Union befinden, verpflichtet sich die Gesellschaft, die \u00dcbermittlung gem\u00e4\u00df den Anforderungen der Europ\u00e4ischen Verordnung n02016 \/ 679 \/ EU vom 27. April 2016 zu \u00fcberwachen, um ein ausreichendes Schutzniveau f\u00fcr personenbezogene Daten zu gew\u00e4hrleisten.[\/vc_column_text][vc_empty_space][vc_column_text]<\/p>\n<h5>ZUGRIFFS- UND KONTROLLRECHTE AUF IHRE PERSONENBEZOGENEN DATEN<\/h5>\n<p><strong><em>HABEN SIE DIE FOLGENDEN RECHTE:<\/em><\/strong><\/p>\n<ul>\n<li>Aktualisieren oder l\u00f6schen Sie Ihre Daten, indem Sie sich bei Ihrem Konto anmelden und dessen Einstellungen konfigurieren.<\/li>\n<li>\u00dcben Sie Ihr Zugangsrecht aus, um die Sie betreffenden personenbezogenen Daten zu erfahren.<\/li>\n<li>Fordern Sie die Aktualisierung Ihrer Daten an, wenn diese unrichtig sind.<\/li>\n<li>Beantragung der \u00dcbertragbarkeit oder L\u00f6schung Ihrer Daten.<\/li>\n<li>Beantragen Sie die L\u00f6schung Ihres Kontos.<\/li>\n<li>Fordern Sie eine eingeschr\u00e4nkte Verarbeitung Ihrer Daten an.<\/li>\n<\/ul>\n<p>&nbsp;<\/p>\n<p><strong><em>DU KANNST ES AUCH:<\/em><\/strong><\/p>\n<ul>\n<li>Widersetzen Sie aus legitimen Gr\u00fcnden der Verarbeitung Ihrer Daten.<\/li>\n<li>Um der Verwendung Ihrer Kontaktdaten f\u00fcr den Versand unserer Werbeaktionen und Anfragen per E-Mail, SMS, Telefon und Post durch unsere Dienste zu widersprechen oder Ihre Zustimmung zu widerrufen.<\/li>\n<li>Jederzeit aus Gr\u00fcnden, die mit Ihrer besonderen Situation zusammenh\u00e4ngen, einer Verarbeitung personenbezogener Daten zu widersprechen, die ausschlie\u00dflich auf einer automatisierten Verarbeitung, einschlie\u00dflich der Erstellung von Profilen, beruht und rechtliche Auswirkungen auf Sie hat.<\/li>\n<\/ul>\n<p>Diese verschiedenen Rechte sind auszu\u00fcben, entweder durch \u00c4nderung der Parameter Ihres Kontos, direkt auf der Website <a href=\"https:\/\/enigma-catering.com\">https:\/\/enigma-catering.com<\/a> oder per E-Mail an die folgende Adresse: <a href=\"mailto:enigmagastro.catering@gmail.com\">enigmagastro.catering@gmail.com<\/a>.<\/p>\n<p>Aus Sicherheitsgr\u00fcnden und um betr\u00fcgerische Anfragen zu vermeiden, muss dieser Antrag unterzeichnet und mit einem Identit\u00e4tsnachweis versehen werden. Der Nachweis wird nach Bearbeitung der Anfrage vernichtet.[\/vc_column_text][\/vc_column][\/vc_row][vc_row][vc_column][vc_empty_space height=&#8220;160px&#8220;][\/vc_column][\/vc_row]<\/p>\n","protected":false},"excerpt":{"rendered":"<p>[vc_row][vc_column][vc_empty_space height=&#8220;90px&#8220;][\/vc_column][\/vc_row][vc_row row_content_width=&#8220;grid&#8220; pattern_svg_path=&#8220;&#8220;][vc_column][vc_column_text]Gem\u00e4\u00df dem Gesetz &#8222;Informatique et Libert\u00e9s&#8220; vom 6. Januar 1978 in der jeweils g\u00fcltigen Fassung und der ab dem 25. Mai 2018 geltenden Europ\u00e4ischen Verordnung n02016 \/ 679 \/ EU vom 27. April 2016 haben Sie ein Recht auf Zugang, Berichtigung, Portabilit\u00e4t und L\u00f6schung Ihrer personenbezogenen Daten oder Einschr\u00e4nkung der Verarbeitung. Sie k\u00f6nnen auch aus legitimen Gr\u00fcnden [&hellip;]<\/p>\n","protected":false},"author":1,"featured_media":0,"parent":0,"menu_order":0,"comment_status":"closed","ping_status":"open","template":"","meta":{"spay_email":""},"yoast_head":"<!-- This site is optimized with the Yoast SEO plugin v14.9 - https:\/\/yoast.com\/wordpress\/plugins\/seo\/ -->\n<title>Datenschutzerkl\u00e4rung - Enigma Catering<\/title>\n<meta name=\"robots\" content=\"index, follow, max-snippet:-1, max-image-preview:large, max-video-preview:-1\" \/>\n<link rel=\"canonical\" href=\"https:\/\/enigma-catering.com\/privacy-policy\/\" \/>\n<meta property=\"og:locale\" content=\"de_DE\" \/>\n<meta property=\"og:type\" content=\"article\" \/>\n<meta property=\"og:title\" content=\"Datenschutzerkl\u00e4rung - Enigma Catering\" \/>\n<meta property=\"og:url\" content=\"https:\/\/enigma-catering.com\/privacy-policy\/\" \/>\n<meta property=\"og:site_name\" content=\"Enigma Catering\" \/>\n<meta property=\"article:modified_time\" content=\"2026-03-09T12:50:01+00:00\" \/>\n<meta name=\"twitter:card\" content=\"summary_large_image\" \/>\n<script type=\"application\/ld+json\" class=\"yoast-schema-graph\">{\"@context\":\"https:\/\/schema.org\",\"@graph\":[{\"@type\":\"Organization\",\"@id\":\"https:\/\/enigma-catering.com\/de\/#organization\",\"name\":\"Enigma Catering\",\"url\":\"https:\/\/enigma-catering.com\/de\/\",\"sameAs\":[],\"logo\":{\"@type\":\"ImageObject\",\"@id\":\"https:\/\/enigma-catering.com\/de\/#logo\",\"inLanguage\":\"de-DE\",\"url\":\"https:\/\/enigma-catering.com\/wp-content\/uploads\/2020\/09\/logo.png\",\"width\":442,\"height\":311,\"caption\":\"Enigma Catering\"},\"image\":{\"@id\":\"https:\/\/enigma-catering.com\/de\/#logo\"}},{\"@type\":\"WebSite\",\"@id\":\"https:\/\/enigma-catering.com\/de\/#website\",\"url\":\"https:\/\/enigma-catering.com\/de\/\",\"name\":\"Enigma Catering\",\"description\":\"Daniele Verardi Catering Service\",\"publisher\":{\"@id\":\"https:\/\/enigma-catering.com\/de\/#organization\"},\"potentialAction\":[{\"@type\":\"SearchAction\",\"target\":\"https:\/\/enigma-catering.com\/de\/?s={search_term_string}\",\"query-input\":\"required name=search_term_string\"}],\"inLanguage\":\"de-DE\"},{\"@type\":\"WebPage\",\"@id\":\"https:\/\/enigma-catering.com\/privacy-policy\/#webpage\",\"url\":\"https:\/\/enigma-catering.com\/privacy-policy\/\",\"name\":\"Datenschutzerkl\\u00e4rung - Enigma Catering\",\"isPartOf\":{\"@id\":\"https:\/\/enigma-catering.com\/de\/#website\"},\"datePublished\":\"2020-07-22T22:13:39+00:00\",\"dateModified\":\"2026-03-09T12:50:01+00:00\",\"inLanguage\":\"de-DE\",\"potentialAction\":[{\"@type\":\"ReadAction\",\"target\":[\"https:\/\/enigma-catering.com\/privacy-policy\/\"]}]}]}<\/script>\n<!-- \/ Yoast SEO plugin. -->","_links":{"self":[{"href":"https:\/\/enigma-catering.com\/de\/wp-json\/wp\/v2\/pages\/3"}],"collection":[{"href":"https:\/\/enigma-catering.com\/de\/wp-json\/wp\/v2\/pages"}],"about":[{"href":"https:\/\/enigma-catering.com\/de\/wp-json\/wp\/v2\/types\/page"}],"author":[{"embeddable":true,"href":"https:\/\/enigma-catering.com\/de\/wp-json\/wp\/v2\/users\/1"}],"replies":[{"embeddable":true,"href":"https:\/\/enigma-catering.com\/de\/wp-json\/wp\/v2\/comments?post=3"}],"version-history":[{"count":13,"href":"https:\/\/enigma-catering.com\/de\/wp-json\/wp\/v2\/pages\/3\/revisions"}],"predecessor-version":[{"id":3002,"href":"https:\/\/enigma-catering.com\/de\/wp-json\/wp\/v2\/pages\/3\/revisions\/3002"}],"wp:attachment":[{"href":"https:\/\/enigma-catering.com\/de\/wp-json\/wp\/v2\/media?parent=3"}],"curies":[{"name":"wp","href":"https:\/\/api.w.org\/{rel}","templated":true}]}}